{"id":121137,"date":"2021-12-21T00:00:00","date_gmt":"2021-12-21T05:00:00","guid":{"rendered":"https:\/\/gpl-love.com\/es\/producto\/ninja-beaver-addon-para-beaver-builder\/"},"modified":"2026-03-09T07:55:39","modified_gmt":"2026-03-09T12:55:39","slug":"ninja-beaver-addon-para-beaver-builder","status":"publish","type":"product","link":"https:\/\/gpl-love.com\/es\/producto\/ninja-beaver-addon-para-beaver-builder\/","title":{"rendered":"Ninja Beaver Pro 3.6"},"content":{"rendered":"<h3>Ninja Beaver Pro Caracteristicas<\/h3>\n<p>El Ninja Beaver Pro, una herramienta notable atendida a dise\u00f1adores y desarrolladores web, demuestra ser un activo invaluable en el \u00e1mbito de crear sitios web visualmente cautivadores y receptivos con la mayor eficiencia. Con una extensa variedad de opciones personalizables, junto con una interfaz intuitiva, este complemento de WordPress sirve como una potencia formidable en la industria. Con su inclusi\u00f3n de plantillas preconstruidas, dise\u00f1os de vanguardia y efectos fascinantes de animaci\u00f3n, el Ninja Beaver Pro ofrece una flexibilidad y creatividad incomparables. Adem\u00e1s, este complemento innovador optimiza a\u00fan m\u00e1s el proceso de creaci\u00f3n del sitio web a trav\u00e9s de su creador de p\u00e1ginas de arrastrar y soltar, lo que finalmente permite a los usuarios dise\u00f1ar dise\u00f1os intrincados sin esfuerzo mientras ahorra un tiempo valioso. Independientemente del nivel de experiencia, ya sea un desarrollador de noviciados o experimentado, esta herramienta indispensable garantiza la construcci\u00f3n perfecta de sitios web impresionantes. Por lo tanto, es una adici\u00f3n imperativa para las personas que buscan elevar su destreza de dise\u00f1o web a alturas sin precedentes.<\/p>\n<ul>\n<li>El Ninja Beaver Pro es una herramienta de software poderosa e intuitiva dise\u00f1ada para desarrolladores y dise\u00f1adores de sitios web<\/li>\n<li>Permite a los usuarios crear y personalizar f\u00e1cilmente una gama de elementos de dise\u00f1o, incluidos dise\u00f1os, encabezados, pies de p\u00e1gina y m\u00e1s<\/li>\n<li>Con una interfaz de arrastrar y soltar f\u00e1cilmente por el usuario, la creaci\u00f3n y edici\u00f3n de p\u00e1ginas web es r\u00e1pida y eficiente<\/li>\n<li>El software ofrece una gama de plantillas y bloques de dise\u00f1o preconstruidos para comenzar, lo que significa que puede crear sitios web impresionantes en poco tiempo.<\/li>\n<li>Ninja Beaver Pro se integra a la perfecci\u00f3n con WordPress, por lo que es una excelente opci\u00f3n para aquellos que usan esta plataforma popular<\/li>\n<li>Los usuarios tambi\u00e9n pueden aprovechar otras caracter\u00edsticas, como estilos globales, fuentes personalizadas y elementos de dise\u00f1o receptivos para crear sitios web que se vean bien en cualquier dispositivo.<\/li>\n<li>El software se actualiza regularmente con nuevas plantillas y bloques de dise\u00f1o, por lo que siempre puede mantenerse actualizado con las \u00faltimas tendencias y t\u00e9cnicas de dise\u00f1o.<\/li>\n<li>Con sus potentes herramientas de dise\u00f1o e interfaz f\u00e1cil de usar, Ninja Beaver Pro es una excelente opci\u00f3n para cualquier persona que busque crear sitios web de aspecto profesional con facilidad.<\/li>\n<\/ul>\n","protected":false},"excerpt":{"rendered":"<p>El Ninja Beaver Pro, un dispositivo de entrada de vanguardia meticulosamente elaborado para amplificar y optimizar tanto su productividad como su flujo de trabajo, cuenta con una variedad de botones multifuncionales que se pueden adaptar a su gusto, as\u00ed como a un sensor exquisitamente preciso que le permite a Atraviese el terreno de su computadora con una rapidez y precisi\u00f3n incomparables. Independientemente de si se identifica como dise\u00f1ador gr\u00e1fico, editor de video o jugador \u00e1vido, el Ninja Beaver Pro otorga gentilmente una experiencia de entrada impecablemente perfecta y receptiva que no tiene paralelo en su excelencia. Por lo tanto, si se encuentra en busca de un dispositivo de entrada confiable y supremamente eficiente que promete vigorizar y acelerar sus esfuerzos relacionados con la computadora, no busque m\u00e1s que el extraordinario Ninja Beaver Pro, el ep\u00edtome de la mayor distinci\u00f3n y superioridad.<\/p>\n","protected":false},"featured_media":166991,"comment_status":"open","ping_status":"open","template":"","meta":[],"product_brand":[2508],"product_cat":[1214,1206,1211],"product_tag":[2298],"class_list":{"0":"post-121137","1":"product","2":"type-product","3":"status-publish","4":"has-post-thumbnail","6":"product_brand-ninja-beaver-addon","7":"product_cat-personalizacion","8":"product_cat-plugins","9":"product_cat-wordpress-plugins","10":"product_tag-ninja-beaver-addon","11":"member-discount","12":"discount-restricted","14":"first","15":"instock","16":"sale","17":"downloadable","18":"virtual","19":"sold-individually","20":"purchasable","21":"product-type-simple"},"_links":{"self":[{"href":"https:\/\/gpl-love.com\/es\/wp-json\/wp\/v2\/product\/121137","targetHints":{"allow":["GET"]}}],"collection":[{"href":"https:\/\/gpl-love.com\/es\/wp-json\/wp\/v2\/product"}],"about":[{"href":"https:\/\/gpl-love.com\/es\/wp-json\/wp\/v2\/types\/product"}],"replies":[{"embeddable":true,"href":"https:\/\/gpl-love.com\/es\/wp-json\/wp\/v2\/comments?post=121137"}],"wp:featuredmedia":[{"embeddable":true,"href":"https:\/\/gpl-love.com\/es\/wp-json\/wp\/v2\/media\/166991"}],"wp:attachment":[{"href":"https:\/\/gpl-love.com\/es\/wp-json\/wp\/v2\/media?parent=121137"}],"wp:term":[{"taxonomy":"product_brand","embeddable":true,"href":"https:\/\/gpl-love.com\/es\/wp-json\/wp\/v2\/product_brand?post=121137"},{"taxonomy":"product_cat","embeddable":true,"href":"https:\/\/gpl-love.com\/es\/wp-json\/wp\/v2\/product_cat?post=121137"},{"taxonomy":"product_tag","embeddable":true,"href":"https:\/\/gpl-love.com\/es\/wp-json\/wp\/v2\/product_tag?post=121137"}],"curies":[{"name":"wp","href":"https:\/\/api.w.org\/{rel}","templated":true}]}}