{"id":121135,"date":"2025-10-23T00:00:00","date_gmt":"2025-10-23T05:00:00","guid":{"rendered":"https:\/\/gpl-love.com\/es\/producto\/newspaper-wordpress-theme\/"},"modified":"2026-03-13T17:26:12","modified_gmt":"2026-03-13T22:26:12","slug":"newspaper-wordpress-theme","status":"publish","type":"product","link":"https:\/\/gpl-love.com\/es\/producto\/newspaper-wordpress-theme\/","title":{"rendered":"Newspaper WordPress Theme 12.7.3"},"content":{"rendered":"<h3>Newspaper WordPress Theme Caracteristicas<\/h3>\n<p>El tema del peri\u00f3dico WordPress se presenta como una plantilla innovadora y f\u00e1cil de usar que ha sido dise\u00f1ada espec\u00edficamente para sitios web dedicados a publicar noticias y art\u00edculos. Con un dise\u00f1o elegante e intuitivo, este tema efectivamente permite a los usuarios navegar sin problemas a trav\u00e9s de una mir\u00edada de categor\u00edas, las \u00faltimas actualizaciones de noticias y art\u00edculos populares. Adem\u00e1s, ofrece una variedad de opciones de personalizaci\u00f3n, lo que permite a los propietarios de sitios web infundir su propia identidad y estilo de marca en su sitio. Demostrando su compromiso con la optimizaci\u00f3n de la velocidad y el motor de b\u00fasqueda (SEO), este tema receptivo garantiza que los tiempos de carga de su sitio web est\u00e9n optimizados y que se ubicen favorablemente en los motores de b\u00fasqueda populares. Adem\u00e1s de eso, est\u00e1 equipado con espacios de anuncios incorporados y opciones de monetizaci\u00f3n, lo que lo convierte en la opci\u00f3n ideal para sitios web que buscan generar ingresos a trav\u00e9s de anuncios. En resumen, el tema del peri\u00f3dico WordPress sirve como una herramienta invaluable que le permite establecer y mantener un sitio web de noticias profesional y cautivador, manteniendo a sus lectores constantemente informados y actualizados.<\/p>\n<ul>\n<li>Dise\u00f1ado espec\u00edficamente para peri\u00f3dicos y sitios web de noticias digitales<\/li>\n<li>Totalmente receptivo y amigable para m\u00f3viles<\/li>\n<li>Dise\u00f1o profesional y moderno<\/li>\n<li>Opciones de esquema de color m\u00faltiple<\/li>\n<li>P\u00e1gina de inicio personalizable con m\u00faltiples opciones de dise\u00f1o<\/li>\n<li>Secci\u00f3n de noticias destacada sobre la p\u00e1gina de inicio<\/li>\n<li>Ticker de noticias de \u00faltima hora<\/li>\n<li>Opciones de colocaci\u00f3n publicitaria incorporadas<\/li>\n<li>Integraci\u00f3n de redes sociales<\/li>\n<li>F\u00e1cil de usar y personalizar sin codificaci\u00f3n requerida<\/li>\n<li>Compatible con complementos populares de WordPress<\/li>\n<\/ul>\n","protected":false},"excerpt":{"rendered":"<p>El tema del peri\u00f3dico de entrada WordPress, una opci\u00f3n de vanguardia y elegante para las personas que buscan establecer una presencia en l\u00ednea en forma de un sitio web de peri\u00f3dico o revista, ofrece una multitud de caracter\u00edsticas. A trav\u00e9s de su portada adaptable, uno tiene la capacidad de mostrar sus noticias m\u00e1s importantes y art\u00edculos notables de una manera que cautiva la atenci\u00f3n de los espectadores al tiempo que proporciona una experiencia f\u00e1cil de usar. Adem\u00e1s, este tema est\u00e1 equipado con un dise\u00f1o receptivo, que garantiza que su contenido parezca espl\u00e9ndidamente independientemente del dispositivo desde el que se accede. Adem\u00e1s, el tema ofrece una variedad de widgets y c\u00f3digos cortos f\u00e1ciles de usar, lo que permite la integraci\u00f3n sin esfuerzo de componentes personalizados en su sitio web sin la necesidad de poseer ninguna experiencia de codificaci\u00f3n. No dude en embarcarse en este emocionante viaje hoy, ya que le permite construir una plataforma de noticias en l\u00ednea que exude tanto la sofisticaci\u00f3n como la profesionalidad, gracias al maravilloso tema de WordPress del peri\u00f3dico de entrada.<\/p>\n","protected":false},"featured_media":166981,"comment_status":"open","ping_status":"open","template":"","meta":[],"product_brand":[2337],"product_cat":[1245,1237,1238],"product_tag":[1391],"class_list":{"0":"post-121135","1":"product","2":"type-product","3":"status-publish","4":"has-post-thumbnail","6":"product_brand-themeforest","7":"product_cat-blog-revista","8":"product_cat-temas","9":"product_cat-wordpress-temas","10":"product_tag-themeforest","11":"member-discount","12":"discount-restricted","14":"first","15":"instock","16":"sale","17":"downloadable","18":"virtual","19":"sold-individually","20":"purchasable","21":"product-type-simple"},"_links":{"self":[{"href":"https:\/\/gpl-love.com\/es\/wp-json\/wp\/v2\/product\/121135","targetHints":{"allow":["GET"]}}],"collection":[{"href":"https:\/\/gpl-love.com\/es\/wp-json\/wp\/v2\/product"}],"about":[{"href":"https:\/\/gpl-love.com\/es\/wp-json\/wp\/v2\/types\/product"}],"replies":[{"embeddable":true,"href":"https:\/\/gpl-love.com\/es\/wp-json\/wp\/v2\/comments?post=121135"}],"wp:featuredmedia":[{"embeddable":true,"href":"https:\/\/gpl-love.com\/es\/wp-json\/wp\/v2\/media\/166981"}],"wp:attachment":[{"href":"https:\/\/gpl-love.com\/es\/wp-json\/wp\/v2\/media?parent=121135"}],"wp:term":[{"taxonomy":"product_brand","embeddable":true,"href":"https:\/\/gpl-love.com\/es\/wp-json\/wp\/v2\/product_brand?post=121135"},{"taxonomy":"product_cat","embeddable":true,"href":"https:\/\/gpl-love.com\/es\/wp-json\/wp\/v2\/product_cat?post=121135"},{"taxonomy":"product_tag","embeddable":true,"href":"https:\/\/gpl-love.com\/es\/wp-json\/wp\/v2\/product_tag?post=121135"}],"curies":[{"name":"wp","href":"https:\/\/api.w.org\/{rel}","templated":true}]}}