{"id":121133,"date":"2022-04-08T00:00:00","date_gmt":"2022-04-08T05:00:00","guid":{"rendered":"https:\/\/gpl-love.com\/es\/producto\/mythemeshop-wp-quiz-pro\/"},"modified":"2026-04-10T11:18:34","modified_gmt":"2026-04-10T16:18:34","slug":"mythemeshop-wp-quiz-pro","status":"publish","type":"product","link":"https:\/\/gpl-love.com\/es\/producto\/mythemeshop-wp-quiz-pro\/","title":{"rendered":"MyThemeShop WP Quiz Pro 2.1.11"},"content":{"rendered":"<h3>MyThemeShop WP Quiz Pro Caracteristicas<\/h3>\n<p>Mythemeshop WP Quiz Pro es un complemento de WordPress excepcionalmente potente meticulosamente elaborado para facilitar la creaci\u00f3n de cuestionarios cautivadores e interactivos en su estimado sitio web. Este notable complemento cuenta con una interfaz navegable sin esfuerzo, que le otorga la capacidad de fabricar una variedad de tipos de cuestionarios, que abarca cuestionarios de personalidad, cuestionarios de trivia y una variedad de otras opciones. Adem\u00e1s, este complemento excepcional est\u00e1 equipado con una amplia variedad de caracter\u00edsticas de personalizaci\u00f3n, lo que le brinda la oportunidad de cuestionarios de moda sin problemas que se alinean armoniosamente con el estilo y el tono distintos de su marca. Adem\u00e1s, posee la autonom\u00eda para gobernar varios entornos de cuestionarios, como la cantidad de preguntas, mecanismos de puntuaci\u00f3n e incluso imposiciones a tiempo. Adem\u00e1s, WP Quiz Pro cuenta con una integraci\u00f3n perfecta con plataformas de marketing de correo electr\u00f3nico estimadas y ampliamente utilizadas, lo que le permite acumular clientes potenciales valiosos y cultivando as\u00ed el crecimiento de su invaluable lista de correo electr\u00f3nico. En conclusi\u00f3n, Mythemeshop WP Quiz Pro es un complemento extremadamente adaptable y centrado en el usuario, exudando la m\u00e1xima eficacia para elevar la participaci\u00f3n del usuario e impulsar el tr\u00e1fico sustancial a su estimado sitio web.<\/p>\n<ul>\n<li>Un poderoso complemento de cuestionario para sitios web de WordPress<\/li>\n<li>Le permite crear pruebas y encuestas atractivas en minutos<\/li>\n<li>Viene con m\u00faltiples tipos de cuestiones, que incluyen trivia, personalidad y tarjetas de flip<\/li>\n<li>Incluye un creador de preguntas de arrastrar y soltar para una f\u00e1cil personalizaci\u00f3n<\/li>\n<li>Admite preguntas y respuestas ilimitadas<\/li>\n<li>Ofrece opciones avanzadas como cuestionarios cronometrados, intercambio social y seguimiento de resultados<\/li>\n<li>Proporciona plantillas personalizables para dise\u00f1ar sus cuestionarios y encuestas<\/li>\n<li>Se integra con servicios populares de marketing por correo electr\u00f3nico como MailChimp y Aweber<\/li>\n<li>Ofrece an\u00e1lisis detallados e informes para rastrear el rendimiento del usuario<\/li>\n<li>Proporciona una excelente atenci\u00f3n al cliente y actualizaciones regulares para garantizar un rendimiento \u00f3ptimo.<\/li>\n<\/ul>\n","protected":false},"excerpt":{"rendered":"<p>Mythemeshop WP Quiz Pro, un complemento de WordPress de alta calidad, est\u00e1 dise\u00f1ado para facilitar la creaci\u00f3n de cuestionarios cautivadores para los visitantes de su sitio web. Su interfaz intuitiva le faculta a las pruebas a medida a medida repletas de diversos tipos de preguntas, im\u00e1genes, videos y mucho m\u00e1s. Adem\u00e1s, este complemento cuenta con una amplia gama de opciones para presentar resultados y an\u00e1lisis de cuestiones, lo que le proporciona los medios para monitorear la participaci\u00f3n del usuario y optimizar su estrategia de contenido. Independientemente de si usted se identifica como blogger, vendedor o propietario de negocios, Mythemeshop WP Quiz Pro demuestra ser un activo invaluable para elevar el tr\u00e1fico de su sitio web y enriquecer la experiencia general del usuario.<\/p>\n","protected":false},"featured_media":166946,"comment_status":"open","ping_status":"open","template":"","meta":[],"product_brand":[2505],"product_cat":[1245,1237,1238],"product_tag":[1334],"class_list":{"0":"post-121133","1":"product","2":"type-product","3":"status-publish","4":"has-post-thumbnail","6":"product_brand-my-theme-shop","7":"product_cat-blog-revista","8":"product_cat-temas","9":"product_cat-wordpress-temas","10":"product_tag-my-theme-shop","11":"member-discount","12":"discount-restricted","14":"first","15":"instock","16":"sale","17":"downloadable","18":"virtual","19":"sold-individually","20":"purchasable","21":"product-type-simple"},"_links":{"self":[{"href":"https:\/\/gpl-love.com\/es\/wp-json\/wp\/v2\/product\/121133","targetHints":{"allow":["GET"]}}],"collection":[{"href":"https:\/\/gpl-love.com\/es\/wp-json\/wp\/v2\/product"}],"about":[{"href":"https:\/\/gpl-love.com\/es\/wp-json\/wp\/v2\/types\/product"}],"replies":[{"embeddable":true,"href":"https:\/\/gpl-love.com\/es\/wp-json\/wp\/v2\/comments?post=121133"}],"wp:featuredmedia":[{"embeddable":true,"href":"https:\/\/gpl-love.com\/es\/wp-json\/wp\/v2\/media\/166946"}],"wp:attachment":[{"href":"https:\/\/gpl-love.com\/es\/wp-json\/wp\/v2\/media?parent=121133"}],"wp:term":[{"taxonomy":"product_brand","embeddable":true,"href":"https:\/\/gpl-love.com\/es\/wp-json\/wp\/v2\/product_brand?post=121133"},{"taxonomy":"product_cat","embeddable":true,"href":"https:\/\/gpl-love.com\/es\/wp-json\/wp\/v2\/product_cat?post=121133"},{"taxonomy":"product_tag","embeddable":true,"href":"https:\/\/gpl-love.com\/es\/wp-json\/wp\/v2\/product_tag?post=121133"}],"curies":[{"name":"wp","href":"https:\/\/api.w.org\/{rel}","templated":true}]}}