{"id":121131,"date":"2022-03-01T00:00:00","date_gmt":"2022-03-01T05:00:00","guid":{"rendered":"https:\/\/gpl-love.com\/es\/producto\/mythemeshop-video-wordpress-theme\/"},"modified":"2026-04-10T11:18:29","modified_gmt":"2026-04-10T16:18:29","slug":"mythemeshop-video-wordpress-theme","status":"publish","type":"product","link":"https:\/\/gpl-love.com\/es\/producto\/mythemeshop-video-wordpress-theme\/","title":{"rendered":"MyThemeShop Video WordPress Theme 2.2.12"},"content":{"rendered":"<h3>MyThemeShop Video WordPress Theme Caracteristicas<\/h3>\n<p>El video Mythemeshop WordPress es un tema incre\u00edblemente personalizable y rico en funciones, con una variedad de funcionalidades que lo convierten en una opci\u00f3n ideal para las personas que buscan establecer un sitio web o blog profesional y visualmente cautivador. Con su dise\u00f1o elegante y contempor\u00e1neo, este tema sirve como una plataforma \u00f3ptima para la exhibici\u00f3n de contenido de video, que ofrece una amplia gama de caracter\u00edsticas avanzadas, que incluyen reproductores de video incorporados, listas de reproducci\u00f3n de video personalizables y soporte para servicios de alojamiento de video bien renombre como como Como YouTube y Vimeo. Adem\u00e1s, el tema est\u00e1 equipado con una capacidad de respuesta completa y atributos amigables con los dispositivos m\u00f3viles, lo que garantiza que su sitio web no solo mantenga una fachada est\u00e9ticamente agradable, sino que tambi\u00e9n se desempe\u00f1a a un nivel excepcional en todos los dispositivos. Independientemente de si se clasifica como blogger, vlogger o creador de contenido, el tema Mythemeshop Video WordPress sirve como una herramienta incre\u00edblemente potente y vers\u00e1til que tiene el potencial de impulsar su sitio web a alturas sin precedentes.<\/p>\n<ul>\n<li>Dise\u00f1o totalmente receptivo que se adapta a todas las resoluciones de pantalla<\/li>\n<li>Video deslizante en la p\u00e1gina de inicio para mostrar sus videos m\u00e1s recientes<\/li>\n<li>Reproductor de video incorporado con soporte para YouTube, Vimeo y videos autohospedados<\/li>\n<li>Publicaciones de video personalizables con opciones para agregar im\u00e1genes de fondo, descripciones y contenido relacionado<\/li>\n<li>Integraci\u00f3n de redes sociales para f\u00e1cil compartir y promoci\u00f3n de sus videos<\/li>\n<li>Configuraci\u00f3n avanzada para videos SEO y optimizaci\u00f3n de metadatos<\/li>\n<li>600+ Fuentes de Google para elegir para la personalizaci\u00f3n de la tipograf\u00eda<\/li>\n<li>Widgets personalizados para mostrar videos populares, comentarios recientes y perfiles de redes sociales<\/li>\n<li>Traducci\u00f3n lista con soporte para complementos de traducci\u00f3n populares<\/li>\n<li>Instalaci\u00f3n de un solo clic y configuraci\u00f3n f\u00e1cil con documentaci\u00f3n detallada y video tutoriales.<\/li>\n<\/ul>\n","protected":false},"excerpt":{"rendered":"<p>El tema de Video WordPress ofrecido por Mythemeshop es innegablemente impresionante y exuda un sentido de profesionalismo que es ideal para sitios web que buscan mostrar videos cautivadores. Su capacidad de respuesta completa garantiza que su sitio web mantenga su atractivo y funcionalidad en todos los tipos de dispositivos. Este tema cuenta con una personalizaci\u00f3n sin esfuerzo, otorga a los usuarios la capacidad de modificar varios aspectos, como colores, fuentes y fondos de acuerdo con sus preferencias. Adem\u00e1s, la inclusi\u00f3n de una caracter\u00edstica que permite la exhibici\u00f3n de los \u00faltimos videos de uno en la p\u00e1gina de inicio, adem\u00e1s de la capacidad de crear listas de reproducci\u00f3n de video ilimitadas, eleva a\u00fan m\u00e1s la experiencia del usuario. En particular, este tema se optimiza cuidadosamente para los motores de b\u00fasqueda, asegurando que sus videos atraer\u00e1n sin esfuerzo la atenci\u00f3n de su audiencia deseada. Prep\u00e1rese para embarcarse en un viaje de elaboraci\u00f3n de un sitio web est\u00e9ticamente llamativo y visualmente cautivador con la ayuda del tema de Video de Mythemeshop.<\/p>\n","protected":false},"featured_media":166940,"comment_status":"open","ping_status":"open","template":"","meta":[],"product_brand":[2505],"product_cat":[1267,1237,1238],"product_tag":[1334],"class_list":{"0":"post-121131","1":"product","2":"type-product","3":"status-publish","4":"has-post-thumbnail","6":"product_brand-my-theme-shop","7":"product_cat-creativo","8":"product_cat-temas","9":"product_cat-wordpress-temas","10":"product_tag-my-theme-shop","11":"member-discount","12":"discount-restricted","14":"first","15":"instock","16":"sale","17":"downloadable","18":"virtual","19":"sold-individually","20":"purchasable","21":"product-type-simple"},"_links":{"self":[{"href":"https:\/\/gpl-love.com\/es\/wp-json\/wp\/v2\/product\/121131","targetHints":{"allow":["GET"]}}],"collection":[{"href":"https:\/\/gpl-love.com\/es\/wp-json\/wp\/v2\/product"}],"about":[{"href":"https:\/\/gpl-love.com\/es\/wp-json\/wp\/v2\/types\/product"}],"replies":[{"embeddable":true,"href":"https:\/\/gpl-love.com\/es\/wp-json\/wp\/v2\/comments?post=121131"}],"wp:featuredmedia":[{"embeddable":true,"href":"https:\/\/gpl-love.com\/es\/wp-json\/wp\/v2\/media\/166940"}],"wp:attachment":[{"href":"https:\/\/gpl-love.com\/es\/wp-json\/wp\/v2\/media?parent=121131"}],"wp:term":[{"taxonomy":"product_brand","embeddable":true,"href":"https:\/\/gpl-love.com\/es\/wp-json\/wp\/v2\/product_brand?post=121131"},{"taxonomy":"product_cat","embeddable":true,"href":"https:\/\/gpl-love.com\/es\/wp-json\/wp\/v2\/product_cat?post=121131"},{"taxonomy":"product_tag","embeddable":true,"href":"https:\/\/gpl-love.com\/es\/wp-json\/wp\/v2\/product_tag?post=121131"}],"curies":[{"name":"wp","href":"https:\/\/api.w.org\/{rel}","templated":true}]}}