{"id":121129,"date":"2026-04-10T00:00:00","date_gmt":"2026-04-10T05:00:00","guid":{"rendered":"https:\/\/gpl-love.com\/es\/producto\/mymedi-responsive-woocommerce-wordpress-theme\/"},"modified":"2026-04-10T11:17:46","modified_gmt":"2026-04-10T16:17:46","slug":"mymedi-responsive-woocommerce-wordpress-theme","status":"publish","type":"product","link":"https:\/\/gpl-love.com\/es\/producto\/mymedi-responsive-woocommerce-wordpress-theme\/","title":{"rendered":"MyMedi Responsive WooCommerce WordPress Theme 1.8.0"},"content":{"rendered":"<h3>MyMedi Responsive WooCommerce WordPress Theme Caracteristicas<\/h3>\n<p>El tema de WordPress de WooCommerce de MyMedi es un tema de comercio electr\u00f3nico exquisito y de alta calidad que ha sido meticulosamente elaborado para satisfacer las necesidades exigentes de las empresas orientadas a la m\u00e9dica. Este tema excepcional cuenta con una capacidad de respuesta completa y una personalizaci\u00f3n incomparable, otorg\u00e1ndole la libertad de dise\u00f1ar un sitio web verdaderamente distintivo que se alinee sin problemas con sus requisitos exactos. MyMedi est\u00e1 amueblado con una impresionante variedad de caracter\u00edsticas de vanguardia, incluido un constructor de p\u00e1ginas inmensamente potente, un mecanismo de filtrado de productos avanzado, una funcionalidad conveniente de vista r\u00e1pida del producto y un mega men\u00fa f\u00e1cilmente personalizable, entre otros. Con su dise\u00f1o elegante y contempor\u00e1neo, Mymedi facilita sin esfuerzo navegaci\u00f3n y una adquisici\u00f3n de productos en l\u00ednea sin problemas para su estimada clientela, fomentando simult\u00e1neamente un aire de profesionalismo e inculcando confianza inquebrantable en su empresa. Ya sea que sea un proveedor m\u00e9dico distinguido, una farmacia de buena reputaci\u00f3n o un estimado proveedor de atenci\u00f3n m\u00e9dica, el ilustre tema de Mymedi es inequ\u00edvocamente la plataforma por excelencia a trav\u00e9s de la cual puede mostrar y mostrar de manera efectiva su amplia gama de productos excepcionales y servicios ejemplares.<\/p>\n<ul>\n<li>Dise\u00f1o totalmente receptivo que se ajusta a cualquier tama\u00f1o de pantalla, haciendo que su tienda sea accesible en escritorio, tableta y dispositivos m\u00f3viles<\/li>\n<li>Construido con WooCommerce, la plataforma de comercio electr\u00f3nico l\u00edder, para una poderosa experiencia de la tienda en l\u00ednea<\/li>\n<li>Opciones de color y fuente personalizables, lo que le permite adaptar la apariencia de su tienda para que coincida con su marca<\/li>\n<li>Instalaci\u00f3n de demostraci\u00f3n de un solo clic para configurar r\u00e1pidamente su tienda con dise\u00f1os y p\u00e1ginas preconstruidas<\/li>\n<li>Optimizado para el SEO para aumentar la visibilidad en la clasificaci\u00f3n de los motores de b\u00fasqueda y atraer a m\u00e1s clientes<\/li>\n<li>Admite idiomas RTL (de derecha a izquierda) para tiendas que atienden a los altavoces no latinos<\/li>\n<li>Incluye una variedad de bloques de contenido prefabricados y widgets para agregar estilo y funcionalidad a su sitio<\/li>\n<li>Actualizaciones regulares y soporte continuo del equipo de MyMedi para garantizar una experiencia de compra suave y segura para sus clientes.<\/li>\n<\/ul>\n","protected":false},"excerpt":{"rendered":"<p>Mymedi, un tema de WordPress de WooCommerce de WooCommerce meticulosamente elaborado y excepcionalmente f\u00e1cil de usar, se ha construido a prop\u00f3sito exclusivamente para tiendas en l\u00ednea m\u00e9dica y de salud. Con un dise\u00f1o notablemente receptivo y una variedad de caracter\u00edsticas navegables sin esfuerzo, este tema lo capacita sin esfuerzo para presentar sin esfuerzo su amplia gama de productos y servicios a su estimada clientela con una efectividad incomparable. Con una variedad impresionante de opciones de dise\u00f1o, m\u00faltiples estilos de encabezado y plantillas meticulosamente personalizables, Mymedi facilita sin problemas la creaci\u00f3n de una experiencia de compra incomparable y verdaderamente distintiva. Adem\u00e1s, con su panel administrativo astutamente intuitivo, sin lugar a dudas ejercer\u00e1 un control incomparable sobre la est\u00e9tica y la funcionalidad de su sitio web. En conclusi\u00f3n, Mymedi emerge indudablemente como la elecci\u00f3n definitiva para todos aquellos que se esfuerzan por establecer una tienda m\u00e9dica en l\u00ednea impecablemente moderna e inequ\u00edvocamente profesional.<\/p>\n","protected":false},"featured_media":166877,"comment_status":"open","ping_status":"open","template":"","meta":[],"product_brand":[2337],"product_cat":[1307,1237,1238],"product_tag":[1391],"class_list":{"0":"post-121129","1":"product","2":"type-product","3":"status-publish","4":"has-post-thumbnail","6":"product_brand-themeforest","7":"product_cat-negocio-wordpress-temas","8":"product_cat-temas","9":"product_cat-wordpress-temas","10":"product_tag-themeforest","11":"member-discount","12":"discount-restricted","14":"first","15":"instock","16":"sale","17":"downloadable","18":"virtual","19":"sold-individually","20":"purchasable","21":"product-type-simple"},"_links":{"self":[{"href":"https:\/\/gpl-love.com\/es\/wp-json\/wp\/v2\/product\/121129","targetHints":{"allow":["GET"]}}],"collection":[{"href":"https:\/\/gpl-love.com\/es\/wp-json\/wp\/v2\/product"}],"about":[{"href":"https:\/\/gpl-love.com\/es\/wp-json\/wp\/v2\/types\/product"}],"replies":[{"embeddable":true,"href":"https:\/\/gpl-love.com\/es\/wp-json\/wp\/v2\/comments?post=121129"}],"wp:featuredmedia":[{"embeddable":true,"href":"https:\/\/gpl-love.com\/es\/wp-json\/wp\/v2\/media\/166877"}],"wp:attachment":[{"href":"https:\/\/gpl-love.com\/es\/wp-json\/wp\/v2\/media?parent=121129"}],"wp:term":[{"taxonomy":"product_brand","embeddable":true,"href":"https:\/\/gpl-love.com\/es\/wp-json\/wp\/v2\/product_brand?post=121129"},{"taxonomy":"product_cat","embeddable":true,"href":"https:\/\/gpl-love.com\/es\/wp-json\/wp\/v2\/product_cat?post=121129"},{"taxonomy":"product_tag","embeddable":true,"href":"https:\/\/gpl-love.com\/es\/wp-json\/wp\/v2\/product_tag?post=121129"}],"curies":[{"name":"wp","href":"https:\/\/api.w.org\/{rel}","templated":true}]}}