{"id":121127,"date":"2026-03-21T00:00:00","date_gmt":"2026-03-21T05:00:00","guid":{"rendered":"https:\/\/gpl-love.com\/es\/producto\/myhome-real-estate-wordpress\/"},"modified":"2026-04-10T11:17:45","modified_gmt":"2026-04-10T16:17:45","slug":"myhome-real-estate-wordpress","status":"publish","type":"product","link":"https:\/\/gpl-love.com\/es\/producto\/myhome-real-estate-wordpress\/","title":{"rendered":"MyHome Real Estate WordPress 4.2.1"},"content":{"rendered":"<h3>MyHome Real Estate WordPress Caracteristicas<\/h3>\n<p>Myhome Real Estate WordPress es una herramienta incre\u00edblemente robusta y vers\u00e1til que est\u00e1 espec\u00edficamente dise\u00f1ada para el uso de profesionales de bienes ra\u00edces que buscan establecer una fuerte presencia en l\u00ednea a trav\u00e9s de la creaci\u00f3n de sitios web que son altamente funcionales y visualmente atractivos. Esta plataforma excepcional ofrece una amplia gama de caracter\u00edsticas personalizables, lo que permite a los usuarios adaptar sus sitios web para satisfacer sus necesidades \u00fanicas e individuales con una facilidad consumada. Una caracter\u00edstica notable de MyHome Real Estate WordPress es su inclusi\u00f3n de herramientas de b\u00fasqueda avanzadas, que permiten a los visitantes localizar de manera r\u00e1pida y eficiente las propiedades espec\u00edficas que est\u00e1n buscando. Adem\u00e1s, esta notable herramienta tambi\u00e9n proporciona a los usuarios una amplia selecci\u00f3n de plantillas prefabricadas, simplificando as\u00ed el proceso de creaci\u00f3n de sitios web y permitiendo a las personas elaborar p\u00e1ginas sin esfuerzo que exuden una est\u00e9tica pulida y profesional. Con MyHome Real Estate WordPress a su disposici\u00f3n, poseer\u00e1 todos los recursos y componentes necesarios para producir un sitio web de bienes ra\u00edces verdaderamente excepcional que se encuentre de cabeza y hombros por encima de la competencia.<\/p>\n<ul>\n<li>Dise\u00f1os de sitios web de bienes ra\u00edces profesionales e impresionantes<\/li>\n<li>Totalmente receptivo, asegurando que su sitio web se vea muy bien en todos los dispositivos<\/li>\n<li>Sistema de gesti\u00f3n de listados de propiedades f\u00e1ciles de usar<\/li>\n<li>Formularios de captura de plomo incorporados y formularios de contacto para una f\u00e1cil comunicaci\u00f3n del cliente<\/li>\n<li>Estructura amigable para SEO para ayudarlo a clasificar m\u00e1s alto en los motores de b\u00fasqueda<\/li>\n<li>Integraci\u00f3n con portales inmobiliarios populares como Zillow y Trulia<\/li>\n<li>Integraci\u00f3n de las redes sociales para ayudarlo a promocionar sus listados en plataformas como Facebook y Twitter<\/li>\n<li>Widgets y barras laterales personalizables para mayor flexibilidad<\/li>\n<li>Potente funcionalidad de b\u00fasqueda para ayudar a sus clientes a encontrar r\u00e1pidamente las propiedades que est\u00e1n buscando<\/li>\n<li>Notificaciones autom\u00e1ticas por correo electr\u00f3nico para mantener informados a sus clientes sobre nuevas propiedades que coincidan con sus criterios de b\u00fasqueda<\/li>\n<li>No se puede realizar una codificaci\u00f3n necesaria para la personalizaci\u00f3n a trav\u00e9s de la interfaz intuitiva de WordPress.<\/li>\n<\/ul>\n","protected":false},"excerpt":{"rendered":"<p>MyHome Real Estate WordPress es una plataforma muy notable y notable que ha sido meticulosamente elaborada y dise\u00f1ada con el \u00fanico prop\u00f3sito de ayudar y facilitar a los agentes inmobiliarios y los propietarios en la creaci\u00f3n de sitios web visualmente cautivadores y altamente funcionales que muestran de manera efectiva y eficiente sus valiosos y valiosos y de manera eficiente. propiedades estimadas. Utilizando MyHome, los usuarios reciben un nivel incomparable de flexibilidad y versatilidad, lo que les permite adaptar sin esfuerzo y sin esfuerzo sus sitios web para atender mejor y satisfacer sus necesidades y preferencias individuales y \u00fanicas, ya sea que eso implique la inclusi\u00f3n e incorporaci\u00f3n de listados de propiedades, La organizaci\u00f3n y disposici\u00f3n sistem\u00e1tica de sus carteras de propiedad, o el establecimiento y desarrollo de galer\u00edas de fotos cautivadoras y absorbentes. La plataforma en s\u00ed misma se enorgullece y se presenta en exhibir una interfaz notable y extraordinariamente f\u00e1cil de usar e intuitiva, que se complementa y se acompa\u00f1a de una amplia y extensa variedad de opciones de personalizaci\u00f3n, facilitando y permitiendo a los usuarios curar y curar sus sitios web en un manera y moda que se alinea impecablemente y corresponde con sus visiones y objetivos \u00fanicos e individualistas. Adem\u00e1s, Myhome tambi\u00e9n coloca y enfatiza un \u00e9nfasis significativo y sustancial y se centra en los aspectos y componentes primordiales y cr\u00edticos de la seguridad y el rendimiento, asegurando as\u00ed que tanto los usuarios como los visitantes pueden disfrutar y disfrutar de una experiencia ininterrumpida y perfecta. Al aprovechar y aprovechar las capacidades y funcionalidades transformadoras y fenomenales de Myhome, uno puede crear un sitio web que exude y personifica la est\u00e9tica profesional y pulida, atrayendo as\u00ed sin esfuerzo y atraer a un mayor n\u00famero y multitud de clientes potenciales, finalmente culminando y resultando como lo que resulta y resulta que resultan y resulta que resulta que resulta y resulta que resulta que resulta y resulta que resulta en el esfuerzo. en una capacidad aumentada y elevada para cerrar y concluir acuerdos lucrativos y exitosos.<\/p>\n","protected":false},"featured_media":166875,"comment_status":"open","ping_status":"open","template":"","meta":[],"product_brand":[2337],"product_cat":[1381,1237,1238],"product_tag":[1391],"class_list":{"0":"post-121127","1":"product","2":"type-product","3":"status-publish","4":"has-post-thumbnail","6":"product_brand-themeforest","7":"product_cat-bienes-raices","8":"product_cat-temas","9":"product_cat-wordpress-temas","10":"product_tag-themeforest","11":"member-discount","12":"discount-restricted","14":"first","15":"instock","16":"sale","17":"downloadable","18":"virtual","19":"sold-individually","20":"purchasable","21":"product-type-simple"},"_links":{"self":[{"href":"https:\/\/gpl-love.com\/es\/wp-json\/wp\/v2\/product\/121127","targetHints":{"allow":["GET"]}}],"collection":[{"href":"https:\/\/gpl-love.com\/es\/wp-json\/wp\/v2\/product"}],"about":[{"href":"https:\/\/gpl-love.com\/es\/wp-json\/wp\/v2\/types\/product"}],"replies":[{"embeddable":true,"href":"https:\/\/gpl-love.com\/es\/wp-json\/wp\/v2\/comments?post=121127"}],"wp:featuredmedia":[{"embeddable":true,"href":"https:\/\/gpl-love.com\/es\/wp-json\/wp\/v2\/media\/166875"}],"wp:attachment":[{"href":"https:\/\/gpl-love.com\/es\/wp-json\/wp\/v2\/media?parent=121127"}],"wp:term":[{"taxonomy":"product_brand","embeddable":true,"href":"https:\/\/gpl-love.com\/es\/wp-json\/wp\/v2\/product_brand?post=121127"},{"taxonomy":"product_cat","embeddable":true,"href":"https:\/\/gpl-love.com\/es\/wp-json\/wp\/v2\/product_cat?post=121127"},{"taxonomy":"product_tag","embeddable":true,"href":"https:\/\/gpl-love.com\/es\/wp-json\/wp\/v2\/product_tag?post=121127"}],"curies":[{"name":"wp","href":"https:\/\/api.w.org\/{rel}","templated":true}]}}