{"id":121126,"date":"2026-03-27T00:00:00","date_gmt":"2026-03-27T05:00:00","guid":{"rendered":"https:\/\/gpl-love.com\/es\/producto\/mr-tailor-responsive-woocommerce-theme\/"},"modified":"2026-04-10T11:17:18","modified_gmt":"2026-04-10T16:17:18","slug":"mr-tailor-responsive-woocommerce-theme","status":"publish","type":"product","link":"https:\/\/gpl-love.com\/es\/producto\/mr-tailor-responsive-woocommerce-theme\/","title":{"rendered":"Mr. Tailor Responsive WooCommerce Theme 8.2"},"content":{"rendered":"<h3>Mr. Tailor Responsive WooCommerce Theme Caracteristicas<\/h3>\n<p>El Sr. Tasor es un tema excepcional de WooCommerce que ha sido meticulosamente elaborado para los minoristas en l\u00ednea que se especializan en la venta de ropa y accesorios. Este tema altamente receptivo cuenta con una amplia gama de caracter\u00edsticas para garantizar que sus productos se presenten de manera organizada y profesional. Su notable versatilidad es evidente a trav\u00e9s de su p\u00e1gina de inicio personalizable, lo que le permite exhibir sin esfuerzo su mercanc\u00eda de una manera est\u00e9ticamente agradable. Adem\u00e1s, el tema ofrece un panel de administraci\u00f3n intuitivo y robusto, que le brinda la capacidad de ajustar sin esfuerzo el dise\u00f1o, las fuentes, los colores y otros elementos de dise\u00f1o para alinearse impecablemente con la identidad \u00fanica de su marca.<\/p>\n<p>El Sr. Sasta se ha optimizado adecuadamente tanto para los tiempos de carga r\u00e1pida como para la optimizaci\u00f3n de motores de b\u00fasqueda (SEO), lo que lo convierte en una opci\u00f3n impecable para las empresas que anhelan mejorar su presencia en l\u00ednea. No solo proporciona una variedad de plantillas de p\u00e1gina predise\u00f1adas cautivadoras, como \u00abAcerca de nosotros\u00bb, \u00abCont\u00e1ctenos\u00bb y \u00abPreguntas frecuentes\u00bb, sino que tambi\u00e9n garantiza la creaci\u00f3n r\u00e1pida de un sitio web completo con un esfuerzo m\u00ednimo. En virtud del Sr. Sasta, usted posee la capacidad de elaborar una tienda en l\u00ednea que no solo sea visualmente cautivadora sino que tambi\u00e9n sea extremadamente f\u00e1cil de usar, facilitando la atracci\u00f3n y la retenci\u00f3n de clientes con la m\u00e1xima facilidad.<\/p>\n<ul>\n<li>Dise\u00f1o totalmente receptivo que se ve muy bien en todos los dispositivos, desde escritorios hasta tel\u00e9fonos m\u00f3viles<\/li>\n<li>Compatible con WooCommerce, la plataforma de comercio electr\u00f3nico m\u00e1s popular para WordPress<\/li>\n<li>Siete dise\u00f1os de p\u00e1gina de inicio preconstruidos para elegir, lo que facilita comenzar con su tienda en l\u00ednea<\/li>\n<li>Incluye el complemento WPBakery Page Builder, un popular constructor de p\u00e1ginas de arrastrar y soltar que le permite personalizar su sitio con facilidad<\/li>\n<li>Viene con Revolution Slider, lo que le permite crear impresionantes presentaciones de presentaci\u00f3n de diapositivas y exhibiciones de productos<\/li>\n<li>Varias opciones de encabezado y pie de p\u00e1gina para elegir, brind\u00e1ndole control completo sobre el dise\u00f1o y la marca de su sitio<\/li>\n<li>Soporte incorporado para la integraci\u00f3n de las redes sociales, ayud\u00e1ndole a conectarse con sus clientes y aumentar su presencia en l\u00ednea<\/li>\n<li>SEO optimizado para una mejor clasificaci\u00f3n de motores de b\u00fasqueda y mayor visibilidad en l\u00ednea<\/li>\n<li>Atenci\u00f3n al cliente que est\u00e1 disponible para ayudarlo con cualquier problema o pregunta que pueda tener<\/li>\n<li>Actualizaciones peri\u00f3dicas para garantizar que el tema siempre est\u00e9 actualizado y compatible con las \u00faltimas versiones de WordPress y WooCommerce.<\/li>\n<\/ul>\n","protected":false},"excerpt":{"rendered":"<p>El tema de WooCommerce de Mr. Sailor Responsive, un tema innovador y adaptable creado exclusivamente para sitios web de comercio electr\u00f3nico que utiliza la poderosa plataforma de WooCommerce, es un testimonio de la modernidad. Dise\u00f1ado con una interfaz est\u00e9ticamente agradable y f\u00e1cil de usar, este tema le permite exhibir sus productos sin esfuerzo, asegurando ventas sin problemas en todos los dispositivos. Este tema cuenta con una multitud de caracter\u00edsticas notables, que incluyen, entre otros, la funcionalidad de vista r\u00e1pida, capacidades de filtrado de productos excepcionales y una variedad de widgets personalizables, todos destinados a fomentar una experiencia de compra incomparable y cautivadora para su apreciada clientela. Adem\u00e1s, el tema ofrece una flexibilidad incomparable, lo que le permite personalizarla sin esfuerzo de acuerdo con la identidad de su marca y elevar la prominencia de su tienda en l\u00ednea en medio del vasto mercado digital.<\/p>\n","protected":false},"featured_media":166834,"comment_status":"open","ping_status":"open","template":"","meta":[],"product_brand":[2337],"product_cat":[1263,1264,1237],"product_tag":[1391],"class_list":{"0":"post-121126","1":"product","2":"type-product","3":"status-publish","4":"has-post-thumbnail","6":"product_brand-themeforest","7":"product_cat-comercio-electronico-temas","8":"product_cat-negocio","9":"product_cat-temas","10":"product_tag-themeforest","11":"member-discount","12":"discount-restricted","14":"first","15":"instock","16":"sale","17":"downloadable","18":"virtual","19":"sold-individually","20":"purchasable","21":"product-type-simple"},"_links":{"self":[{"href":"https:\/\/gpl-love.com\/es\/wp-json\/wp\/v2\/product\/121126","targetHints":{"allow":["GET"]}}],"collection":[{"href":"https:\/\/gpl-love.com\/es\/wp-json\/wp\/v2\/product"}],"about":[{"href":"https:\/\/gpl-love.com\/es\/wp-json\/wp\/v2\/types\/product"}],"replies":[{"embeddable":true,"href":"https:\/\/gpl-love.com\/es\/wp-json\/wp\/v2\/comments?post=121126"}],"wp:featuredmedia":[{"embeddable":true,"href":"https:\/\/gpl-love.com\/es\/wp-json\/wp\/v2\/media\/166834"}],"wp:attachment":[{"href":"https:\/\/gpl-love.com\/es\/wp-json\/wp\/v2\/media?parent=121126"}],"wp:term":[{"taxonomy":"product_brand","embeddable":true,"href":"https:\/\/gpl-love.com\/es\/wp-json\/wp\/v2\/product_brand?post=121126"},{"taxonomy":"product_cat","embeddable":true,"href":"https:\/\/gpl-love.com\/es\/wp-json\/wp\/v2\/product_cat?post=121126"},{"taxonomy":"product_tag","embeddable":true,"href":"https:\/\/gpl-love.com\/es\/wp-json\/wp\/v2\/product_tag?post=121126"}],"curies":[{"name":"wp","href":"https:\/\/api.w.org\/{rel}","templated":true}]}}