{"id":121124,"date":"2026-03-02T00:00:00","date_gmt":"2026-03-02T05:00:00","guid":{"rendered":"https:\/\/gpl-love.com\/es\/producto\/motors-automotive-car-dealership-car-rental-auto-classified-ads-listing-wordpress-theme\/"},"modified":"2026-04-10T11:17:15","modified_gmt":"2026-04-10T16:17:15","slug":"motors-automotive-car-dealership-car-rental-auto-classified-ads-listing-wordpress-theme","status":"publish","type":"product","link":"https:\/\/gpl-love.com\/es\/producto\/motors-automotive-car-dealership-car-rental-auto-classified-ads-listing-wordpress-theme\/","title":{"rendered":"Motors Automotive Car Dealership Car Rental Auto Classified Ads Listing WordPress Theme 5.6.92"},"content":{"rendered":"<h3>Motors Automotive Car Dealership Car Rental Auto Classified Ads Listing WordPress Theme Caracteristicas<\/h3>\n<p>El Motors Automotive Car Rental Rental Al Almacenamiento Los anuncios clasificados con el tema de WordPress, con su versatilidad y potencia, demuestra ser un activo invaluable para las empresas en la industria automotriz. Su dise\u00f1o es flexible y sus caracter\u00edsticas son personalizables, lo que lo hace adecuado para varios fines, como sitios web de concesionarios de autom\u00f3viles, servicios de alquiler de autom\u00f3viles y listados de anuncios clasificados autom\u00e1ticamente. Configurar y utilizar este tema es muy f\u00e1cil debido a su naturaleza f\u00e1cil de usar, y cuenta con una gran cantidad de funcionalidades beneficiosas que incluyen un sistema de reserva incorporado, capacidades de b\u00fasqueda avanzadas e integraci\u00f3n perfecta con plataformas de redes sociales. Ya sea que su objetivo es establecer una presencia en l\u00ednea pulida para su negocio o simplemente exhibir su amplio inventario, el tema de Motors es una opci\u00f3n excepcional y adecuada.<\/p>\n<ul>\n<li>Dise\u00f1ado espec\u00edficamente para empresas automotrices, como concesionarios de autom\u00f3viles, agencias de alquiler de autom\u00f3viles y listados de anuncios clasificados autom\u00e1ticamente<\/li>\n<li>Impulsado por WordPress, proporcionando una experiencia f\u00e1cil de usar y personalizable<\/li>\n<li>Incluye varias demostraciones y plantillas predise\u00f1adas para elegir<\/li>\n<li>Admite una amplia gama de complementos, como WooCommerce y Visual Composer<\/li>\n<li>Dise\u00f1o receptivo y amigable para los dispositivos m\u00f3viles para garantizar que los clientes puedan acceder a su sitio desde cualquier dispositivo o ubicaci\u00f3n<\/li>\n<li>Opciones de b\u00fasqueda y filtro avanzadas incorporadas para ayudar a los clientes a encontrar lo que est\u00e1n buscando r\u00e1pidamente<\/li>\n<li>Sistema integral de reserva y reserva para alquileres de autom\u00f3viles o unidades de prueba<\/li>\n<li>Permite una f\u00e1cil gesti\u00f3n de inventario y listados de veh\u00edculos, incluidas fotos y descripciones.<\/li>\n<li>Integraci\u00f3n con las redes sociales para aumentar la visibilidad y promover su negocio<\/li>\n<li>Codificaci\u00f3n amigable con el SEO para mejorar las clasificaciones de los motores de b\u00fasqueda y aumentar el tr\u00e1fico a su sitio.<\/li>\n<\/ul>\n","protected":false},"excerpt":{"rendered":"<p>El tema de WordPress de WordPress de Motors Automotive Car Rental de alquiler de autom\u00f3viles es un tema incre\u00edblemente potente e incre\u00edblemente vers\u00e1til que ha sido dise\u00f1ado espec\u00edficamente para atender a aquellas personas que operan dentro de la industria automotriz. Este tema excepcional le permite crear y administrar meticulosamente su propio concesionario de autom\u00f3viles, alquiler de autom\u00f3viles o incluso un sitio web de anuncios clasificados autom\u00e1ticamente. El tema en s\u00ed cuenta con una impresionante variedad de caracter\u00edsticas, como filtros de b\u00fasqueda altamente avanzados, tipos de publicaciones personalizados designados espec\u00edficamente para autom\u00f3viles y distribuidores, as\u00ed como una multitud de diversos dise\u00f1os de p\u00e1gina de inicio que est\u00e1n garantizadas para ejemplificar y resaltar de manera efectiva su amplio inventario. Adem\u00e1s, gracias a su dise\u00f1o totalmente receptivo, este tema mantiene sin esfuerzo su apariencia visualmente impresionante en todos los dispositivos, al tiempo que optimiza simult\u00e1neamente sus capacidades de SEO para conducir con \u00e9xito un mayor volumen de tr\u00e1fico directamente hacia su estimado sitio web. Por lo tanto, independientemente de si est\u00e1 aspirando a inaugurar un concesionario de autom\u00f3viles nuevo o simplemente esforzarse por mejorar a\u00fan m\u00e1s un sitio web existente relacionado con el autom\u00f3vil, el tema de los motores representa innegablemente la soluci\u00f3n definitiva para todas sus necesidades y deseos.<\/p>\n","protected":false},"featured_media":166830,"comment_status":"open","ping_status":"open","template":"","meta":[],"product_brand":[2337],"product_cat":[1263,1264,1237],"product_tag":[1391],"class_list":{"0":"post-121124","1":"product","2":"type-product","3":"status-publish","4":"has-post-thumbnail","6":"product_brand-themeforest","7":"product_cat-comercio-electronico-temas","8":"product_cat-negocio","9":"product_cat-temas","10":"product_tag-themeforest","11":"member-discount","12":"discount-restricted","14":"first","15":"instock","16":"sale","17":"downloadable","18":"virtual","19":"sold-individually","20":"purchasable","21":"product-type-simple"},"_links":{"self":[{"href":"https:\/\/gpl-love.com\/es\/wp-json\/wp\/v2\/product\/121124","targetHints":{"allow":["GET"]}}],"collection":[{"href":"https:\/\/gpl-love.com\/es\/wp-json\/wp\/v2\/product"}],"about":[{"href":"https:\/\/gpl-love.com\/es\/wp-json\/wp\/v2\/types\/product"}],"replies":[{"embeddable":true,"href":"https:\/\/gpl-love.com\/es\/wp-json\/wp\/v2\/comments?post=121124"}],"wp:featuredmedia":[{"embeddable":true,"href":"https:\/\/gpl-love.com\/es\/wp-json\/wp\/v2\/media\/166830"}],"wp:attachment":[{"href":"https:\/\/gpl-love.com\/es\/wp-json\/wp\/v2\/media?parent=121124"}],"wp:term":[{"taxonomy":"product_brand","embeddable":true,"href":"https:\/\/gpl-love.com\/es\/wp-json\/wp\/v2\/product_brand?post=121124"},{"taxonomy":"product_cat","embeddable":true,"href":"https:\/\/gpl-love.com\/es\/wp-json\/wp\/v2\/product_cat?post=121124"},{"taxonomy":"product_tag","embeddable":true,"href":"https:\/\/gpl-love.com\/es\/wp-json\/wp\/v2\/product_tag?post=121124"}],"curies":[{"name":"wp","href":"https:\/\/api.w.org\/{rel}","templated":true}]}}