{"id":121122,"date":"2025-07-23T00:00:00","date_gmt":"2025-07-23T05:00:00","guid":{"rendered":"https:\/\/gpl-love.com\/es\/producto\/monsterinsights-plus\/"},"modified":"2026-04-10T11:17:08","modified_gmt":"2026-04-10T16:17:08","slug":"monsterinsights-plu","status":"publish","type":"product","link":"https:\/\/gpl-love.com\/es\/producto\/monsterinsights-plu\/","title":{"rendered":"MonsterInsights Plus 9.6.0"},"content":{"rendered":"<h3>MonsterInsights Plus Caracteristicas<\/h3>\n<p>MonsterinSights Plus no es cualquier complemento de WordPress ordinario; Es una herramienta incre\u00edblemente poderosa que empodera a los propietarios de sitios web con una gran cantidad de an\u00e1lisis avanzados y conocimientos de datos. Este complemento cuenta con una interfaz notablemente f\u00e1cil de usar y permite la creaci\u00f3n de informes totalmente personalizables, por lo que es muy f\u00e1cil para que las empresas realicen un seguimiento diligente del tr\u00e1fico de su sitio web, comprendan sin esfuerzo el comportamiento del usuario y optimice efectivamente su presencia en l\u00ednea para lograr un \u00e9xito sin precedentes. Adem\u00e1s de su notable funcionalidad, este complemento ofrece una extensa gama de caracter\u00edsticas que satisfacen las diversas necesidades de las empresas, incluidos los an\u00e1lisis en tiempo real, el seguimiento de comercio electr\u00f3nico, las dimensiones personalizadas y el seguimiento de Google AMP. Adem\u00e1s, las capacidades de integraci\u00f3n excepcionales de MonsterInsights Plus con herramientas de marketing populares como Google Ads y Facebook Ads proporcionan a las empresas la capacidad de tomar decisiones meticulosamente basadas en datos que sin duda producen conversiones y mejoran significativamente su resultado final. En conclusi\u00f3n, MonsterinSights Plus es inequ\u00edvocamente una herramienta indispensable que ning\u00fan negocio puede permitirse pasar por alto si aspiran a alcanzar una comprensi\u00f3n profunda de su audiencia y, en consecuencia, tomar decisiones excepcionalmente bien informadas relacionadas con su estrategia en l\u00ednea.<\/p>\n<ul>\n<li>Proporciona funciones de seguimiento e informes avanzados para su sitio web de WordPress<\/li>\n<li>Le brinda acceso a ideas detalladas sobre sus visitantes, incluidos los datos demogr\u00e1ficos, los intereses y el comportamiento.<\/li>\n<li>El tablero f\u00e1cil de usar le permite ver y analizar sus datos en un solo lugar<\/li>\n<li>Se integra con herramientas de marketing populares como Google Analytics, WooCommerce y Gravity Forms<\/li>\n<li>Ofrece un seguimiento en tiempo real del tr\u00e1fico y la actividad del usuario de su sitio web<\/li>\n<li>Le permite configurar el seguimiento personalizado para eventos o acciones espec\u00edficas en su sitio<\/li>\n<li>Proporciona informes de correo electr\u00f3nico autom\u00e1ticos para mantenerlo actualizado sobre el rendimiento y las tendencias de su sitio web<\/li>\n<li>Soporte premium del equipo de MonsterinSights incluido con su suscripci\u00f3n<\/li>\n<li>Opciones de suscripci\u00f3n anuales o mensuales para adaptarse a su presupuesto y necesidades<\/li>\n<li>Actualizaciones y mejoras continuas para mantener el seguimiento de su sitio actualizado con la \u00faltima tecnolog\u00eda<\/li>\n<\/ul>\n","protected":false},"excerpt":{"rendered":"<p>MonsterinSights Plus, un complemento incre\u00edblemente robusto, establece una conexi\u00f3n perfecta entre su sitio web de WordPress y Google Analytics. Esta integraci\u00f3n le capacita con an\u00e1lisis integrales e intrincados de los patrones de tr\u00e1fico de su sitio web y las acciones del usuario. Equipado con funcionalidades avanzadas como dimensiones personalizadas y seguimiento de eventos, seguimiento de comercio electr\u00f3nico mejorado y capacidades de prueba A\/B, as\u00ed como servicios de soporte premium, MonsterInsights Plus sirve como una herramienta invaluable para optimizar el rendimiento general de su sitio web y maximizar su retorno de la inversi\u00f3n. Independientemente de si usted es un propietario de una peque\u00f1a empresa o un vendedor digital, MonsterInsights Plus supera todas las dem\u00e1s soluciones de an\u00e1lisis, lo que lo convierte en la opci\u00f3n definitiva para los usuarios de WordPress.<\/p>\n","protected":false},"featured_media":166822,"comment_status":"open","ping_status":"closed","template":"","meta":[],"product_brand":[2499],"product_cat":[1232,1206,1211],"product_tag":[1330],"class_list":{"0":"post-121122","1":"product","2":"type-product","3":"status-publish","4":"has-post-thumbnail","6":"product_brand-monsterinsights","7":"product_cat-marketing-wordpress-plugins","8":"product_cat-plugins","9":"product_cat-wordpress-plugins","10":"product_tag-monsterinsights","11":"member-discount","12":"discount-restricted","14":"first","15":"instock","16":"sale","17":"downloadable","18":"virtual","19":"sold-individually","20":"purchasable","21":"product-type-simple"},"_links":{"self":[{"href":"https:\/\/gpl-love.com\/es\/wp-json\/wp\/v2\/product\/121122","targetHints":{"allow":["GET"]}}],"collection":[{"href":"https:\/\/gpl-love.com\/es\/wp-json\/wp\/v2\/product"}],"about":[{"href":"https:\/\/gpl-love.com\/es\/wp-json\/wp\/v2\/types\/product"}],"replies":[{"embeddable":true,"href":"https:\/\/gpl-love.com\/es\/wp-json\/wp\/v2\/comments?post=121122"}],"wp:featuredmedia":[{"embeddable":true,"href":"https:\/\/gpl-love.com\/es\/wp-json\/wp\/v2\/media\/166822"}],"wp:attachment":[{"href":"https:\/\/gpl-love.com\/es\/wp-json\/wp\/v2\/media?parent=121122"}],"wp:term":[{"taxonomy":"product_brand","embeddable":true,"href":"https:\/\/gpl-love.com\/es\/wp-json\/wp\/v2\/product_brand?post=121122"},{"taxonomy":"product_cat","embeddable":true,"href":"https:\/\/gpl-love.com\/es\/wp-json\/wp\/v2\/product_cat?post=121122"},{"taxonomy":"product_tag","embeddable":true,"href":"https:\/\/gpl-love.com\/es\/wp-json\/wp\/v2\/product_tag?post=121122"}],"curies":[{"name":"wp","href":"https:\/\/api.w.org\/{rel}","templated":true}]}}