{"id":121120,"date":"2024-09-30T00:00:00","date_gmt":"2024-09-30T05:00:00","guid":{"rendered":"https:\/\/gpl-love.com\/es\/producto\/monsterinsights-performance-addon\/"},"modified":"2026-04-10T11:17:07","modified_gmt":"2026-04-10T16:17:07","slug":"monsterinsights-performance-addon","status":"publish","type":"product","link":"https:\/\/gpl-love.com\/es\/producto\/monsterinsights-performance-addon\/","title":{"rendered":"MonsterInsights Performance Addon 1.8.1"},"content":{"rendered":"<h3>MonsterInsights Performance Addon Caracteristicas<\/h3>\n<p>El complemento de rendimiento de MonsterinSights sirve como un recurso invaluable para las personas que poseen sitios web y est\u00e1n decididos a mejorar el rendimiento general de su sitio. Equipado con una variedad de caracter\u00edsticas como el seguimiento del tiempo de carga de la p\u00e1gina, el seguimiento de eventos personalizados y el seguimiento de la descarga de archivos, este complemento proporciona informaci\u00f3n exhaustiva sobre el rendimiento de su sitio web. Aprovechando estos datos, puede optimizar de manera efectiva sus p\u00e1ginas web, garantizar tiempos de carga m\u00e1s r\u00e1pidos, mitigar las tasas de rebote y, en \u00faltima instancia, mejorar la experiencia general del usuario. Adem\u00e1s, la integraci\u00f3n de este complemento con el complemento de MonsterInsights garantiza un proceso de instalaci\u00f3n y utilizaci\u00f3n sin problemas, que atiende tanto a novatos como a profesionales experimentados. Independientemente de si usted es un blogger dedicado, un aficionado al comercio electr\u00f3nico o un propietario de un negocio vigilante, el complemento de rendimiento de MonsterinSights emerge como un activo indispensable para cualquiera que se esfuerce por elevar la velocidad y la eficiencia de su sitio web.<\/p>\n<ul>\n<li>Mejorar la velocidad y el rendimiento del sitio web con el complemento de rendimiento de MonsterinSights<\/li>\n<li>Identificar y arreglar f\u00e1cilmente las ralentizaciones del sitio web con el informe detallado del complemento<\/li>\n<li>Optimizar im\u00e1genes y scripts del sitio web con la herramienta de optimizaci\u00f3n de im\u00e1genes del complemento<\/li>\n<li>Reduzca el tiempo de respuesta del servidor con la verificaci\u00f3n de respuesta del servidor del complemento<\/li>\n<li>Deshabilite selectivamente el seguimiento innecesario para mejorar a\u00fan m\u00e1s la velocidad del sitio web<\/li>\n<li>Acceda a datos de rendimiento del sitio web en tiempo real con el an\u00e1lisis integral del complemento<\/li>\n<li>Beneficiarse del seguimiento autom\u00e1tico de m\u00e9tricas importantes del sitio web, como el tiempo de carga de la p\u00e1gina y la tasa de rebote<\/li>\n<li>Disfrute de un proceso de configuraci\u00f3n simple y f\u00e1cil de usar sin necesidad de codificaci\u00f3n ni habilidades t\u00e9cnicas<\/li>\n<li>Obtenga atenci\u00f3n al cliente de primer nivel del equipo de MonsterinSights para ayudar con cualquier pregunta o problema<\/li>\n<li>Actualice el SEO general y la experiencia de usuario de su sitio web con el complemento de rendimiento de MonsterInsights.<\/li>\n<\/ul>\n","protected":false},"excerpt":{"rendered":"<p>El complemento MonsterinSights Performance, una herramienta robusta dise\u00f1ada para mejorar el rendimiento del sitio web, demuestra ser un activo valioso. Su amplia gama de caracter\u00edsticas, como Page Insights, permite la identificaci\u00f3n r\u00e1pida de p\u00e1ginas de carga lenta, capacitar a los usuarios para abordar r\u00e1pidamente el problema y mejorar los tiempos de carga. Adem\u00e1s, este complemento facilita el seguimiento de la progresi\u00f3n de la velocidad del sitio web a lo largo del tiempo, lo que permite a los usuarios monitorear la efectividad de sus optimizaciones. Adem\u00e1s, su integraci\u00f3n perfecta con Google Analytics proporciona a los usuarios una descripci\u00f3n completa del rendimiento de su sitio web, consolidando toda la informaci\u00f3n relevante en una ubicaci\u00f3n conveniente. Desatara el potencial de su sitio web mejorando su velocidad y optimizando la experiencia del usuario a trav\u00e9s de la utilizaci\u00f3n del complemento de rendimiento de MonsterInsights.<\/p>\n","protected":false},"featured_media":166821,"comment_status":"open","ping_status":"open","template":"","meta":[],"product_brand":[2499],"product_cat":[1206,1579,1211],"product_tag":[1330],"class_list":{"0":"post-121120","1":"product","2":"type-product","3":"status-publish","4":"has-post-thumbnail","6":"product_brand-monsterinsights","7":"product_cat-plugins","8":"product_cat-rendimiento","9":"product_cat-wordpress-plugins","10":"product_tag-monsterinsights","11":"member-discount","12":"discount-restricted","14":"first","15":"instock","16":"sale","17":"downloadable","18":"virtual","19":"sold-individually","20":"purchasable","21":"product-type-simple"},"_links":{"self":[{"href":"https:\/\/gpl-love.com\/es\/wp-json\/wp\/v2\/product\/121120","targetHints":{"allow":["GET"]}}],"collection":[{"href":"https:\/\/gpl-love.com\/es\/wp-json\/wp\/v2\/product"}],"about":[{"href":"https:\/\/gpl-love.com\/es\/wp-json\/wp\/v2\/types\/product"}],"replies":[{"embeddable":true,"href":"https:\/\/gpl-love.com\/es\/wp-json\/wp\/v2\/comments?post=121120"}],"wp:featuredmedia":[{"embeddable":true,"href":"https:\/\/gpl-love.com\/es\/wp-json\/wp\/v2\/media\/166821"}],"wp:attachment":[{"href":"https:\/\/gpl-love.com\/es\/wp-json\/wp\/v2\/media?parent=121120"}],"wp:term":[{"taxonomy":"product_brand","embeddable":true,"href":"https:\/\/gpl-love.com\/es\/wp-json\/wp\/v2\/product_brand?post=121120"},{"taxonomy":"product_cat","embeddable":true,"href":"https:\/\/gpl-love.com\/es\/wp-json\/wp\/v2\/product_cat?post=121120"},{"taxonomy":"product_tag","embeddable":true,"href":"https:\/\/gpl-love.com\/es\/wp-json\/wp\/v2\/product_tag?post=121120"}],"curies":[{"name":"wp","href":"https:\/\/api.w.org\/{rel}","templated":true}]}}