{"id":121116,"date":"2024-09-30T00:00:00","date_gmt":"2024-09-30T05:00:00","guid":{"rendered":"https:\/\/gpl-love.com\/es\/producto\/monsterinsights-forms-tracking-addon\/"},"modified":"2026-04-10T11:17:04","modified_gmt":"2026-04-10T16:17:04","slug":"monsterinsights-forms-tracking-addon","status":"publish","type":"product","link":"https:\/\/gpl-love.com\/es\/producto\/monsterinsights-forms-tracking-addon\/","title":{"rendered":"MonsterInsights Forms Tracking Addon 2.3.3"},"content":{"rendered":"<h3>MonsterInsights Forms Tracking Addon Caracteristicas<\/h3>\n<p>El MonsterInsights forma el seguimiento del complemento, una herramienta incre\u00edblemente poderosa, ofrece la capacidad de rastrear los env\u00edos de formularios en un sitio web. Integrado sin problemas con el complemento MonsterInsights Google Analytics ampliamente utilizado, este complemento le proporciona datos integrales e intrincados sobre las interacciones de los visitantes con los formularios de su sitio web. Al utilizar este complemento invaluable, puede monitorear sin esfuerzo la cantidad de presentaciones de formulario, tasas de conversi\u00f3n y varias otras m\u00e9tricas vitales. Como resultado, puede adquirir una comprensi\u00f3n profunda del rendimiento de su sitio web, lo que le permite tomar decisiones informadas basadas en datos para mejorar su efectividad. Ya sea que opere una tienda en l\u00ednea, un sitio web de generaci\u00f3n de leads o cualquier otro tipo de sitio que incorpore formularios, el complemento de seguimiento de formularios MonsterInsights es una herramienta indispensable para optimizar su presencia en l\u00ednea.<\/p>\n<ul>\n<li>Rastrea el comportamiento del usuario en cada env\u00edo de formulario<\/li>\n<li>Proporciona informes detallados sobre env\u00edos y conversiones de formularios<\/li>\n<li>Ayuda a identificar formas de bajo rendimiento y optimizarlos para obtener mejores resultados<\/li>\n<li>Se integra a la perfecci\u00f3n con complementos de forma populares como formularios de gravedad, Formulario de contacto 7, etc.<\/li>\n<li>Ofrece estad\u00edsticas y alertas en tiempo real para nuevas presentaciones de formularios<\/li>\n<li>Compatible con Google Analytics y Google Tag Manager para un seguimiento preciso<\/li>\n<li>F\u00e1cil de configurar y no requiere conocimientos de codificaci\u00f3n<\/li>\n<li>Se puede usar en m\u00faltiples sitios web con una sola suscripci\u00f3n<\/li>\n<li>Proporciona soporte prioritario y actualizaciones regulares para garantizar un rendimiento sin problemas<\/li>\n<\/ul>\n","protected":false},"excerpt":{"rendered":"<p>El complemento de seguimiento de los formularios de MonsterInsights ofrece una soluci\u00f3n f\u00e1cil y conveniente para monitorear las interacciones del usuario en los formularios presentes en su sitio web. Esta herramienta altamente efectiva se integra perfectamente con complementos de forma bien conocidos, como las formas de gravedad y el Formulario de contacto 7, facilitando el an\u00e1lisis en profundidad de las tasas de finalizaci\u00f3n de la forma, las conversiones y varias otras m\u00e9tricas cruciales. Al aprovechar las capacidades del complemento de seguimiento de los formularios de MonsterinSights, puede mejorar de manera efectiva el rendimiento de sus formularios y adquirir informaci\u00f3n invaluable sobre el comportamiento del usuario en su sitio web. En consecuencia, esta valiosa herramienta demuestra ser fundamental para optimizar el rendimiento general de su sitio web y mejorar la experiencia general del usuario.<\/p>\n","protected":false},"featured_media":166817,"comment_status":"open","ping_status":"open","template":"","meta":[],"product_brand":[2499],"product_cat":[1216,1206,1211],"product_tag":[1330],"class_list":{"0":"post-121116","1":"product","2":"type-product","3":"status-publish","4":"has-post-thumbnail","6":"product_brand-monsterinsights","7":"product_cat-formas","8":"product_cat-plugins","9":"product_cat-wordpress-plugins","10":"product_tag-monsterinsights","11":"member-discount","12":"discount-restricted","14":"first","15":"instock","16":"sale","17":"downloadable","18":"virtual","19":"sold-individually","20":"purchasable","21":"product-type-simple"},"_links":{"self":[{"href":"https:\/\/gpl-love.com\/es\/wp-json\/wp\/v2\/product\/121116","targetHints":{"allow":["GET"]}}],"collection":[{"href":"https:\/\/gpl-love.com\/es\/wp-json\/wp\/v2\/product"}],"about":[{"href":"https:\/\/gpl-love.com\/es\/wp-json\/wp\/v2\/types\/product"}],"replies":[{"embeddable":true,"href":"https:\/\/gpl-love.com\/es\/wp-json\/wp\/v2\/comments?post=121116"}],"wp:featuredmedia":[{"embeddable":true,"href":"https:\/\/gpl-love.com\/es\/wp-json\/wp\/v2\/media\/166817"}],"wp:attachment":[{"href":"https:\/\/gpl-love.com\/es\/wp-json\/wp\/v2\/media?parent=121116"}],"wp:term":[{"taxonomy":"product_brand","embeddable":true,"href":"https:\/\/gpl-love.com\/es\/wp-json\/wp\/v2\/product_brand?post=121116"},{"taxonomy":"product_cat","embeddable":true,"href":"https:\/\/gpl-love.com\/es\/wp-json\/wp\/v2\/product_cat?post=121116"},{"taxonomy":"product_tag","embeddable":true,"href":"https:\/\/gpl-love.com\/es\/wp-json\/wp\/v2\/product_tag?post=121116"}],"curies":[{"name":"wp","href":"https:\/\/api.w.org\/{rel}","templated":true}]}}