{"id":121112,"date":"2024-04-17T00:00:00","date_gmt":"2024-04-17T05:00:00","guid":{"rendered":"https:\/\/gpl-love.com\/es\/producto\/monsterinsights-eu-compliance-addon\/"},"modified":"2026-04-10T11:17:02","modified_gmt":"2026-04-10T16:17:02","slug":"monsterinsights-eu-compliance-addon","status":"publish","type":"product","link":"https:\/\/gpl-love.com\/es\/producto\/monsterinsights-eu-compliance-addon\/","title":{"rendered":"MonsterInsights EU Compliance Addon 2.3.2"},"content":{"rendered":"<h3>MonsterInsights EU Compliance Addon Caracteristicas<\/h3>\n<p>El complemento de cumplimiento de la UE de MonsterInsights es un complemento excepcionalmente efectivo que garantiza el cumplimiento de su sitio web con las estrictas regulaciones establecidas por la Regulaci\u00f3n General de Protecci\u00f3n de Datos (GDPR) de la Uni\u00f3n Europea. Este notable complemento ofrece una variedad diversa de caracter\u00edsticas integrales que facilitan el monitoreo de las actividades del usuario, la recopilaci\u00f3n de consentimiento para las cookies, la anonimizaci\u00f3n de las direcciones IP y la gesti\u00f3n de los horarios de retenci\u00f3n de datos. Con su interfaz altamente intuitiva y sus herramientas f\u00e1ciles de usar, este complemento permite la personalizaci\u00f3n perfecta de la configuraci\u00f3n de seguimiento para alinearse perfectamente con sus necesidades espec\u00edficas, al tiempo que lo mantiene constantemente actualizado en cualquier alteraci\u00f3n que pueda afectar su estado de cumplimiento. Independientemente de si est\u00e1 operando una empresa a peque\u00f1a escala o una vasta entidad corporativa, el complemento de cumplimiento de la UE de MonsterInsights sirve como la soluci\u00f3n por excelencia para garantizar el mantenimiento del cumplimiento de GDPR, salvaguardando as\u00ed la privacidad de los visitantes de su sitio web y sus datos invaluables.<\/p>\n<ul>\n<li>Garantiza el cumplimiento de las regulaciones de protecci\u00f3n de datos de la UE<\/li>\n<li>Ofrece formularios de consentimiento de cookies personalizables para los visitantes de la UE<\/li>\n<li>Permite a los usuarios anonimizar las direcciones IP de los visitantes de la UE.<\/li>\n<li>Se integra con complementos de consentimiento de cookies populares como Cookiebot y GDPR Consenter de cookies<\/li>\n<li>Proporciona un Acuerdo de procesamiento de datos (DPA) amigable para GDPR (DPA)<\/li>\n<li>Permite a los usuarios administrar y eliminar f\u00e1cilmente los datos de los visitantes de la UE<\/li>\n<li>Simplifica el cumplimiento de GDPR, la Directiva Eprivat\u00eda y otras leyes de privacidad de la UE<\/li>\n<li>Proporciona tranquilidad y evita posibles problemas legales relacionados con la protecci\u00f3n de datos de la UE.<\/li>\n<\/ul>\n","protected":false},"excerpt":{"rendered":"<p>El complemento de cumplimiento de la UE de MonsterInsights demuestra ser una herramienta extremadamente \u00fatil y potente para garantizar que su sitio web permanezca por las estrictas regulaciones de protecci\u00f3n de datos establecidas por la Uni\u00f3n Europea. Al emplear este complemento, se le otorga la capacidad de configurar sin esfuerzo su configuraci\u00f3n de Google Analytics, asegurando as\u00ed su conformidad con la Regulaci\u00f3n General de Protecci\u00f3n de Datos (GDPR), la Ley de Privacidad del Consumidor de California (CCPA) y una multitud de otros estadutos de privacidad de datos. El complemento facilita efectivamente la anonimizaci\u00f3n de las direcciones IP del usuario, la deshabilitaci\u00f3n del intercambio de datos con Google y la provisi\u00f3n de datos controlados por el usuario, todo logrado con un solo pu\u00f1ado de clics. Salvaguardar los datos de sus valiosos clientes y evitar multas exorbitantemente costosas a trav\u00e9s de la utilizaci\u00f3n del complemento de cumplimiento de la UE MonsterinSights.<\/p>\n","protected":false},"featured_media":166815,"comment_status":"open","ping_status":"open","template":"","meta":[],"product_brand":[2499],"product_cat":[1232,1206,1211],"product_tag":[1330],"class_list":{"0":"post-121112","1":"product","2":"type-product","3":"status-publish","4":"has-post-thumbnail","6":"product_brand-monsterinsights","7":"product_cat-marketing-wordpress-plugins","8":"product_cat-plugins","9":"product_cat-wordpress-plugins","10":"product_tag-monsterinsights","11":"member-discount","12":"discount-restricted","14":"first","15":"instock","16":"sale","17":"downloadable","18":"virtual","19":"sold-individually","20":"purchasable","21":"product-type-simple"},"_links":{"self":[{"href":"https:\/\/gpl-love.com\/es\/wp-json\/wp\/v2\/product\/121112","targetHints":{"allow":["GET"]}}],"collection":[{"href":"https:\/\/gpl-love.com\/es\/wp-json\/wp\/v2\/product"}],"about":[{"href":"https:\/\/gpl-love.com\/es\/wp-json\/wp\/v2\/types\/product"}],"replies":[{"embeddable":true,"href":"https:\/\/gpl-love.com\/es\/wp-json\/wp\/v2\/comments?post=121112"}],"wp:featuredmedia":[{"embeddable":true,"href":"https:\/\/gpl-love.com\/es\/wp-json\/wp\/v2\/media\/166815"}],"wp:attachment":[{"href":"https:\/\/gpl-love.com\/es\/wp-json\/wp\/v2\/media?parent=121112"}],"wp:term":[{"taxonomy":"product_brand","embeddable":true,"href":"https:\/\/gpl-love.com\/es\/wp-json\/wp\/v2\/product_brand?post=121112"},{"taxonomy":"product_cat","embeddable":true,"href":"https:\/\/gpl-love.com\/es\/wp-json\/wp\/v2\/product_cat?post=121112"},{"taxonomy":"product_tag","embeddable":true,"href":"https:\/\/gpl-love.com\/es\/wp-json\/wp\/v2\/product_tag?post=121112"}],"curies":[{"name":"wp","href":"https:\/\/api.w.org\/{rel}","templated":true}]}}