{"id":121108,"date":"2024-04-21T00:00:00","date_gmt":"2024-04-21T05:00:00","guid":{"rendered":"https:\/\/gpl-love.com\/es\/producto\/monsterinsights-dimensions-addon\/"},"modified":"2026-04-10T11:17:01","modified_gmt":"2026-04-10T16:17:01","slug":"monsterinsights-dimensions-addon","status":"publish","type":"product","link":"https:\/\/gpl-love.com\/es\/producto\/monsterinsights-dimensions-addon\/","title":{"rendered":"MonsterInsights Dimensions Addon 2.1.1"},"content":{"rendered":"<h3>MonsterInsights Dimensions Addon Caracteristicas<\/h3>\n<p>El complemento Dimensions MonsterInsights, una herramienta formidable dise\u00f1ada meticulosamente para enriquecer su experiencia anal\u00edtica de Google, tiene como objetivo profundizar en las complejidades de la difusi\u00f3n de datos a trav\u00e9s de un dise\u00f1o integral estructurado. Al emplear este complemento innovador, puede analizar sin esfuerzo las m\u00e9tricas fundamentales, como la demograf\u00eda de los usuarios, el tipo de dispositivo y las vistas de p\u00e1ginas, en \u00faltima instancia, lo que lo permite tomar decisiones juiciosas y astutas relacionadas con el rendimiento de su sitio web y adaptar efectivamente su contenido para que coincidan impecablemente de las proclividades de su audiencia de su audiencia. . Con una interfaz intuitiva y f\u00e1cil de usar, este complemento atiende efectivamente a ne\u00f3fitos y profesionales experimentados. Aprovechando el poder del complemento de dimensiones de MonsterInsights, obtendr\u00e1 una visi\u00f3n profunda del tr\u00e1fico de visitantes de su sitio web, lo que posteriormente le permitir\u00e1 optimizarlo para obtener una eficacia \u00f3ptima y resultados tangibles.<\/p>\n<ul>\n<li>Le permite rastrear las dimensiones y m\u00e9tricas personalizadas en Google Analytics<\/li>\n<li>Se pueden agregar dimensiones y m\u00e9tricas personalizadas a cualquier p\u00e1gina o publicar en su sitio de WordPress<\/li>\n<li>Proporciona informaci\u00f3n detallada sobre el comportamiento del usuario y la demograf\u00eda<\/li>\n<li>Le ayuda a tomar decisiones basadas en datos para su sitio web y campa\u00f1as de marketing<\/li>\n<li>Compatible con todos los planes de MonsterinSights, incluida la versi\u00f3n gratuita<\/li>\n<li>F\u00e1cil de configurar y usar con gu\u00edas y tutoriales paso a paso<\/li>\n<li>Proporciona seguimiento e informes en tiempo real de sus dimensiones y m\u00e9tricas personalizadas<\/li>\n<li>Le ayuda a comprender c\u00f3mo se desempe\u00f1an ciertas p\u00e1ginas o contenido en su sitio.<\/li>\n<li>Proporciona informaci\u00f3n sobre c\u00f3mo los usuarios interact\u00faan con su sitio web y de d\u00f3nde provienen<\/li>\n<li>Te da una mejor comprensi\u00f3n de tu audiencia y c\u00f3mo apuntarlos de manera m\u00e1s efectiva.<\/li>\n<\/ul>\n","protected":false},"excerpt":{"rendered":"<p>El complemento de Dimensions MonsterInsights, una herramienta inmensamente formidable para las empresas, tiene el prop\u00f3sito de medir y rastrear datos cruciales de su sitio web. En particular, este notable complemento capacita a los usuarios con la capacidad de personalizar su an\u00e1lisis incorporando a la perfecci\u00f3n diversas dimensiones como autor, categor\u00eda, etiquetas y una variedad de otros. Armadas con esta invaluable informaci\u00f3n, las empresas pueden profundizar en una comprensi\u00f3n profunda de los patrones de comportamiento de su audiencia, optimizando as\u00ed sus esfuerzos de marketing en el m\u00e1ximo extensi\u00f3n. Adem\u00e1s, la instalaci\u00f3n y la utilizaci\u00f3n de este complemento son notablemente f\u00e1ciles, lo que hace que sea un activo indispensable para cualquier cuenta de Google Analytics.<\/p>\n","protected":false},"featured_media":166813,"comment_status":"open","ping_status":"open","template":"","meta":[],"product_brand":[2499],"product_cat":[1232,1206,1211],"product_tag":[1330],"class_list":{"0":"post-121108","1":"product","2":"type-product","3":"status-publish","4":"has-post-thumbnail","6":"product_brand-monsterinsights","7":"product_cat-marketing-wordpress-plugins","8":"product_cat-plugins","9":"product_cat-wordpress-plugins","10":"product_tag-monsterinsights","11":"member-discount","12":"discount-restricted","14":"first","15":"instock","16":"sale","17":"downloadable","18":"virtual","19":"sold-individually","20":"purchasable","21":"product-type-simple"},"_links":{"self":[{"href":"https:\/\/gpl-love.com\/es\/wp-json\/wp\/v2\/product\/121108","targetHints":{"allow":["GET"]}}],"collection":[{"href":"https:\/\/gpl-love.com\/es\/wp-json\/wp\/v2\/product"}],"about":[{"href":"https:\/\/gpl-love.com\/es\/wp-json\/wp\/v2\/types\/product"}],"replies":[{"embeddable":true,"href":"https:\/\/gpl-love.com\/es\/wp-json\/wp\/v2\/comments?post=121108"}],"wp:featuredmedia":[{"embeddable":true,"href":"https:\/\/gpl-love.com\/es\/wp-json\/wp\/v2\/media\/166813"}],"wp:attachment":[{"href":"https:\/\/gpl-love.com\/es\/wp-json\/wp\/v2\/media?parent=121108"}],"wp:term":[{"taxonomy":"product_brand","embeddable":true,"href":"https:\/\/gpl-love.com\/es\/wp-json\/wp\/v2\/product_brand?post=121108"},{"taxonomy":"product_cat","embeddable":true,"href":"https:\/\/gpl-love.com\/es\/wp-json\/wp\/v2\/product_cat?post=121108"},{"taxonomy":"product_tag","embeddable":true,"href":"https:\/\/gpl-love.com\/es\/wp-json\/wp\/v2\/product_tag?post=121108"}],"curies":[{"name":"wp","href":"https:\/\/api.w.org\/{rel}","templated":true}]}}