{"id":121106,"date":"2023-08-25T00:00:00","date_gmt":"2023-08-25T05:00:00","guid":{"rendered":"https:\/\/gpl-love.com\/es\/producto\/monsterinsights-amp-addon\/"},"modified":"2026-04-10T11:17:00","modified_gmt":"2026-04-10T16:17:00","slug":"monsterinsights-amp-addon","status":"publish","type":"product","link":"https:\/\/gpl-love.com\/es\/producto\/monsterinsights-amp-addon\/","title":{"rendered":"MonsterInsights AMP Addon 1.7.0"},"content":{"rendered":"<h3>MonsterInsights AMP Addon Caracteristicas<\/h3>\n<p>El complemento de MonsterinSights Amp sirve como un instrumento vital para las personas que poseen sitios web y desean optimizar sus plataformas en l\u00ednea para usuarios m\u00f3viles. Este notable Addon permite a los propietarios de sitios web monitorear y evaluar efectivamente el rendimiento de su sitio web en p\u00e1ginas m\u00f3viles aceleradas (AMP). Al utilizar el complemento de AMP MonsterInsights, los propietarios de sitios web pueden realizar un seguimiento sin esfuerzo del tr\u00e1fico de su sitio web, las visitas a p\u00e1gina y varias otras m\u00e9tricas significativas, lo que les permite obtener una comprensi\u00f3n m\u00e1s profunda de su audiencia y mejorar su experiencia general de usuario. Adem\u00e1s, este complemento otorga a los propietarios de sitios web la capacidad de configurar eventos de seguimiento personalizados, clics de botones que abarcan, env\u00edos de formularios e diversas interacciones de usuario. Por lo tanto, es indiscutible que el complemento de AMP de MonsterinSights sea una herramienta indispensable para cualquier propietario del sitio web que aspire a mejorar su rendimiento m\u00f3vil y aumentar los niveles de participaci\u00f3n del usuario.<\/p>\n<ul>\n<li>Mejora el rendimiento de las p\u00e1ginas m\u00f3viles de su sitio web mediante el uso de la tecnolog\u00eda AMP.<\/li>\n<li>Aumenta la velocidad de carga de la p\u00e1gina m\u00f3vil, lo que mejora la experiencia del usuario y tambi\u00e9n aumenta el SEO.<\/li>\n<li>Proporciona un proceso de configuraci\u00f3n f\u00e1cil, lo que le permite configurar AMP en su sitio web en minutos.<\/li>\n<li>Personalice las p\u00e1ginas AMP de su sitio web con una variedad de plantillas disponibles o dise\u00f1e su propia plantilla personalizada.<\/li>\n<li>Garantiza un seguimiento preciso del tr\u00e1fico y el comportamiento del usuario de su sitio web en las p\u00e1ginas m\u00f3viles con Google Analytics Integration.<\/li>\n<li>Viene con compatibilidad incorporada para WooCommerce, lo que le permite rastrear la actividad de la p\u00e1gina m\u00f3vil de su tienda de comercio electr\u00f3nico.<\/li>\n<li>Proporciona informes detallados sobre el uso de dispositivos m\u00f3viles, las vistas de la p\u00e1gina y m\u00e1s a trav\u00e9s de un tablero f\u00e1cil de usar.<\/li>\n<li>Ofrece soporte de expertos por correo electr\u00f3nico, tel\u00e9fono y documentaci\u00f3n en l\u00ednea para solucionar problemas y responder cualquier pregunta.<\/li>\n<\/ul>\n","protected":false},"excerpt":{"rendered":"<p>El complemento del amplificador MonsterinSights, una herramienta robusta y eficiente meticulosamente elaborada con la intenci\u00f3n de ayudar a los usuarios a monitorear y evaluar el rendimiento de sus sitios web en dispositivos m\u00f3viles, demuestra ser un activo invaluable. Equipados con este complemento, a los usuarios se les otorga la capacidad de analizar sin esfuerzo sus p\u00e1ginas m\u00f3viles aceleradas (AMP) y obtener ideas invaluables con respecto a los patrones de comportamiento de sus visitantes. El complemento abarca una variedad de caracter\u00edsticas, incluidas, entre otros, dimensiones personalizadas, an\u00e1lisis a nivel de p\u00e1gina y paneles de informes espec\u00edficos de AMP, que facilitan especialmente los usuarios para optimizar sus sitios web para mejorar el rendimiento m\u00f3vil. Adem\u00e1s, el complemento del amplificador MonsterInsights puede instalarse e integrarse sin problemas con las cuentas de MonsterInsights de los usuarios, lo que le hace una herramienta indispensable para las personas que buscan refinar y mejorar la experiencia de navegaci\u00f3n m\u00f3vil proporcionada por sus sitios web.<\/p>\n","protected":false},"featured_media":166812,"comment_status":"open","ping_status":"open","template":"","meta":[],"product_brand":[2499],"product_cat":[1232,1206,1211],"product_tag":[1330],"class_list":{"0":"post-121106","1":"product","2":"type-product","3":"status-publish","4":"has-post-thumbnail","6":"product_brand-monsterinsights","7":"product_cat-marketing-wordpress-plugins","8":"product_cat-plugins","9":"product_cat-wordpress-plugins","10":"product_tag-monsterinsights","11":"member-discount","12":"discount-restricted","14":"first","15":"instock","16":"sale","17":"downloadable","18":"virtual","19":"sold-individually","20":"purchasable","21":"product-type-simple"},"_links":{"self":[{"href":"https:\/\/gpl-love.com\/es\/wp-json\/wp\/v2\/product\/121106","targetHints":{"allow":["GET"]}}],"collection":[{"href":"https:\/\/gpl-love.com\/es\/wp-json\/wp\/v2\/product"}],"about":[{"href":"https:\/\/gpl-love.com\/es\/wp-json\/wp\/v2\/types\/product"}],"replies":[{"embeddable":true,"href":"https:\/\/gpl-love.com\/es\/wp-json\/wp\/v2\/comments?post=121106"}],"wp:featuredmedia":[{"embeddable":true,"href":"https:\/\/gpl-love.com\/es\/wp-json\/wp\/v2\/media\/166812"}],"wp:attachment":[{"href":"https:\/\/gpl-love.com\/es\/wp-json\/wp\/v2\/media?parent=121106"}],"wp:term":[{"taxonomy":"product_brand","embeddable":true,"href":"https:\/\/gpl-love.com\/es\/wp-json\/wp\/v2\/product_brand?post=121106"},{"taxonomy":"product_cat","embeddable":true,"href":"https:\/\/gpl-love.com\/es\/wp-json\/wp\/v2\/product_cat?post=121106"},{"taxonomy":"product_tag","embeddable":true,"href":"https:\/\/gpl-love.com\/es\/wp-json\/wp\/v2\/product_tag?post=121106"}],"curies":[{"name":"wp","href":"https:\/\/api.w.org\/{rel}","templated":true}]}}