{"id":121104,"date":"2023-08-25T00:00:00","date_gmt":"2023-08-25T05:00:00","guid":{"rendered":"https:\/\/gpl-love.com\/es\/producto\/monsterinsights-ads-addon\/"},"modified":"2026-04-10T11:16:59","modified_gmt":"2026-04-10T16:16:59","slug":"monsterinsights-addon","status":"publish","type":"product","link":"https:\/\/gpl-love.com\/es\/producto\/monsterinsights-addon\/","title":{"rendered":"MonsterInsights Ads Addon 1.9.0"},"content":{"rendered":"<h3>MonsterInsights Ads Addon Caracteristicas<\/h3>\n<p>El Addon ADS MonsterInsights, una herramienta muy robusta, proporciona una soluci\u00f3n que lo abarca todo para monitorear meticulosamente y analizar de manera integral sus campa\u00f1as publicitarias en l\u00ednea. Al vincular sin problemas su cuenta de Google Ads con su sitio de WordPress, este complemento le proporciona informaci\u00f3n intrincada sobre el rendimiento de sus anuncios. Le facilita rastrear meticulosamente sus clics, impresiones y conversiones, facilitando as\u00ed una profunda comprensi\u00f3n de la cual las campa\u00f1as publicitarias est\u00e1n generando la mayor afluencia de tr\u00e1fico y ventas. Adem\u00e1s, este complemento ofrece una variedad de funcionalidades avanzadas que incluyen el bloqueo de anuncios, la detecci\u00f3n de fraude de clics y el seguimiento de los ingresos por anuncios, todos los cuales contribuyen a la optimizaci\u00f3n de su estrategia publicitaria y la maximizaci\u00f3n de su retorno de la inversi\u00f3n. A fin de cuentas, el complemento MonsterinSights ADS es un instrumento indispensable para cualquier empresa que busque mejorar su rendimiento publicitario en l\u00ednea y expandir su negocio.<\/p>\n<ul>\n<li>Rastrear y analizar f\u00e1cilmente el rendimiento de los anuncios en su sitio web<\/li>\n<li>Comprender qu\u00e9 anuncios generan m\u00e1s ingresos y cu\u00e1les necesitan optimizaci\u00f3n<\/li>\n<li>Ver m\u00e9tricas de participaci\u00f3n publicitaria, como la tasa de clics y la tasa de conversi\u00f3n<\/li>\n<li>Integre con plataformas publicitarias populares como los anuncios de Google y los anuncios de Facebook<\/li>\n<li>Obtenga datos y ideas en tiempo real para tomar decisiones informadas sobre el gasto en anuncios y la orientaci\u00f3n<\/li>\n<li>Personalizar informes para rastrear campa\u00f1as publicitarias espec\u00edficas o ubicaciones publicitarias<\/li>\n<li>Monitorear el comportamiento de bloqueo de anuncios para optimizar su estrategia publicitaria<\/li>\n<li>Configuraci\u00f3n e instalaci\u00f3n f\u00e1cil con habilidades t\u00e9cnicas m\u00ednimas requeridas<\/li>\n<li>Compatible con MonsterinSights Pro o Planes de suscripci\u00f3n de Elite<\/li>\n<\/ul>\n","protected":false},"excerpt":{"rendered":"<p>El complemento ADS MonsterinSights es una herramienta altamente efectiva que atiende espec\u00edficamente a los anunciantes que operan a gran escala. Presenta una soluci\u00f3n formidable para aquellos que buscan un medio robusto para rastrear sus campa\u00f1as en l\u00ednea. La belleza de este complemento radica en su provisi\u00f3n de an\u00e1lisis personalizables y informaci\u00f3n integral del tablero, lo que permite un monitoreo sin esfuerzo del \u00e9xito de anuncios y la optimizaci\u00f3n de los esfuerzos de marketing en tiempo real. No importa si se dedica a la ejecuci\u00f3n de anuncios de pantalla, anuncios de texto o campa\u00f1as de redes sociales, ya que este complemento est\u00e1 dise\u00f1ado para ayudar en la toma de decisiones basadas en datos que sin duda mejorar\u00e1n su retorno de la inversi\u00f3n y facilitar\u00e1n la expansi\u00f3n comercial. Adem\u00e1s, se integra perfectamente con plataformas de renombre como los anuncios de Google y varias otras redes publicitarias populares, lo que le brinda el lujo de rastrear sus campa\u00f1as en m\u00faltiples plataformas con facilidad sin igual. No pierda m\u00e1s tiempo; Aproveche la oportunidad de maximizar el rendimiento de su anuncio hoy aprovechando el poder del complemento ADS de MonsterinSights.<\/p>\n","protected":false},"featured_media":166811,"comment_status":"open","ping_status":"closed","template":"","meta":[],"product_brand":[2499],"product_cat":[1232,1206,1211],"product_tag":[1330],"class_list":{"0":"post-121104","1":"product","2":"type-product","3":"status-publish","4":"has-post-thumbnail","6":"product_brand-monsterinsights","7":"product_cat-marketing-wordpress-plugins","8":"product_cat-plugins","9":"product_cat-wordpress-plugins","10":"product_tag-monsterinsights","11":"member-discount","12":"discount-restricted","14":"first","15":"instock","16":"sale","17":"downloadable","18":"virtual","19":"sold-individually","20":"purchasable","21":"product-type-simple"},"_links":{"self":[{"href":"https:\/\/gpl-love.com\/es\/wp-json\/wp\/v2\/product\/121104","targetHints":{"allow":["GET"]}}],"collection":[{"href":"https:\/\/gpl-love.com\/es\/wp-json\/wp\/v2\/product"}],"about":[{"href":"https:\/\/gpl-love.com\/es\/wp-json\/wp\/v2\/types\/product"}],"replies":[{"embeddable":true,"href":"https:\/\/gpl-love.com\/es\/wp-json\/wp\/v2\/comments?post=121104"}],"wp:featuredmedia":[{"embeddable":true,"href":"https:\/\/gpl-love.com\/es\/wp-json\/wp\/v2\/media\/166811"}],"wp:attachment":[{"href":"https:\/\/gpl-love.com\/es\/wp-json\/wp\/v2\/media?parent=121104"}],"wp:term":[{"taxonomy":"product_brand","embeddable":true,"href":"https:\/\/gpl-love.com\/es\/wp-json\/wp\/v2\/product_brand?post=121104"},{"taxonomy":"product_cat","embeddable":true,"href":"https:\/\/gpl-love.com\/es\/wp-json\/wp\/v2\/product_cat?post=121104"},{"taxonomy":"product_tag","embeddable":true,"href":"https:\/\/gpl-love.com\/es\/wp-json\/wp\/v2\/product_tag?post=121104"}],"curies":[{"name":"wp","href":"https:\/\/api.w.org\/{rel}","templated":true}]}}