{"id":121102,"date":"2021-11-15T00:00:00","date_gmt":"2021-11-15T05:00:00","guid":{"rendered":"https:\/\/gpl-love.com\/es\/producto\/molla-multi-purpose-woocommerce-theme\/"},"modified":"2026-03-13T17:24:50","modified_gmt":"2026-03-13T22:24:50","slug":"molla-multi-purpose-woocommerce-theme","status":"publish","type":"product","link":"https:\/\/gpl-love.com\/es\/producto\/molla-multi-purpose-woocommerce-theme\/","title":{"rendered":"Molla Multi-Purpose WooCommerce Theme 1.3.3"},"content":{"rendered":"<h3>Molla Multi-Purpose WooCommerce Theme Caracteristicas<\/h3>\n<p>El tema de WooCommerce multiprop\u00f3sito Molla se presenta como una soluci\u00f3n excepcional para los sitios web de comercio electr\u00f3nico que necesitan un dise\u00f1o que sea vers\u00e1til y flexible. Este tema en particular es una opci\u00f3n ideal para empresas de todos los tama\u00f1os y tipos, desde las tiendas en l\u00ednea de menor escala hasta las corporaciones m\u00e1s grandes y establecidas. Lo que distingue a este tema es su dise\u00f1o limpio y contempor\u00e1neo, que puede personalizarse completamente para alinearse sin problemas con cualquier requisito de marca o dise\u00f1o. Adem\u00e1s, est\u00e1 lleno hasta el borde con una impresionante variedad de caracter\u00edsticas, que incluyen numerosos dise\u00f1os de p\u00e1gina de inicio, una gran cantidad de opciones de p\u00e1gina de productos y una selecci\u00f3n diversa de widgets personalizados. Adem\u00e1s, cuenta con una variedad de poderosas funcionalidades de comercio electr\u00f3nico, como filtros de productos, carros y p\u00e1ginas de pago, y una variedad de otras herramientas muy \u00fatiles. Con la ayuda del tema de WooCommerce multiprop\u00f3sito Molla, las empresas pueden crear sin esfuerzo una tienda en l\u00ednea que no solo sea visualmente impresionante, sino que tambi\u00e9n est\u00e1 completamente optimizada para maximizar las ventas y las conversiones.<\/p>\n<ul>\n<li>Tema de WooCommerce totalmente personalizable adecuado para cualquier tipo de tienda en l\u00ednea<\/li>\n<li>Viene con 17 demostraciones predise\u00f1adas para diferentes nichos como moda, electr\u00f3nica y muebles<\/li>\n<li>Panel de opciones de temas y f\u00e1ciles de usar de Drag y Drop Page para una experiencia de personalizaci\u00f3n perfecta<\/li>\n<li>Dise\u00f1ado con las \u00faltimas tecnolog\u00edas de desarrollo web como Bootstrap 4 y Sass<\/li>\n<li>Totalmente receptivo y retina listo para una experiencia de usuario impresionante en cualquier dispositivo<\/li>\n<li>Se integra con complementos populares de WooCommece como yith Wishlist, MailChimp y WPML para una funcionalidad adicional<\/li>\n<li>Admite varios m\u00e9todos de pago y opciones de env\u00edo para un proceso de pago sin problemas<\/li>\n<li>SEO optimizado para una mejor visibilidad y clasificaci\u00f3n de motores de b\u00fasqueda<\/li>\n<li>Incluye atenci\u00f3n al cliente 24\/7 y actualizaciones regulares de temas para una experiencia de tienda en l\u00ednea sin preocupaciones.<\/li>\n<\/ul>\n","protected":false},"excerpt":{"rendered":"<p>El tema de WooCommerce multiusos Molla se presenta como un tema de comercio electr\u00f3nico incre\u00edblemente vers\u00e1til y personalizable que se ha adaptado expl\u00edcitamente para atender a las tiendas en l\u00ednea, independientemente de su escala o magnitud. Al encarnar un dise\u00f1o elegante, este tema cuenta con una extensa gama de caracter\u00edsticas, que incluyen, entre otros, varios dise\u00f1os de la p\u00e1gina de inicio, p\u00e1ginas de productos meticulosamente elaborados y una funci\u00f3n de b\u00fasqueda de AJAX inmensamente poderosa, todas las cuales contribuyen sin\u00e9rgicamente a mejorar la experiencia de navegaci\u00f3n de su clientela estimada mientras examina su sitio web. Adem\u00e1s, este tema se enorgullece de ser totalmente compatible con dispositivos m\u00f3viles, garantizar una experiencia \u00f3ptima del usuario y consolidar a\u00fan m\u00e1s su compromiso de maximizar la optimizaci\u00f3n de los motores de b\u00fasqueda. Para facilitar el proceso de desarrollo, este tema viene equipado con una gran cantidad de demostraciones preconstruidas que atienden a una amplia gama de industrias, lo que le permite personalizar sin esfuerzo su plataforma de comercio electr\u00f3nico en funci\u00f3n de sus requisitos espec\u00edficos. Al adoptar el tema de Molla, estar\u00e1 armado con un arsenal de herramientas que son fundamentales en la creaci\u00f3n de una tienda en l\u00ednea que exuda profesionalismo y pone el mayor \u00e9nfasis en la facilidad de uso.<\/p>\n","protected":false},"featured_media":166809,"comment_status":"open","ping_status":"open","template":"","meta":[],"product_brand":[2337],"product_cat":[1307,1237,1238],"product_tag":[1391],"class_list":{"0":"post-121102","1":"product","2":"type-product","3":"status-publish","4":"has-post-thumbnail","6":"product_brand-themeforest","7":"product_cat-negocio-wordpress-temas","8":"product_cat-temas","9":"product_cat-wordpress-temas","10":"product_tag-themeforest","11":"member-discount","12":"discount-restricted","14":"first","15":"instock","16":"sale","17":"downloadable","18":"virtual","19":"sold-individually","20":"purchasable","21":"product-type-simple"},"_links":{"self":[{"href":"https:\/\/gpl-love.com\/es\/wp-json\/wp\/v2\/product\/121102","targetHints":{"allow":["GET"]}}],"collection":[{"href":"https:\/\/gpl-love.com\/es\/wp-json\/wp\/v2\/product"}],"about":[{"href":"https:\/\/gpl-love.com\/es\/wp-json\/wp\/v2\/types\/product"}],"replies":[{"embeddable":true,"href":"https:\/\/gpl-love.com\/es\/wp-json\/wp\/v2\/comments?post=121102"}],"wp:featuredmedia":[{"embeddable":true,"href":"https:\/\/gpl-love.com\/es\/wp-json\/wp\/v2\/media\/166809"}],"wp:attachment":[{"href":"https:\/\/gpl-love.com\/es\/wp-json\/wp\/v2\/media?parent=121102"}],"wp:term":[{"taxonomy":"product_brand","embeddable":true,"href":"https:\/\/gpl-love.com\/es\/wp-json\/wp\/v2\/product_brand?post=121102"},{"taxonomy":"product_cat","embeddable":true,"href":"https:\/\/gpl-love.com\/es\/wp-json\/wp\/v2\/product_cat?post=121102"},{"taxonomy":"product_tag","embeddable":true,"href":"https:\/\/gpl-love.com\/es\/wp-json\/wp\/v2\/product_tag?post=121102"}],"curies":[{"name":"wp","href":"https:\/\/api.w.org\/{rel}","templated":true}]}}