{"id":121100,"date":"2026-04-07T00:00:00","date_gmt":"2026-04-07T05:00:00","guid":{"rendered":"https:\/\/gpl-love.com\/es\/producto\/modern-events-calendar-pro\/"},"modified":"2026-04-10T11:16:51","modified_gmt":"2026-04-10T16:16:51","slug":"modern-events-calendar-pro","status":"publish","type":"product","link":"https:\/\/gpl-love.com\/es\/producto\/modern-events-calendar-pro\/","title":{"rendered":"Modern Events Calendar 7.32.0"},"content":{"rendered":"<h3>Modern Events Calendar Caracteristicas<\/h3>\n<p>El calendario de eventos modernos es una herramienta incre\u00edblemente robusta y eficiente que le permite generar y supervisar sin esfuerzo una multitud de eventos en su sitio web. El complemento cuenta con un dise\u00f1o est\u00e9ticamente agradable y contempor\u00e1neo que ofrece una gran cantidad de caracter\u00edsticas notables, que abarca la capacidad de personalizar la configuraci\u00f3n de eventos para satisfacer sus necesidades espec\u00edficas, una variedad de estilos y dise\u00f1os cautivadores, as\u00ed como una integraci\u00f3n perfecta con pasarelas de pago muy populares. La interfaz de arrastre y ca\u00edda notablemente f\u00e1cil de usar facilita la creaci\u00f3n y el mantenimiento de eventos con facilidad incomparable, mientras que las funcionalidades de b\u00fasqueda y filtro inmensamente potentes permiten a los usuarios localizar y acceder r\u00e1pidamente a los eventos que despiertan su inter\u00e9s. Adem\u00e1s, el complemento est\u00e1 meticulosamente dise\u00f1ado para ser totalmente compatible con los dispositivos m\u00f3viles, lo que garantiza que sus eventos sigan siendo f\u00e1cilmente accesibles para los usuarios en todas las plataformas. Gracias a la incomparable calendario de destreza de eventos modernos, puede construir sin esfuerzo un calendario de eventos verdaderamente profesional y cautivador dentro de los l\u00edmites de su sitio web.<\/p>\n<ul>\n<li>Un complemento de calendario de eventos elegante y f\u00e1cil de usar para sitios web de WordPress<\/li>\n<li>Caracter\u00edsticas potentes y personalizables, que incluyen m\u00faltiples vistas, eventos recurrentes e integraci\u00f3n de ventas de boletos<\/li>\n<li>El dise\u00f1o receptivo asegura que el calendario se vea muy bien en cualquier dispositivo<\/li>\n<li>Se integra con herramientas populares como Google Maps y las plataformas de redes sociales, lo que facilita la promoci\u00f3n de eventos<\/li>\n<li>El soporte multiling\u00fce significa que el calendario puede ser utilizado por audiencias internacionales<\/li>\n<li>Actualizaciones y soporte peri\u00f3dicos Aseg\u00farese de que el calendario se mantenga actualizado y funcione sin problemas<\/li>\n<li>Dise\u00f1ado con desarrolladores y dise\u00f1adores en mente, con opciones y ganchos CSS personalizados para extender la funcionalidad.<\/li>\n<\/ul>\n","protected":false},"excerpt":{"rendered":"<p>El calendario de eventos modernos ofrece a los usuarios una soluci\u00f3n directa y refinada para administrar efectivamente sus eventos. Al utilizar su interfaz f\u00e1cil de usar y sus capacidades robustas, las personas podr\u00e1n generar y supervisar los eventos mientras los presentan est\u00e9ticamente en su sitio web. Ya sea que uno est\u00e9 orquestando una conferencia, taller o reuni\u00f3n casual, el calendario de eventos modernos demuestra ser un instrumento ideal para facilitar la promoci\u00f3n de eventos y la organizaci\u00f3n sin esfuerzo. Por lo tanto, \u00bfpor qu\u00e9 retrasar? \u00a1Aproveche la oportunidad de experimentarlo hoy y presencie de primera mano c\u00f3mo puede elevar sus esfuerzos de planificaci\u00f3n de eventos a nuevas alturas!<\/p>\n","protected":false},"featured_media":166797,"comment_status":"open","ping_status":"open","template":"","meta":[],"product_brand":[2408],"product_cat":[1214,1206,1211],"product_tag":[1419],"class_list":{"0":"post-121100","1":"product","2":"type-product","3":"status-publish","4":"has-post-thumbnail","6":"product_brand-webnus","7":"product_cat-personalizacion","8":"product_cat-plugins","9":"product_cat-wordpress-plugins","10":"product_tag-webnus","11":"member-discount","12":"discount-restricted","14":"first","15":"instock","16":"sale","17":"downloadable","18":"virtual","19":"sold-individually","20":"purchasable","21":"product-type-simple"},"_links":{"self":[{"href":"https:\/\/gpl-love.com\/es\/wp-json\/wp\/v2\/product\/121100","targetHints":{"allow":["GET"]}}],"collection":[{"href":"https:\/\/gpl-love.com\/es\/wp-json\/wp\/v2\/product"}],"about":[{"href":"https:\/\/gpl-love.com\/es\/wp-json\/wp\/v2\/types\/product"}],"replies":[{"embeddable":true,"href":"https:\/\/gpl-love.com\/es\/wp-json\/wp\/v2\/comments?post=121100"}],"wp:featuredmedia":[{"embeddable":true,"href":"https:\/\/gpl-love.com\/es\/wp-json\/wp\/v2\/media\/166797"}],"wp:attachment":[{"href":"https:\/\/gpl-love.com\/es\/wp-json\/wp\/v2\/media?parent=121100"}],"wp:term":[{"taxonomy":"product_brand","embeddable":true,"href":"https:\/\/gpl-love.com\/es\/wp-json\/wp\/v2\/product_brand?post=121100"},{"taxonomy":"product_cat","embeddable":true,"href":"https:\/\/gpl-love.com\/es\/wp-json\/wp\/v2\/product_cat?post=121100"},{"taxonomy":"product_tag","embeddable":true,"href":"https:\/\/gpl-love.com\/es\/wp-json\/wp\/v2\/product_tag?post=121100"}],"curies":[{"name":"wp","href":"https:\/\/api.w.org\/{rel}","templated":true}]}}