{"id":121098,"date":"2023-02-09T00:00:00","date_gmt":"2023-02-09T05:00:00","guid":{"rendered":"https:\/\/gpl-love.com\/es\/producto\/minervakb-knowledge-base-para-wordpress-with-analytics\/"},"modified":"2026-04-10T11:16:38","modified_gmt":"2026-04-10T16:16:38","slug":"minervakb-knowledge-base-para-wordpress-with-analytics","status":"publish","type":"product","link":"https:\/\/gpl-love.com\/es\/producto\/minervakb-knowledge-base-para-wordpress-with-analytics\/","title":{"rendered":"MinervaKB Knowledge Base para WordPress with Analytics 2.0.9"},"content":{"rendered":"<h3>MinervaKB Knowledge Base para WordPress with Analytics Caracteristicas<\/h3>\n<p>La base de conocimiento de Minervakb para WordPress, equipada con capacidades de an\u00e1lisis de vanguardia, es una herramienta excepcionalmente robusta e indispensable para empresas con el objetivo de establecer una base de conocimiento altamente eficiente y centrada en el usuario en su plataforma de WordPress. Este notable recurso no solo le permite clasificar y etiquetar a la perfecci\u00f3n sus art\u00edculos, sino que tambi\u00e9n permite la integraci\u00f3n perfecta de im\u00e1genes y videos visualmente convincentes, al tiempo que proporciona la flexibilidad para adaptar el dise\u00f1o para alinearse impecablemente con su marca. Lo que realmente distingue a Minervakb de la competencia es su funcionalidad anal\u00edtica altamente sofisticada, que proporciona informaci\u00f3n invaluable sobre el comportamiento del usuario, identifica art\u00edculos populares y presenta los t\u00e9rminos de b\u00fasqueda con mayor frecuencia empleados por su estimada clientela. Armado con estos datos completos, est\u00e1 listo para optimizar su contenido, mejorando as\u00ed la experiencia general del usuario. Sorprendentemente, Minervakb simplifica la creaci\u00f3n de una amplia base de conocimientos, asegurando que sus estimados clientes accedan de manera r\u00e1pida y sin esfuerzo la informaci\u00f3n precisa que requieren, lo que finalmente conduce a una reducci\u00f3n sustancial en las solicitudes de apoyo.<\/p>\n<ul>\n<li>Una poderosa soluci\u00f3n de base de conocimiento dise\u00f1ada espec\u00edficamente para sitios web de WordPress<\/li>\n<li>Capacidades de an\u00e1lisis para rastrear el comportamiento del usuario y la participaci\u00f3n con su base de conocimiento<\/li>\n<li>Integraci\u00f3n perfecta con su sitio web de WordPress, con opciones de personalizaci\u00f3n f\u00e1ciles para que coincidan con su marca<\/li>\n<li>Funcionalidad de b\u00fasqueda intuitiva para encontrar r\u00e1pidamente las respuestas que los usuarios buscan<\/li>\n<li>Capacidad para crear y organizar art\u00edculos, preguntas frecuentes y documentaci\u00f3n para sus productos o servicios<\/li>\n<li>Caracter\u00edsticas avanzadas como versiones y comentarios de art\u00edculos, para mejorar a\u00fan m\u00e1s la colaboraci\u00f3n y el compromiso<\/li>\n<li>Una interfaz f\u00e1cil de usar, dise\u00f1ada para hacer que el intercambio y la administraci\u00f3n de conocimientos sean muy f\u00e1ciles<\/li>\n<li>Soporte para m\u00faltiples idiomas, asegurando que su base de conocimiento sea accesible para usuarios de todo el mundo<\/li>\n<li>Actualizaciones peri\u00f3dicas y atenci\u00f3n al cliente para garantizar que su base de conocimiento sea relevante y efectiva.<\/li>\n<\/ul>\n","protected":false},"excerpt":{"rendered":"<p>Minervakb Knowledge Base ofrece una soluci\u00f3n integral e integral que se ha dise\u00f1ado y adaptado espec\u00edficamente para los usuarios de WordPress. Este complemento excepcional no solo le permite crear y administrar eficientemente una base de conocimiento altamente intuitiva, sino que tambi\u00e9n va m\u00e1s all\u00e1 al equiparlo con la poderosa capacidad de monitorear de cerca la actividad del usuario a trav\u00e9s de su funci\u00f3n de an\u00e1lisis integrado. Esta valiosa funcionalidad asegura que est\u00e9 armado con las ideas necesarias para mejorar y optimizar constantemente la experiencia general del usuario. En esencia, la base de conocimiento de Minervakb se erige como la respuesta final y definitiva para las empresas que buscan proporcionar a sus estimados clientes un acceso r\u00e1pido y conveniente a una gran cantidad de informaci\u00f3n invaluable.<\/p>\n","protected":false},"featured_media":166782,"comment_status":"open","ping_status":"open","template":"","meta":[],"product_brand":[2339],"product_cat":[1214,1206,1211],"product_tag":[1256],"class_list":{"0":"post-121098","1":"product","2":"type-product","3":"status-publish","4":"has-post-thumbnail","6":"product_brand-codecanyon","7":"product_cat-personalizacion","8":"product_cat-plugins","9":"product_cat-wordpress-plugins","10":"product_tag-codecanyon","11":"member-discount","12":"discount-restricted","14":"first","15":"instock","16":"sale","17":"downloadable","18":"virtual","19":"sold-individually","20":"purchasable","21":"product-type-simple"},"_links":{"self":[{"href":"https:\/\/gpl-love.com\/es\/wp-json\/wp\/v2\/product\/121098","targetHints":{"allow":["GET"]}}],"collection":[{"href":"https:\/\/gpl-love.com\/es\/wp-json\/wp\/v2\/product"}],"about":[{"href":"https:\/\/gpl-love.com\/es\/wp-json\/wp\/v2\/types\/product"}],"replies":[{"embeddable":true,"href":"https:\/\/gpl-love.com\/es\/wp-json\/wp\/v2\/comments?post=121098"}],"wp:featuredmedia":[{"embeddable":true,"href":"https:\/\/gpl-love.com\/es\/wp-json\/wp\/v2\/media\/166782"}],"wp:attachment":[{"href":"https:\/\/gpl-love.com\/es\/wp-json\/wp\/v2\/media?parent=121098"}],"wp:term":[{"taxonomy":"product_brand","embeddable":true,"href":"https:\/\/gpl-love.com\/es\/wp-json\/wp\/v2\/product_brand?post=121098"},{"taxonomy":"product_cat","embeddable":true,"href":"https:\/\/gpl-love.com\/es\/wp-json\/wp\/v2\/product_cat?post=121098"},{"taxonomy":"product_tag","embeddable":true,"href":"https:\/\/gpl-love.com\/es\/wp-json\/wp\/v2\/product_tag?post=121098"}],"curies":[{"name":"wp","href":"https:\/\/api.w.org\/{rel}","templated":true}]}}