{"id":121090,"date":"2026-04-10T00:00:00","date_gmt":"2026-04-10T05:00:00","guid":{"rendered":"https:\/\/gpl-love.com\/es\/producto\/memberpress-basic-wordpress-plugin\/"},"modified":"2026-04-10T11:16:04","modified_gmt":"2026-04-10T16:16:04","slug":"memberpress-basic-wordpress-plugin","status":"publish","type":"product","link":"https:\/\/gpl-love.com\/es\/producto\/memberpress-basic-wordpress-plugin\/","title":{"rendered":"MemberPress Pro 1.12.15"},"content":{"rendered":"<h3>MemberPress Pro Caracteristicas<\/h3>\n<p>MemberPress Pro es un complemento de membres\u00eda altamente sofisticado y avanzado dise\u00f1ado espec\u00edficamente para WordPress, que proporciona una amplia gama de caracter\u00edsticas para facilitar la creaci\u00f3n y la gesti\u00f3n de un sitio de membres\u00eda altamente pr\u00f3spero. Las notables capacidades de MemberPress Pro abarcan la generaci\u00f3n sin esfuerzo de diversos niveles de membres\u00eda, la implementaci\u00f3n de restricciones de contenido, as\u00ed como salvaguardar sus invaluables productos digitales. Adem\u00e1s, este complemento excepcional incluso extiende su funcionalidad para permitir la provisi\u00f3n de per\u00edodos de prueba complementarios, suscripciones recurrentes y tambi\u00e9n la opci\u00f3n para pagos \u00fanicos. Un atributo notable de MemberPress Pro radica en su integraci\u00f3n perfecta con las famosas pasarelas de pago y los servicios de marketing por correo electr\u00f3nico muy buscados, asegurando as\u00ed la automatizaci\u00f3n perfecta de su sitio de membres\u00eda. En particular, el complemento se complementa con excelentes sistemas de soporte y documentaci\u00f3n integral, que son fundamentales para facilitar una iniciaci\u00f3n sin problemas y el posterior \u00e9xito de su sitio de membres\u00eda. Independientemente de si se dedica a la venta de cursos altamente deseados, descargas digitales o contenido premium, MemberPress Pro realmente se erige como una selecci\u00f3n notable e incomparable para construir un sitio de membres\u00eda robusto y altamente eficiente.<\/p>\n<ul>\n<li>Administrar y controlar el acceso al contenido de su sitio web con precisi\u00f3n<\/li>\n<li>Crear niveles de membres\u00eda con diferentes niveles de acceso y precios<\/li>\n<li>Integrarse f\u00e1cilmente con las pasarelas de pago populares para aceptar pagos<\/li>\n<li>Restringir el contenido por publicaci\u00f3n, p\u00e1gina, categor\u00eda e incluso por etiquetas espec\u00edficas<\/li>\n<li>Monitorear la actividad del usuario y rastrear m\u00e9tricas importantes con informes en tiempo real<\/li>\n<li>Ofrecer descuentos y cupones a los miembros, aumentando la lealtad del cliente<\/li>\n<li>Automatizar la comunicaci\u00f3n por correo electr\u00f3nico a los miembros para recordatorios de renovaci\u00f3n u otras actualizaciones<\/li>\n<li>Permitir a los miembros que administren la informaci\u00f3n de su propia cuenta y la configuraci\u00f3n de suscripci\u00f3n<\/li>\n<li>Personalice la apariencia de su sitio de membres\u00eda con control de dise\u00f1o completo<\/li>\n<li>Reciba el soporte de primer nivel del equipo de MemberPress y una amplia documentaci\u00f3n.<\/li>\n<\/ul>\n","protected":false},"excerpt":{"rendered":"<p>MemberPress Pro es un complemento de WordPress notablemente robusto que le ofrece la notable capacidad de crear y administrar efectivamente los sitios de membres\u00eda. Este complemento extraordinario le permite generar niveles de membres\u00eda ilimitados, limitar con expertos el acceso al contenido en funci\u00f3n del estado de la membres\u00eda y vender convenientemente productos y cursos digitales directamente desde su sitio web. No solo eso, sino que tambi\u00e9n se le otorgar\u00e1 una variedad de caracter\u00edsticas avanzadas, como la funcionalidad de contenido de goteo, la integraci\u00f3n perfecta de un programa de afiliados y la oportunidad de personalizar su marca a trav\u00e9s de opciones de marca personalizadas. Ya sea que su objetivo sea construir una comunidad en l\u00ednea pr\u00f3spera o monetizar efectivamente su contenido digital, tenga la seguridad de que MemberPress Pro posee todos los elementos esenciales necesarios para llevar su visi\u00f3n a buen t\u00e9rmino.<\/p>\n","protected":false},"featured_media":166741,"comment_status":"open","ping_status":"open","template":"","meta":[],"product_brand":[2496],"product_cat":[1325,1206,1211],"product_tag":[1327],"class_list":{"0":"post-121090","1":"product","2":"type-product","3":"status-publish","4":"has-post-thumbnail","6":"product_brand-memberpress","7":"product_cat-afiliacion","8":"product_cat-plugins","9":"product_cat-wordpress-plugins","10":"product_tag-memberpress","11":"member-discount","12":"discount-restricted","14":"first","15":"instock","16":"sale","17":"downloadable","18":"virtual","19":"sold-individually","20":"purchasable","21":"product-type-simple"},"_links":{"self":[{"href":"https:\/\/gpl-love.com\/es\/wp-json\/wp\/v2\/product\/121090","targetHints":{"allow":["GET"]}}],"collection":[{"href":"https:\/\/gpl-love.com\/es\/wp-json\/wp\/v2\/product"}],"about":[{"href":"https:\/\/gpl-love.com\/es\/wp-json\/wp\/v2\/types\/product"}],"replies":[{"embeddable":true,"href":"https:\/\/gpl-love.com\/es\/wp-json\/wp\/v2\/comments?post=121090"}],"wp:featuredmedia":[{"embeddable":true,"href":"https:\/\/gpl-love.com\/es\/wp-json\/wp\/v2\/media\/166741"}],"wp:attachment":[{"href":"https:\/\/gpl-love.com\/es\/wp-json\/wp\/v2\/media?parent=121090"}],"wp:term":[{"taxonomy":"product_brand","embeddable":true,"href":"https:\/\/gpl-love.com\/es\/wp-json\/wp\/v2\/product_brand?post=121090"},{"taxonomy":"product_cat","embeddable":true,"href":"https:\/\/gpl-love.com\/es\/wp-json\/wp\/v2\/product_cat?post=121090"},{"taxonomy":"product_tag","embeddable":true,"href":"https:\/\/gpl-love.com\/es\/wp-json\/wp\/v2\/product_tag?post=121090"}],"curies":[{"name":"wp","href":"https:\/\/api.w.org\/{rel}","templated":true}]}}