{"id":121088,"date":"2025-11-14T00:00:00","date_gmt":"2025-11-14T05:00:00","guid":{"rendered":"https:\/\/gpl-love.com\/es\/producto\/mayosis-digital-marketplace-wordpress-theme\/"},"modified":"2026-03-13T17:24:13","modified_gmt":"2026-03-13T22:24:13","slug":"mayosis-digital-marketplace-wordpress-theme","status":"publish","type":"product","link":"https:\/\/gpl-love.com\/es\/producto\/mayosis-digital-marketplace-wordpress-theme\/","title":{"rendered":"Mayosis Digital Marketplace WordPress Theme 5.4.7"},"content":{"rendered":"<h3>Mayosis Digital Marketplace WordPress Theme Caracteristicas<\/h3>\n<p>El tema de WordPress del mercado digital de mayosis, con su dise\u00f1o visualmente impresionante y una gran cantidad de caracter\u00edsticas, est\u00e1 espec\u00edficamente dise\u00f1ado para ayudarlo a establecer un mercado en l\u00ednea para productos digitales. Presenta una gran cantidad de opciones de personalizaci\u00f3n que le permiten infundir su mercado con una identidad \u00fanica, lo que le permite distinguirse sin esfuerzo de la competencia. Adem\u00e1s, al ofrecer un soporte incorporado para pasarelas de pago bien conocidas, mayosis le proporciona capacidades de gesti\u00f3n de transacciones y pagos sin problemas. Adem\u00e1s, el tema est\u00e1 meticulosamente optimizado para el rendimiento inigualable y la optimizaci\u00f3n de motores de b\u00fasqueda (SEO), asegurando as\u00ed el funcionamiento sin problemas de su mercado mientras refuerza su capacidad de descubrimiento en los motores de b\u00fasqueda populares. En resumen, si est\u00e1 buscando lanzar un mercado digital profesional y en pleno funcionamiento en la plataforma de WordPress, Maldise constituye una elecci\u00f3n excepcional.<\/p>\n<ul>\n<li>Mayosis es un tema profesional y elegante de WordPress que est\u00e1 espec\u00edficamente dise\u00f1ado para un mercado digital.<\/li>\n<li>Con mayosis, los usuarios pueden crear y administrar f\u00e1cilmente un mercado digital para vender productos como m\u00fasica, vectores, fotos, fuentes, temas y plantillas.<\/li>\n<li>Este tema tiene un poderoso sistema de env\u00edo de front-end que hace que sea f\u00e1cil para los proveedores enviar sus productos a la venta. Tambi\u00e9n incluye un sistema de revisi\u00f3n eficiente para garantizar la calidad de los productos que se ofrecen.<\/li>\n<li>La mayosis tiene m\u00faltiples opciones de pago que incluyen PayPal, Stripe y muchas m\u00e1s.<\/li>\n<li>Los clientes pueden buscar f\u00e1cilmente sus productos deseados por categor\u00eda, filtro y b\u00fasqueda de palabras clave.<\/li>\n<li>Mayois es altamente personalizable y brinda a los usuarios la opci\u00f3n de seleccionar una demostraci\u00f3n prefabricada y modificarla a su gusto, o construir su dise\u00f1o desde cero utilizando su creador de p\u00e1ginas de arrastre de arrastre.<\/li>\n<li>El tema est\u00e1 bien documentado, por lo que es f\u00e1cil para los usuarios comprender e implementar cambios en su sitio web.<\/li>\n<li>La mayosis es muy receptiva, asegurando que su sitio web sea accesible en todos los dispositivos, incluidos tel\u00e9fonos m\u00f3viles, computadoras y tabletas.<\/li>\n<li>Los desarrolladores de mayosis tambi\u00e9n ofrecen atenci\u00f3n al cliente excepcional para resolver cualquier problema o confusi\u00f3n que pueda experimentar.<\/li>\n<li>Con mayosis, los usuarios pueden crear un mercado digital perfecto y efectivo que seguramente impresionar\u00e1 a sus clientes y aumentar\u00e1 sus ventas.<\/li>\n<\/ul>\n","protected":false},"excerpt":{"rendered":"<p>El tema de WordPress del mercado digital de mayosis se presenta como una opci\u00f3n incomparable para empresarios y creadores ambiciosos que buscan establecer una presencia rentable en el \u00e1mbito de las ventas de productos digitales en l\u00ednea. Con su dise\u00f1o meticulosamente elaborado, este tema promete una experiencia de usuario sin igual, dotada generosamente con una variedad de herramientas de vanguardia dise\u00f1adas para facilitar la organizaci\u00f3n de productos sin costuras, el procesamiento de pagos optimizado y la comunicaci\u00f3n efectiva del cliente. Ya sea que sus productos digitales tomen la forma de los libros electr\u00f3nicos cautivadores, los videos fascinantes, la fotograf\u00eda impresionante, la m\u00fasica melodiosa o el software sofisticado, el tema de WordPress del mercado digital de mayosis ofrece una soluci\u00f3n sin esfuerzo para establecer un emporio sofisticado en l\u00ednea, totalmente equipado para atraer una diversa y amplia y amplia . En virtud de su interfaz f\u00e1cil de usar, complementada por una destreza tecnol\u00f3gica formidable, este tema se afirma como un activo indispensable para cualquier proveedor en l\u00ednea exigente comprometido a realizar un \u00e9xito sustancial.<\/p>\n","protected":false},"featured_media":166710,"comment_status":"open","ping_status":"open","template":"","meta":[],"product_brand":[2337],"product_cat":[1307,1237,1238],"product_tag":[1391],"class_list":{"0":"post-121088","1":"product","2":"type-product","3":"status-publish","4":"has-post-thumbnail","6":"product_brand-themeforest","7":"product_cat-negocio-wordpress-temas","8":"product_cat-temas","9":"product_cat-wordpress-temas","10":"product_tag-themeforest","11":"member-discount","12":"discount-restricted","14":"first","15":"instock","16":"sale","17":"downloadable","18":"virtual","19":"sold-individually","20":"purchasable","21":"product-type-simple"},"_links":{"self":[{"href":"https:\/\/gpl-love.com\/es\/wp-json\/wp\/v2\/product\/121088","targetHints":{"allow":["GET"]}}],"collection":[{"href":"https:\/\/gpl-love.com\/es\/wp-json\/wp\/v2\/product"}],"about":[{"href":"https:\/\/gpl-love.com\/es\/wp-json\/wp\/v2\/types\/product"}],"replies":[{"embeddable":true,"href":"https:\/\/gpl-love.com\/es\/wp-json\/wp\/v2\/comments?post=121088"}],"wp:featuredmedia":[{"embeddable":true,"href":"https:\/\/gpl-love.com\/es\/wp-json\/wp\/v2\/media\/166710"}],"wp:attachment":[{"href":"https:\/\/gpl-love.com\/es\/wp-json\/wp\/v2\/media?parent=121088"}],"wp:term":[{"taxonomy":"product_brand","embeddable":true,"href":"https:\/\/gpl-love.com\/es\/wp-json\/wp\/v2\/product_brand?post=121088"},{"taxonomy":"product_cat","embeddable":true,"href":"https:\/\/gpl-love.com\/es\/wp-json\/wp\/v2\/product_cat?post=121088"},{"taxonomy":"product_tag","embeddable":true,"href":"https:\/\/gpl-love.com\/es\/wp-json\/wp\/v2\/product_tag?post=121088"}],"curies":[{"name":"wp","href":"https:\/\/api.w.org\/{rel}","templated":true}]}}