{"id":121086,"date":"2026-04-10T00:00:00","date_gmt":"2026-04-10T05:00:00","guid":{"rendered":"https:\/\/gpl-love.com\/es\/producto\/masterstudy-education-lms-wordpress-theme\/"},"modified":"2026-04-10T11:15:59","modified_gmt":"2026-04-10T16:15:59","slug":"masterstudy-education-lms-wordpress-theme","status":"publish","type":"product","link":"https:\/\/gpl-love.com\/es\/producto\/masterstudy-education-lms-wordpress-theme\/","title":{"rendered":"Masterstudy Education LMS WordPress Theme 4.8.143"},"content":{"rendered":"<h3>Masterstudy Education LMS WordPress Theme Caracteristicas<\/h3>\n<p>El tema de WordPress de Educaci\u00f3n Master-Study LMS se presenta como una soluci\u00f3n integral y que lo abarca para las personas que buscan establecer una plataforma de aprendizaje en l\u00ednea profesional y cautivadora. A trav\u00e9s de su interfaz f\u00e1cil de usar y su impresionante variedad de caracter\u00edsticas potentes, este tema ofrece una gran cantidad de opciones de personalizaci\u00f3n, lo que permite a los usuarios adaptar meticulosamente su sitio web para alinearse perfectamente con sus requisitos espec\u00edficos. Ya sea que uno se esfuerce por crear un sitio web de aprendizaje electr\u00f3nico, una plataforma de cursos en l\u00ednea o un sitio web de la escuela, Master-Study facilita sin esfuerzo la creaci\u00f3n de un sitio visualmente llamativo e esclarecedor, uno que cautiva efectivamente a los alumnos y los impulsa a lograr sus aspiraciones educativas. Con su dise\u00f1o receptivo y su funcionalidad robusta, el tema de WordPress de Educaci\u00f3n Master -Study LMS surge como un activo indispensable para educadores y empresarios, que est\u00e1n interesados \u200b\u200ben construir una plataforma de aprendizaje en l\u00ednea exitosa y pr\u00f3spera.<\/p>\n<ul>\n<li>Un poderoso tema de WordPress dise\u00f1ado espec\u00edficamente para instituciones educativas<\/li>\n<li>El dise\u00f1o receptivo asegura que el tema funcione sin problemas en todos los dispositivos, desde escritorio hasta dispositivos m\u00f3viles<\/li>\n<li>El sistema de gesti\u00f3n de cursos incorporado facilita la creaci\u00f3n y administraci\u00f3n de cursos, rastrear el progreso de los estudiantes y emitir certificados<\/li>\n<li>El constructor de p\u00e1ginas de arrastrar y soltar intuitivo le permite personalizar el tema para satisfacer las necesidades \u00fanicas de su escuela<\/li>\n<li>La integraci\u00f3n con pasarelas de pago populares significa que puede recoger f\u00e1cilmente los pagos para cursos y otras ofertas.<\/li>\n<li>El dise\u00f1o amigable con SEO ayuda a su sitio a clasificarse m\u00e1s en los resultados de b\u00fasqueda, trayendo m\u00e1s tr\u00e1fico y clientes potenciales<\/li>\n<li>El acceso a una biblioteca de sitios de demostraci\u00f3n previamente construidos hace que sea f\u00e1cil comenzar y crear un sitio web de aspecto profesional en poco tiempo<\/li>\n<li>El soporte completo para WooCommerce le permite vender productos f\u00edsicos y digitales a trav\u00e9s de su sitio<\/li>\n<li>La integraci\u00f3n con las plataformas de redes sociales facilita la promoci\u00f3n de sus cursos y otras ofertas a un p\u00fablico m\u00e1s amplio<\/li>\n<li>Documentaci\u00f3n y soporte integral Aseg\u00farese de que pueda obtener ayuda f\u00e1cilmente y personalizar el tema para satisfacer sus necesidades.<\/li>\n<\/ul>\n","protected":false},"excerpt":{"rendered":"<p>El tema de WordPress de Educaci\u00f3n Master-Study LMS ofrece una gran cantidad de opciones personalizables y una interfaz f\u00e1cil de usar, lo que lo convierte en una excelente opci\u00f3n para construir plataformas de aprendizaje en l\u00ednea. Este tema cuenta con una variedad de caracter\u00edsticas robustas, incluida la capacidad de crear cursos, administrar pruebas, administrar a los estudiantes e integrar sin problemas los sistemas de pago, simplificando as\u00ed el proceso de desarrollo y mantenimiento de contenido educativo. Adem\u00e1s, el tema prioriza la optimizaci\u00f3n y la capacidad de respuesta del motor de b\u00fasqueda, asegurando que los estudiantes puedan acceder a los materiales del curso desde cualquier dispositivo. Ya sea que sea un educador individual o una instituci\u00f3n educativa, el tema de WordPress de Educaci\u00f3n Master-Study le proporciona la herramienta ideal para ofrecer experiencias excepcionales de aprendizaje electr\u00f3nico de la m\u00e1xima calidad.<\/p>\n","protected":false},"featured_media":166704,"comment_status":"open","ping_status":"open","template":"","meta":[],"product_brand":[2337],"product_cat":[1307,1237,1238],"product_tag":[1391],"class_list":{"0":"post-121086","1":"product","2":"type-product","3":"status-publish","4":"has-post-thumbnail","6":"product_brand-themeforest","7":"product_cat-negocio-wordpress-temas","8":"product_cat-temas","9":"product_cat-wordpress-temas","10":"product_tag-themeforest","11":"member-discount","12":"discount-restricted","14":"first","15":"instock","16":"sale","17":"downloadable","18":"virtual","19":"sold-individually","20":"purchasable","21":"product-type-simple"},"_links":{"self":[{"href":"https:\/\/gpl-love.com\/es\/wp-json\/wp\/v2\/product\/121086","targetHints":{"allow":["GET"]}}],"collection":[{"href":"https:\/\/gpl-love.com\/es\/wp-json\/wp\/v2\/product"}],"about":[{"href":"https:\/\/gpl-love.com\/es\/wp-json\/wp\/v2\/types\/product"}],"replies":[{"embeddable":true,"href":"https:\/\/gpl-love.com\/es\/wp-json\/wp\/v2\/comments?post=121086"}],"wp:featuredmedia":[{"embeddable":true,"href":"https:\/\/gpl-love.com\/es\/wp-json\/wp\/v2\/media\/166704"}],"wp:attachment":[{"href":"https:\/\/gpl-love.com\/es\/wp-json\/wp\/v2\/media?parent=121086"}],"wp:term":[{"taxonomy":"product_brand","embeddable":true,"href":"https:\/\/gpl-love.com\/es\/wp-json\/wp\/v2\/product_brand?post=121086"},{"taxonomy":"product_cat","embeddable":true,"href":"https:\/\/gpl-love.com\/es\/wp-json\/wp\/v2\/product_cat?post=121086"},{"taxonomy":"product_tag","embeddable":true,"href":"https:\/\/gpl-love.com\/es\/wp-json\/wp\/v2\/product_tag?post=121086"}],"curies":[{"name":"wp","href":"https:\/\/api.w.org\/{rel}","templated":true}]}}