{"id":121084,"date":"2025-06-03T00:00:00","date_gmt":"2025-06-03T05:00:00","guid":{"rendered":"https:\/\/gpl-love.com\/es\/producto\/mainwp-piwik\/"},"modified":"2026-03-09T07:48:13","modified_gmt":"2026-03-09T12:48:13","slug":"mainwp-piwik","status":"publish","type":"product","link":"https:\/\/gpl-love.com\/es\/producto\/mainwp-piwik\/","title":{"rendered":"MainWP Matomo (Piwik) 5.1"},"content":{"rendered":"<h3>MainWP Matomo (Piwik) Caracteristicas<\/h3>\n<p>Mainwp Matomo (PIWIK) es una plataforma de an\u00e1lisis avanzado que presenta una variedad de caracter\u00edsticas que permiten a los propietarios y gerentes de sitios web rastrear y realizar meticulosamente un an\u00e1lisis en profundidad del comportamiento del usuario en sus sitios web. Al aprovechar sus s\u00f3lidas capacidades de seguimiento, esta plataforma ofrece informaci\u00f3n integral sobre la actividad de los visitantes, que abarca m\u00e9tricas cruciales, como vistas de p\u00e1gina, clics, tasas de rebote y m\u00e1s. Adem\u00e1s, la plataforma ha sido cuidadosamente dise\u00f1ada para priorizar la facilidad de uso y presenta una amplia gama de opciones de personalizaci\u00f3n adaptadas a los requisitos \u00fanicos de cualquier negocio. En particular, tambi\u00e9n cuenta con una gran cantidad de potentes herramientas de informes, lo que permite a los usuarios generar informes intrincados sobre el rendimiento del sitio web y el comportamiento del usuario. En consecuencia, MainWP Matomo (PIWIK) sirve como una herramienta vital que equipa a las empresas con la capacidad de optimizar el rendimiento de su sitio web y mejorar las tasas de conversi\u00f3n, lo que hace que sea indispensable para todos los propietarios de sitios web o gerentes que se esfuerzan por lograr un \u00e9xito en l\u00ednea incomparable.<\/p>\n<ul>\n<li>Proporciona a los propietarios de sitios web de WordPress acceso a datos de an\u00e1lisis de Matomo (anteriormente Piwik)<\/li>\n<li>Se integra a la perfecci\u00f3n con el tablero de MainWP para facilitar el acceso y la gesti\u00f3n<\/li>\n<li>Ofrece datos detallados sobre el tr\u00e1fico del sitio web, el comportamiento del usuario y m\u00e1s<\/li>\n<li>Permite el seguimiento personalizado de eventos u objetivos espec\u00edficos del sitio web<\/li>\n<li>Ofrece una gama de herramientas de an\u00e1lisis, que incluyen seguimiento de visitantes en tiempo real, seguimiento de ubicaci\u00f3n del usuario y m\u00e1s<\/li>\n<li>Permite a los propietarios de sitios web crear informes y paneles personalizados para comprender mejor el rendimiento de su sitio web<\/li>\n<li>Proporciona a los propietarios de sitios web informaci\u00f3n sobre el rendimiento del sitio web, la participaci\u00f3n del usuario y m\u00e1s, para optimizar el dise\u00f1o del sitio, el contenido y los esfuerzos de marketing.<\/li>\n<\/ul>\n","protected":false},"excerpt":{"rendered":"<p>Mainwp Matomo (PIWIK) es un complemento incre\u00edblemente robusto que permite a los usuarios la capacidad de rastrear y administrar perfectamente su an\u00e1lisis de sitios web, todo dentro de los l\u00edmites de su panel de Mainwp. Esta herramienta altamente efectiva proporciona a los usuarios los medios para medir y analizar con precisi\u00f3n una variedad de m\u00e9tricas cruciales relacionadas con su sitio web, incluidos, entre otros, el volumen y los patrones del tr\u00e1fico, el comportamiento de los visitantes y otros puntos de datos imperativos. Lo que realmente distingue a Mainwp Matomo (PIWIK) de sus competidores es su interfaz f\u00e1cil de usar, lo que hace que la creaci\u00f3n de informes personalizados, el seguimiento de los objetivos y el monitoreo en tiempo real del rendimiento del sitio web sean una brisa absoluta. Adem\u00e1s, gracias a su notable capacidad para generar informes integrales y altamente detallados, Mainwp Matomo (PIWIK) es realmente un activo primordial para cualquier persona que busque optimizar su sitio web y reforzar su presencia en l\u00ednea.<\/p>\n","protected":false},"featured_media":166673,"comment_status":"open","ping_status":"open","template":"","meta":[],"product_brand":[2491],"product_cat":[1212,1206,1211],"product_tag":[1324],"class_list":{"0":"post-121084","1":"product","2":"type-product","3":"status-publish","4":"has-post-thumbnail","6":"product_brand-main-wp","7":"product_cat-administracion-wordpress-plugins","8":"product_cat-plugins","9":"product_cat-wordpress-plugins","10":"product_tag-main-wp","11":"member-discount","12":"discount-restricted","14":"first","15":"instock","16":"sale","17":"downloadable","18":"virtual","19":"sold-individually","20":"purchasable","21":"product-type-simple"},"_links":{"self":[{"href":"https:\/\/gpl-love.com\/es\/wp-json\/wp\/v2\/product\/121084","targetHints":{"allow":["GET"]}}],"collection":[{"href":"https:\/\/gpl-love.com\/es\/wp-json\/wp\/v2\/product"}],"about":[{"href":"https:\/\/gpl-love.com\/es\/wp-json\/wp\/v2\/types\/product"}],"replies":[{"embeddable":true,"href":"https:\/\/gpl-love.com\/es\/wp-json\/wp\/v2\/comments?post=121084"}],"wp:featuredmedia":[{"embeddable":true,"href":"https:\/\/gpl-love.com\/es\/wp-json\/wp\/v2\/media\/166673"}],"wp:attachment":[{"href":"https:\/\/gpl-love.com\/es\/wp-json\/wp\/v2\/media?parent=121084"}],"wp:term":[{"taxonomy":"product_brand","embeddable":true,"href":"https:\/\/gpl-love.com\/es\/wp-json\/wp\/v2\/product_brand?post=121084"},{"taxonomy":"product_cat","embeddable":true,"href":"https:\/\/gpl-love.com\/es\/wp-json\/wp\/v2\/product_cat?post=121084"},{"taxonomy":"product_tag","embeddable":true,"href":"https:\/\/gpl-love.com\/es\/wp-json\/wp\/v2\/product_tag?post=121084"}],"curies":[{"name":"wp","href":"https:\/\/api.w.org\/{rel}","templated":true}]}}