{"id":121082,"date":"2026-01-28T00:00:00","date_gmt":"2026-01-28T05:00:00","guid":{"rendered":"https:\/\/gpl-love.com\/es\/producto\/loginpress-pro\/"},"modified":"2026-03-09T07:47:17","modified_gmt":"2026-03-09T12:47:17","slug":"loginpress-pro","status":"publish","type":"product","link":"https:\/\/gpl-love.com\/es\/producto\/loginpress-pro\/","title":{"rendered":"LoginPress Pro 6.1.2"},"content":{"rendered":"<h3>LoginPress Pro Caracteristicas<\/h3>\n<p>LoginPress Pro, un complemento incre\u00edblemente robusto, est\u00e1 dise\u00f1ado para optimizar el proceso de inicio de sesi\u00f3n para sitios web de WordPress con su variedad de opciones de personalizaci\u00f3n avanzada que permiten a los usuarios dise\u00f1ar sin esfuerzo sus p\u00e1ginas de inicio de sesi\u00f3n a sus preferencias exactas. No solo ofrece una multitud de m\u00e9todos de inicio de sesi\u00f3n, como inicios de sesi\u00f3n sociales y autenticaci\u00f3n de dos factores, para reforzar la seguridad del sitio web, sino que tambi\u00e9n cuenta con una interfaz f\u00e1cil de usar que no requiere un conocimiento de codificaci\u00f3n previo, lo que lo convierte en una herramienta indispensable para los propietarios de sitios web buscando mejorar la experiencia general del usuario de sus p\u00e1ginas de inicio de sesi\u00f3n. No se pierda la oportunidad de obtener LoginPress Pro hoy y descubra la eficiencia incomparable y una mayor seguridad que brinda al proceso de inicio de sesi\u00f3n de su sitio web de WordPress.<\/p>\n<ul>\n<li>Un potente complemento de WordPress para mejorar la seguridad y la personalizaci\u00f3n<\/li>\n<li>Cuenta con p\u00e1ginas de inicio de sesi\u00f3n personalizadas con logotipos de marca, fondos y colores<\/li>\n<li>Permite la autenticaci\u00f3n de dos factores por correo electr\u00f3nico o Google Authenticator<\/li>\n<li>Ofrece detecci\u00f3n y prevenci\u00f3n de fuerza bruta con configuraciones de bloqueo<\/li>\n<li>Habilita el inicio de sesi\u00f3n sin contrase\u00f1a con enlaces m\u00e1gicos o c\u00f3digos QR<\/li>\n<li>Proporciona seguimiento del historial de usuarios e inicio de sesi\u00f3n para la actividad de monitoreo<\/li>\n<li>Se integra con los populares servicios de marketing por correo electr\u00f3nico para la generaci\u00f3n de leads<\/li>\n<li>Incluye un tablero personalizable para administrar todas las configuraciones relacionadas con el inicio de sesi\u00f3n<\/li>\n<\/ul>\n","protected":false},"excerpt":{"rendered":"<p>LoginPress Pro es un complemento de WordPress incre\u00edblemente completo que ha sido elaborado por expertos para reforzar significativamente la seguridad de su sitio web a trav\u00e9s de la personalizaci\u00f3n tanto del formulario de inicio de sesi\u00f3n como de la p\u00e1gina. Esta herramienta notablemente robusta le capacita a las p\u00e1ginas de inicio de sesi\u00f3n impresionantes y f\u00e1ciles de usar que se alinean sin problemas con su marca \u00fanica y, al mismo tiempo, sirve como una barrera impenetrable contra los posibles piratas inform\u00e1ticos. Ofreciendo una extensa gama de caracter\u00edsticas, como la capacidad de personalizar las URL de inicio de sesi\u00f3n, incorporar la autenticaci\u00f3n multifactor e incluso integrar logotipos e im\u00e1genes de fondo personalizados, Loginpress Pro le otorga la incomparable libertad y autoridad necesaria para preservar la integridad y la fortificaci\u00f3n de su sitio web de su sitio web . Con un proceso de instalaci\u00f3n notablemente intuitivo y una interfaz f\u00e1cil de usar, LoginPress Pro reina indiscutiblemente como el ep\u00edtome de los complementos para propietarios de sitios web que no solo priorizan la protecci\u00f3n de sus preciosos datos e informaci\u00f3n, sino que tambi\u00e9n exigen un nivel de personalizaci\u00f3n y funcionalidad que supera con creces con creces con creces con creces. cualquier otra cosa en el mercado.<\/p>\n","protected":false},"featured_media":166631,"comment_status":"open","ping_status":"open","template":"","meta":[],"product_brand":[2489],"product_cat":[1212,1206,1211],"product_tag":[1322],"class_list":{"0":"post-121082","1":"product","2":"type-product","3":"status-publish","4":"has-post-thumbnail","6":"product_brand-wp-brigade","7":"product_cat-administracion-wordpress-plugins","8":"product_cat-plugins","9":"product_cat-wordpress-plugins","10":"product_tag-wp-brigade","11":"member-discount","12":"discount-restricted","14":"first","15":"instock","16":"sale","17":"downloadable","18":"virtual","19":"sold-individually","20":"purchasable","21":"product-type-simple"},"_links":{"self":[{"href":"https:\/\/gpl-love.com\/es\/wp-json\/wp\/v2\/product\/121082","targetHints":{"allow":["GET"]}}],"collection":[{"href":"https:\/\/gpl-love.com\/es\/wp-json\/wp\/v2\/product"}],"about":[{"href":"https:\/\/gpl-love.com\/es\/wp-json\/wp\/v2\/types\/product"}],"replies":[{"embeddable":true,"href":"https:\/\/gpl-love.com\/es\/wp-json\/wp\/v2\/comments?post=121082"}],"wp:featuredmedia":[{"embeddable":true,"href":"https:\/\/gpl-love.com\/es\/wp-json\/wp\/v2\/media\/166631"}],"wp:attachment":[{"href":"https:\/\/gpl-love.com\/es\/wp-json\/wp\/v2\/media?parent=121082"}],"wp:term":[{"taxonomy":"product_brand","embeddable":true,"href":"https:\/\/gpl-love.com\/es\/wp-json\/wp\/v2\/product_brand?post=121082"},{"taxonomy":"product_cat","embeddable":true,"href":"https:\/\/gpl-love.com\/es\/wp-json\/wp\/v2\/product_cat?post=121082"},{"taxonomy":"product_tag","embeddable":true,"href":"https:\/\/gpl-love.com\/es\/wp-json\/wp\/v2\/product_tag?post=121082"}],"curies":[{"name":"wp","href":"https:\/\/api.w.org\/{rel}","templated":true}]}}