{"id":121078,"date":"2025-11-10T00:00:00","date_gmt":"2025-11-10T05:00:00","guid":{"rendered":"https:\/\/gpl-love.com\/es\/producto\/listify-wordpress-directory-theme\/"},"modified":"2026-03-13T17:23:42","modified_gmt":"2026-03-13T22:23:42","slug":"listify-wordpress-directory-theme","status":"publish","type":"product","link":"https:\/\/gpl-love.com\/es\/producto\/listify-wordpress-directory-theme\/","title":{"rendered":"Listify WordPress Directory Theme 3.2.8"},"content":{"rendered":"<h3>Listify WordPress Directory Theme Caracteristicas<\/h3>\n<p>El tema del directorio de WordPress de Listify es un tema incre\u00edblemente robusto y vers\u00e1til que se ha desarrollado espec\u00edficamente para satisfacer las necesidades de crear directorios y sitios web de listado. Su interfaz no solo es intuitiva sino tambi\u00e9n f\u00e1cil de usar, lo que permite a los usuarios crear y administrar sin esfuerzo listados, incorporar campos personalizados y adaptar el dise\u00f1o y el dise\u00f1o del sitio para alinearse perfectamente con su marca. Adem\u00e1s, Listify cuenta con plena capacidad de respuesta y se puede modificar f\u00e1cilmente para adaptarse a los requisitos individuales, lo que lo convierte en la mejor soluci\u00f3n para una amplia gama de sitios web de directorio, incluidos directorios comerciales locales, juntas de trabajo y m\u00e1s. Independientemente de si usted es un desarrollador experimentado o un propietario de un negocio que busca establecer un sitio web de directorio, Listify es una opci\u00f3n ejemplar que garantiza un proceso de configuraci\u00f3n sin problemas y convenientes.<\/p>\n<ul>\n<li>Un tema de WordPress totalmente sensible dise\u00f1ado espec\u00edficamente para crear directorios y sitios web de enumerar<\/li>\n<li>Permite a los usuarios crear y administrar f\u00e1cilmente listados, incluidas im\u00e1genes, mapas e informaci\u00f3n de contacto<\/li>\n<li>Incluye m\u00faltiples dise\u00f1os de p\u00e1gina de inicio personalizables, filtros de b\u00fasqueda y formularios de env\u00edo para contenido generado por el usuario<\/li>\n<li>Optimizado para una integraci\u00f3n perfecta con complementos populares de WordPress, incluidos WooCommerce y Yoast SEO<\/li>\n<li>Construido con c\u00f3digo limpio y validado y adherencia a las mejores pr\u00e1cticas para el SEO y la optimizaci\u00f3n del rendimiento<\/li>\n<li>Incluye un panel de opciones de tema robusto para personalizar colores, fuentes y otros elementos de dise\u00f1o<\/li>\n<li>Proporciona una amplia documentaci\u00f3n y soporte dedicado para ayudar a los usuarios a aprovechar al m\u00e1ximo su sitio web de directorio<\/li>\n<li>Actualizado regularmente con correcciones de errores, nuevas caracter\u00edsticas y mejoras de compatibilidad para la \u00faltima versi\u00f3n de WordPress<\/li>\n<li>Viene con una garant\u00eda de devoluci\u00f3n de dinero de 30 d\u00edas y actualizaciones de por vida y soporte para el \u00e9xito continuo.<\/li>\n<\/ul>\n","protected":false},"excerpt":{"rendered":"<p>El tema del directorio de WordPress de la lista, que cuenta con una potencia incre\u00edble, sirve como un instrumento notable que permite a los usuarios crear y administrar los sitios web de directorio sin esfuerzo. A trav\u00e9s de su interfaz de arrastrar y soltar notablemente f\u00e1cil de usar, uno gana la capacidad de personalizar listados y categor\u00edas, incorporar caracter\u00edsticas como revisiones y calificaciones e incluso generar ingresos a trav\u00e9s de la publicidad o las opciones de membres\u00eda. Adem\u00e1s, este tema viene equipado con una optimizaci\u00f3n y capacidad de respuesta de SEO excepcional, lo que garantiza que su sitio web parezca visualmente atractivo en todos los dispositivos, al tiempo que garantiza que los motores de b\u00fasqueda puedan navegar e indexar f\u00e1cilmente su contenido. Ya sea un directorio de nicho o un sitio de directorio que lo abarca, enumeradamente se erige como la herramienta definitiva para guiarlo para embarcarse en su viaje de construcci\u00f3n de directorio.<\/p>\n","protected":false},"featured_media":166622,"comment_status":"open","ping_status":"open","template":"","meta":[],"product_brand":[2337],"product_cat":[1307,1237,1238],"product_tag":[1391],"class_list":{"0":"post-121078","1":"product","2":"type-product","3":"status-publish","4":"has-post-thumbnail","6":"product_brand-themeforest","7":"product_cat-negocio-wordpress-temas","8":"product_cat-temas","9":"product_cat-wordpress-temas","10":"product_tag-themeforest","11":"member-discount","12":"discount-restricted","14":"first","15":"instock","16":"sale","17":"downloadable","18":"virtual","19":"sold-individually","20":"purchasable","21":"product-type-simple"},"_links":{"self":[{"href":"https:\/\/gpl-love.com\/es\/wp-json\/wp\/v2\/product\/121078","targetHints":{"allow":["GET"]}}],"collection":[{"href":"https:\/\/gpl-love.com\/es\/wp-json\/wp\/v2\/product"}],"about":[{"href":"https:\/\/gpl-love.com\/es\/wp-json\/wp\/v2\/types\/product"}],"replies":[{"embeddable":true,"href":"https:\/\/gpl-love.com\/es\/wp-json\/wp\/v2\/comments?post=121078"}],"wp:featuredmedia":[{"embeddable":true,"href":"https:\/\/gpl-love.com\/es\/wp-json\/wp\/v2\/media\/166622"}],"wp:attachment":[{"href":"https:\/\/gpl-love.com\/es\/wp-json\/wp\/v2\/media?parent=121078"}],"wp:term":[{"taxonomy":"product_brand","embeddable":true,"href":"https:\/\/gpl-love.com\/es\/wp-json\/wp\/v2\/product_brand?post=121078"},{"taxonomy":"product_cat","embeddable":true,"href":"https:\/\/gpl-love.com\/es\/wp-json\/wp\/v2\/product_cat?post=121078"},{"taxonomy":"product_tag","embeddable":true,"href":"https:\/\/gpl-love.com\/es\/wp-json\/wp\/v2\/product_tag?post=121078"}],"curies":[{"name":"wp","href":"https:\/\/api.w.org\/{rel}","templated":true}]}}