{"id":121076,"date":"2022-05-10T00:00:00","date_gmt":"2022-05-10T05:00:00","guid":{"rendered":"https:\/\/gpl-love.com\/es\/producto\/leverage-creative-agency-y-portfolio-wordpress-theme\/"},"modified":"2026-03-13T17:23:33","modified_gmt":"2026-03-13T22:23:33","slug":"leverage-creative-agency-y-portfolio-wordpress-theme","status":"publish","type":"product","link":"https:\/\/gpl-love.com\/es\/producto\/leverage-creative-agency-y-portfolio-wordpress-theme\/","title":{"rendered":"Leverage Creative Agency y Portfolio WordPress Theme 2.1.8"},"content":{"rendered":"<h3>Leverage Creative Agency y Portfolio WordPress Theme Caracteristicas<\/h3>\n<p>La agencia creativa de apalancamiento y el tema de la cartera de WordPress han obtenido una aclamaci\u00f3n significativa por su versatilidad y capacidades robustas en el \u00e1mbito del dise\u00f1o de sitios web visualmente llamativos y altamente funcionales. Este tema en particular es particularmente adecuado para las agencias creativas y las personas que albergan un ferviente deseo de mostrar tanto su cartera como sus servicios de manera visualmente cautivadora. Con un dise\u00f1o impecablemente moderno y ordenado, otorga generosamente a los usuarios una multitud de opciones de personalizaci\u00f3n para facilitar la creaci\u00f3n de una presencia en l\u00ednea que es totalmente \u00fanica e incomparable. Adem\u00e1s, debe tenerse en cuenta que este tema ha sufrido extensas medidas de optimizaci\u00f3n destinadas a mejorar su velocidad y sus cualidades de optimizaci\u00f3n de motores de b\u00fasqueda (SEO), asegurando as\u00ed que su sitio web sea expedito y que los motores de b\u00fasqueda sean expeditivos y sin esfuerzo por los motores de b\u00fasqueda. Adem\u00e1s, es imperativo reconocer que este tema cuenta con plena capacidad de respuesta, garantizando as\u00ed que su sitio web exude una apariencia resplandeciente y perfecta en todos los dispositivos. A la luz de estas consideraciones, queda claramente claro que la agencia creativa y el tema de la cartera de WordPress se destacan como la soluci\u00f3n indiscutible y por excelencia para cualquier profesional creativo que anhele construir una presencia en l\u00ednea dominante e influyente.<\/p>\n<ul>\n<li>Dise\u00f1ado para agencias creativas e individuos para exhibir su cartera<\/li>\n<li>Totalmente personalizable con opciones de color ilimitadas, integraci\u00f3n de Google Fonts y desplazamiento de paralaje<\/li>\n<li>Dise\u00f1o receptivo optimizado para cualquier dispositivo y tama\u00f1o de pantalla<\/li>\n<li>Secciones de cartera, blog y servicios incorporados con m\u00faltiples opciones de dise\u00f1o y capacidades de filtrado<\/li>\n<li>Integraci\u00f3n con complementos populares como el formulario de contacto 7 y wooCommerce para una funcionalidad adicional<\/li>\n<li>Incluye p\u00e1ginas preconstruidas como sobre nosotros, equipo, testimonios y m\u00e1s<\/li>\n<li>Importar de demostraci\u00f3n de un solo clic para iniciar r\u00e1pidamente su sitio web con un dise\u00f1o predise\u00f1ado<\/li>\n<li>Codificaci\u00f3n amigable para SEO para una mejor visibilidad del motor de b\u00fasqueda<\/li>\n<li>Compatible con los principales navegadores como Chrome, Firefox, Safari y Edge<\/li>\n<li>Equipo de apoyo dedicado para ayudar con cualquier problema o pregunta.<\/li>\n<\/ul>\n","protected":false},"excerpt":{"rendered":"<p>El tema de entrada, un tema de WordPress que es poderoso y vers\u00e1til, ha sido dise\u00f1ado espec\u00edficamente para agencias creativas y sitios web de cartera. Su dise\u00f1o se caracteriza por su est\u00e9tica limpia y moderna, su dise\u00f1o responde y ofrece una gran cantidad de opciones personalizables. Esto hace que la entrada sea la elecci\u00f3n ideal para mostrar efectivamente su trabajo y capturar la atenci\u00f3n de los posibles clientes. Adem\u00e1s, este tema ofrece una gama de dise\u00f1os de p\u00e1gina de inicio, opciones de cartera y estilos de blog para satisfacer mejor sus necesidades. Adem\u00e1s, presenta la opci\u00f3n de incorporar fondos y animaciones de video, lo que le permite agregar elementos din\u00e1micos a su sitio web. Adem\u00e1s, la entrada se enorgullece de ser f\u00e1cil de usar y f\u00e1cilmente personalizable, por lo que es una selecci\u00f3n excepcional para cualquier negocio que se esfuerce por establecer una presencia en l\u00ednea pulida y profesional.<\/p>\n","protected":false},"featured_media":166610,"comment_status":"open","ping_status":"open","template":"","meta":[],"product_brand":[2337],"product_cat":[1307,1237,1238],"product_tag":[1391],"class_list":{"0":"post-121076","1":"product","2":"type-product","3":"status-publish","4":"has-post-thumbnail","6":"product_brand-themeforest","7":"product_cat-negocio-wordpress-temas","8":"product_cat-temas","9":"product_cat-wordpress-temas","10":"product_tag-themeforest","11":"member-discount","12":"discount-restricted","14":"first","15":"instock","16":"sale","17":"downloadable","18":"virtual","19":"sold-individually","20":"purchasable","21":"product-type-simple"},"_links":{"self":[{"href":"https:\/\/gpl-love.com\/es\/wp-json\/wp\/v2\/product\/121076","targetHints":{"allow":["GET"]}}],"collection":[{"href":"https:\/\/gpl-love.com\/es\/wp-json\/wp\/v2\/product"}],"about":[{"href":"https:\/\/gpl-love.com\/es\/wp-json\/wp\/v2\/types\/product"}],"replies":[{"embeddable":true,"href":"https:\/\/gpl-love.com\/es\/wp-json\/wp\/v2\/comments?post=121076"}],"wp:featuredmedia":[{"embeddable":true,"href":"https:\/\/gpl-love.com\/es\/wp-json\/wp\/v2\/media\/166610"}],"wp:attachment":[{"href":"https:\/\/gpl-love.com\/es\/wp-json\/wp\/v2\/media?parent=121076"}],"wp:term":[{"taxonomy":"product_brand","embeddable":true,"href":"https:\/\/gpl-love.com\/es\/wp-json\/wp\/v2\/product_brand?post=121076"},{"taxonomy":"product_cat","embeddable":true,"href":"https:\/\/gpl-love.com\/es\/wp-json\/wp\/v2\/product_cat?post=121076"},{"taxonomy":"product_tag","embeddable":true,"href":"https:\/\/gpl-love.com\/es\/wp-json\/wp\/v2\/product_tag?post=121076"}],"curies":[{"name":"wp","href":"https:\/\/api.w.org\/{rel}","templated":true}]}}