{"id":121074,"date":"2026-03-02T00:00:00","date_gmt":"2026-03-02T05:00:00","guid":{"rendered":"https:\/\/gpl-love.com\/es\/producto\/learndash-lms-wordpress-plugin\/"},"modified":"2026-03-09T07:46:12","modified_gmt":"2026-03-09T12:46:12","slug":"learndash-lms-wordpress-plugin","status":"publish","type":"product","link":"https:\/\/gpl-love.com\/es\/producto\/learndash-lms-wordpress-plugin\/","title":{"rendered":"LearnDash LMS WordPress Plugin 5.0.2"},"content":{"rendered":"<h3>LearnDash LMS WordPress Plugin Caracteristicas<\/h3>\n<p>El complemento LearnDash LMS WordPress es una herramienta incre\u00edblemente poderosa y excepcionalmente vers\u00e1til que proporciona a las empresas y educadores la capacidad de crear y administrar sin esfuerzo los cursos en l\u00ednea. No importa cu\u00e1les sean sus intenciones espec\u00edficas, ya sea que desee administrar capacitaci\u00f3n a sus empleados, educar a sus valiosos clientes o estudiantes, o incluso construir un flujo de ingresos completamente nuevo por medio de cursos en l\u00ednea, el Learh LMS posee todas las caracter\u00edsticas necesarias y capacidades para cumplir con sus aspiraciones. Algunas de sus caracter\u00edsticas notables incluyen la capacidad de crear cursos sin esfuerzo simplemente arrastrando y eliminando elementos, la incorporaci\u00f3n de pruebas din\u00e1micas y tareas que mejoran la experiencia de aprendizaje, la capacidad de personalizar los certificados para cumplir con sus preferencias espec\u00edficas y la provisi\u00f3n de informes y informes s\u00f3lidos y s\u00f3lidos. An\u00e1lisis que le permiten obtener informaci\u00f3n valiosa del progreso de sus alumnos. Adem\u00e1s, la integraci\u00f3n perfecta de este complemento con su sitio de WordPress preexistente garantiza un proceso r\u00e1pido y simplificado cuando se trata de comenzar sus programas de aprendizaje electr\u00f3nico y expandirlos con el tiempo. Por lo tanto, si est\u00e1 en busca de una soluci\u00f3n LMS con todo incluido y altamente confiable que se garantice que ofrece resultados excepcionales, entonces es absolutamente imperativo que considere seriamente el extraordinario LearsDash LMS.<\/p>\n<ul>\n<li>El complemento LearnDash LMS WordPress ofrece un sistema integral de gesti\u00f3n de aprendizaje que puede integrarse perfectamente en su sitio de WordPress.<\/li>\n<li>Con este complemento, puede crear y vender f\u00e1cilmente cursos en l\u00ednea, administrar materiales y usuarios del curso, y rastrear el progreso y el compromiso.<\/li>\n<li>El intuitivo Builder de cursos de arrastrar y soltar le permite crear cursos con facilidad y personalizarlos para que se ajusten a su marca y estilo.<\/li>\n<li>El complemento incluye una variedad de opciones de cuestionarios y evaluaci\u00f3n, como opciones m\u00faltiples, verdaderas\/falsas y preguntas de ensayo, para probar el conocimiento y la comprensi\u00f3n de sus alumnos.<\/li>\n<li>Tambi\u00e9n puede configurar cuestionarios y tareas que los instructores califican o califican manualmente autom\u00e1ticamente.<\/li>\n<li>LearnDash le permite al contenido de alimentaci\u00f3n de goteo a sus alumnos, creando una experiencia de aprendizaje estructurada que los mantiene comprometidos y motivados.<\/li>\n<li>El complemento tambi\u00e9n admite muchas integraciones de terceros, que incluyen pasarelas de pago, servicios de marketing por correo electr\u00f3nico y m\u00e1s, lo que le permite configurar una plataforma de aprendizaje electr\u00f3nico totalmente funcional.<\/li>\n<li>Con caracter\u00edsticas s\u00f3lidas de informes y an\u00e1lisis, puede rastrear f\u00e1cilmente el progreso del alumno, identificar \u00e1reas de mejora y medir el \u00e9xito de sus cursos.<\/li>\n<li>LearnDash ofrece una excelente atenci\u00f3n al cliente, con una base de conocimiento integral, foros de usuarios y soporte por correo electr\u00f3nico incluido con el complemento.<\/li>\n<\/ul>\n","protected":false},"excerpt":{"rendered":"<p>El complemento LearnDash LMS WordPress es una herramienta incre\u00edblemente robusta y efectiva que le otorga la capacidad de crear y supervisar los cursos en l\u00ednea sin esfuerzo. Con su interfaz intuitiva y su extensa variedad de caracter\u00edsticas personalizables, posee la capacidad de forjar cursos cautivadores e inmersivos que producen resultados tangibles y significativos. Desde la inclusi\u00f3n de cuestionarios y evaluaciones hasta la otorgamiento de certificados e insignias, este complemento incomparable abarca todos los elementos necesarios necesarios para cultivar y fomentar un pr\u00f3spero programa de aprendizaje electr\u00f3nico. Adem\u00e1s, a trav\u00e9s de su integraci\u00f3n perfecta en su sitio de WordPress, usted obtiene la capacidad de monitorear meticulosamente el progreso de sus alumnos, comunicarse efectivamente con ellos y ofrecer instrucciones de calidad inigualable y de calidad superlativa a su apreciada audiencia. Independientemente de si usted es un estimado y experimentado profesional de educaci\u00f3n o un propietario de negocios astuto y astutamente perceptivo que busca capacitar y desarrollar h\u00e1bilmente su estimado equipo, el complemento LearchDash LMS WordPress sirve h\u00e1bil y magistralmente como la soluci\u00f3n ideal y por excelencia a todo su e-Learning E-Learning. necesidades y deseos.<\/p>\n","protected":false},"featured_media":166585,"comment_status":"open","ping_status":"open","template":"","meta":[],"product_brand":[2483],"product_cat":[1214,1206,1211],"product_tag":[1320],"class_list":{"0":"post-121074","1":"product","2":"type-product","3":"status-publish","4":"has-post-thumbnail","6":"product_brand-learndash","7":"product_cat-personalizacion","8":"product_cat-plugins","9":"product_cat-wordpress-plugins","10":"product_tag-learndash","11":"member-discount","12":"discount-restricted","14":"first","15":"instock","16":"sale","17":"downloadable","18":"virtual","19":"sold-individually","20":"purchasable","21":"product-type-simple"},"_links":{"self":[{"href":"https:\/\/gpl-love.com\/es\/wp-json\/wp\/v2\/product\/121074","targetHints":{"allow":["GET"]}}],"collection":[{"href":"https:\/\/gpl-love.com\/es\/wp-json\/wp\/v2\/product"}],"about":[{"href":"https:\/\/gpl-love.com\/es\/wp-json\/wp\/v2\/types\/product"}],"replies":[{"embeddable":true,"href":"https:\/\/gpl-love.com\/es\/wp-json\/wp\/v2\/comments?post=121074"}],"wp:featuredmedia":[{"embeddable":true,"href":"https:\/\/gpl-love.com\/es\/wp-json\/wp\/v2\/media\/166585"}],"wp:attachment":[{"href":"https:\/\/gpl-love.com\/es\/wp-json\/wp\/v2\/media?parent=121074"}],"wp:term":[{"taxonomy":"product_brand","embeddable":true,"href":"https:\/\/gpl-love.com\/es\/wp-json\/wp\/v2\/product_brand?post=121074"},{"taxonomy":"product_cat","embeddable":true,"href":"https:\/\/gpl-love.com\/es\/wp-json\/wp\/v2\/product_cat?post=121074"},{"taxonomy":"product_tag","embeddable":true,"href":"https:\/\/gpl-love.com\/es\/wp-json\/wp\/v2\/product_tag?post=121074"}],"curies":[{"name":"wp","href":"https:\/\/api.w.org\/{rel}","templated":true}]}}