{"id":121072,"date":"2022-02-23T00:00:00","date_gmt":"2022-02-23T05:00:00","guid":{"rendered":"https:\/\/gpl-love.com\/es\/producto\/kalium-creative-tema-para-professionals\/"},"modified":"2026-03-13T17:23:06","modified_gmt":"2026-03-13T22:23:06","slug":"kalium-creative-tema-para-professionals","status":"publish","type":"product","link":"https:\/\/gpl-love.com\/es\/producto\/kalium-creative-tema-para-professionals\/","title":{"rendered":"Kalium Creative Tema para Professionals 3.4.5"},"content":{"rendered":"<h3>Kalium Creative Tema para Professionals Caracteristicas<\/h3>\n<p>El tema creativo de Kalium se presenta como una soluci\u00f3n ejemplar para profesionales que buscan un dise\u00f1o de sitio web que sea contempor\u00e1neo y receptivo. Este tema en particular ofrece una gran cantidad de opciones de personalizaci\u00f3n, otorgando a los usuarios la capacidad de dise\u00f1ar un sitio web sin esfuerzo que sea verdaderamente \u00fanico y visualmente cautivador. Adem\u00e1s, su interfaz est\u00e1 dise\u00f1ada de tal manera que incluso las personas que carecen de experiencia en codificaci\u00f3n pueden navegar sin problemas el proceso de construcci\u00f3n de un sitio web. Al ofrecer una variedad de plantillas, dise\u00f1os y elementos preconstruidos, los usuarios pueden generar r\u00e1pida y sin esfuerzo un sitio web que exuda profesionalismo y represente con precisi\u00f3n su marca. Adem\u00e1s, este tema se ha optimizado para garantizar una velocidad y un rendimiento \u00f3ptimos, lo que garantiza que los sitios web de los usuarios se cargan de manera expedita y funcionen de manera eficiente, produciendo as\u00ed una experiencia de usuario perfecta para los visitantes. En conclusi\u00f3n, el tema creativo de Kalium se destaca como la elecci\u00f3n por excelencia para los profesionales que buscan establecer un sitio web que no solo sea visualmente llamativo, sino que tambi\u00e9n posee la capacidad de distinguirse en medio de la competencia.<\/p>\n<ul>\n<li>Un tema profesional y elegante de WordPress dise\u00f1ado para creativos en diversas industrias, como fot\u00f3grafos, dise\u00f1adores, escritores y artistas.<\/li>\n<li>Totalmente personalizable con varios dise\u00f1os, fuentes y colores para adaptarse a cualquier marca o preferencia personal.<\/li>\n<li>Viene con varias plantillas de p\u00e1gina predise\u00f1adas, como About, Portfolio, Services y Contact For Easy Witsising Building.<\/li>\n<li>Construido con la optimizaci\u00f3n de SEO en mente para ayudar a aumentar la clasificaci\u00f3n del sitio web en motores de b\u00fasqueda como Google.<\/li>\n<li>El dise\u00f1o receptivo asegura que el tema se adapte a cualquier dispositivo, desde el escritorio hasta el m\u00f3vil.<\/li>\n<li>Incluye m\u00faltiples opciones de comercio electr\u00f3nico para aquellos que desean vender sus productos o servicios directamente desde su sitio web.<\/li>\n<li>Compatible con complementos populares como WooCommerce, Yoast SEO y Elementor para obtener a\u00fan m\u00e1s opciones de personalizaci\u00f3n.<\/li>\n<li>Regularmente actualizado y compatible con el equipo de desarrolladores para garantizar que el tema funcione con la \u00faltima versi\u00f3n de WordPress.<\/li>\n<li>Viene con una amplia documentaci\u00f3n y soporte por correo electr\u00f3nico, chat y foros comunitarios para cualquier pregunta o problema.<\/li>\n<\/ul>\n","protected":false},"excerpt":{"rendered":"<p>El tema creativo de Kalium para profesionales cuenta con un dise\u00f1o sofisticado y contempor\u00e1neo, lo que lo convierte en una opci\u00f3n ideal para profesionales creativos que buscan exhibir su trabajo. Ofrece una variedad diversa de caracter\u00edsticas personalizables, lo que permite a los usuarios distinguir sin esfuerzo su sitio web y cautivar a los posibles clientes. Adem\u00e1s, este tema no solo es f\u00e1cil de usar sino tambi\u00e9n altamente receptivo, asegurando que su atractivo visual permanezca intacto en todos los dispositivos. Independientemente de si se especializa en fotograf\u00eda, dise\u00f1o gr\u00e1fico o escritura, el tema creativo de Kalium para profesionales sirve como una plataforma incomparable para mostrar sus creaciones y mejorar su visibilidad en l\u00ednea.<\/p>\n","protected":false},"featured_media":166545,"comment_status":"open","ping_status":"open","template":"","meta":[],"product_brand":[2337],"product_cat":[1267,1237,1238],"product_tag":[1391],"class_list":{"0":"post-121072","1":"product","2":"type-product","3":"status-publish","4":"has-post-thumbnail","6":"product_brand-themeforest","7":"product_cat-creativo","8":"product_cat-temas","9":"product_cat-wordpress-temas","10":"product_tag-themeforest","11":"member-discount","12":"discount-restricted","14":"first","15":"instock","16":"sale","17":"downloadable","18":"virtual","19":"sold-individually","20":"purchasable","21":"product-type-simple"},"_links":{"self":[{"href":"https:\/\/gpl-love.com\/es\/wp-json\/wp\/v2\/product\/121072","targetHints":{"allow":["GET"]}}],"collection":[{"href":"https:\/\/gpl-love.com\/es\/wp-json\/wp\/v2\/product"}],"about":[{"href":"https:\/\/gpl-love.com\/es\/wp-json\/wp\/v2\/types\/product"}],"replies":[{"embeddable":true,"href":"https:\/\/gpl-love.com\/es\/wp-json\/wp\/v2\/comments?post=121072"}],"wp:featuredmedia":[{"embeddable":true,"href":"https:\/\/gpl-love.com\/es\/wp-json\/wp\/v2\/media\/166545"}],"wp:attachment":[{"href":"https:\/\/gpl-love.com\/es\/wp-json\/wp\/v2\/media?parent=121072"}],"wp:term":[{"taxonomy":"product_brand","embeddable":true,"href":"https:\/\/gpl-love.com\/es\/wp-json\/wp\/v2\/product_brand?post=121072"},{"taxonomy":"product_cat","embeddable":true,"href":"https:\/\/gpl-love.com\/es\/wp-json\/wp\/v2\/product_cat?post=121072"},{"taxonomy":"product_tag","embeddable":true,"href":"https:\/\/gpl-love.com\/es\/wp-json\/wp\/v2\/product_tag?post=121072"}],"curies":[{"name":"wp","href":"https:\/\/api.w.org\/{rel}","templated":true}]}}