{"id":121070,"date":"2022-01-31T00:00:00","date_gmt":"2022-01-31T05:00:00","guid":{"rendered":"https:\/\/gpl-love.com\/es\/producto\/jobseek-job-board-wordpress-theme\/"},"modified":"2026-03-13T17:22:58","modified_gmt":"2026-03-13T22:22:58","slug":"jobseek-job-board-wordpress-theme","status":"publish","type":"product","link":"https:\/\/gpl-love.com\/es\/producto\/jobseek-job-board-wordpress-theme\/","title":{"rendered":"Jobseek Job Board WordPress Theme 2.3"},"content":{"rendered":"<h3>Jobseek Job Board WordPress Theme Caracteristicas<\/h3>\n<p>El tema de WordPress de JobSeek Job es una plantilla de sitio web de alta calidad que ha sido dise\u00f1ada espec\u00edficamente para facilitar la creaci\u00f3n de juntas de trabajo y portales de carrera. Su dise\u00f1o de vanguardia no solo es contempor\u00e1neo sino tambi\u00e9n f\u00e1cil de usar, lo que le permite mostrar de manera efectiva los listados de trabajo de una manera que sea profesional y atractiva. Adem\u00e1s, este tema es totalmente receptivo, lo que significa que se adapta perfectamente a diferentes dispositivos, asegurando as\u00ed que los solicitantes de empleo puedan acceder f\u00e1cilmente y examinar los listados de trabajo relevantes sin ning\u00fan obst\u00e1culo. Adem\u00e1s, la plantilla cuenta con opciones avanzadas de b\u00fasqueda y filtrado, simplificando as\u00ed el proceso de encontrar listados de trabajo adecuados en cuesti\u00f3n de momentos. Adem\u00e1s, el tema de WordPress de JobSeek de JobSeek viene equipado con un panel de administraci\u00f3n robusto que le proporciona la capacidad de personalizar cada aspecto de su sitio web, que van desde los colores y las fuentes utilizados hasta el dise\u00f1o y la funcionalidad. A la luz de las caracter\u00edsticas antes mencionadas, es evidente que crear un sitio web de la Junta de Job de primer nivel nunca ha sido m\u00e1s simple o m\u00e1s eficiente que con el tema de WordPress de JobSeek Job.<\/p>\n<ul>\n<li>Tema de WordPress profesional y f\u00e1cil de usar dise\u00f1ado para tableros de trabajo<\/li>\n<li>Incluye caracter\u00edsticas potentes como b\u00fasqueda avanzada, campos personalizados, alertas de trabajo y seguimiento de aplicaciones<\/li>\n<li>El dise\u00f1o totalmente receptivo garantiza la compatibilidad con todos los dispositivos, incluidos los dispositivos m\u00f3viles y la tableta.<\/li>\n<li>Compatible con complementos populares de WordPress como WooCommerce, BuddyPress y Contact Form 7<\/li>\n<li>Opciones de pago flexibles para que los empleadores publiquen listados de trabajo y compre paquetes de trabajo<\/li>\n<li>Base de datos de curr\u00edculum incorporada para que los empleadores naveguen y buscan a trav\u00e9s de posibles candidatos<\/li>\n<li>M\u00faltiples dise\u00f1os de p\u00e1gina de inicio disponibles para la personalizaci\u00f3n, incluidas las variaciones predeterminadas, basadas en mapas y deslizantes<\/li>\n<li>F\u00e1cil integraci\u00f3n con las plataformas de redes sociales para promover listados de trabajo y atraer a m\u00e1s solicitantes<\/li>\n<li>Documentaci\u00f3n integral y equipo de soporte dedicado disponible para recibir ayuda con la configuraci\u00f3n y el mantenimiento.<\/li>\n<\/ul>\n","protected":false},"excerpt":{"rendered":"<p>Estamos encantados de presentarle el extraordinario tema de JobSeek Job Board WordPress, una soluci\u00f3n incomparable que le permite establecer sin esfuerzo un sitio web robusto y sofisticado de la Junta de Job. Con una interfaz incre\u00edblemente intuitiva, una variedad de capacidades de b\u00fasqueda avanzadas y un dise\u00f1o personalizable, Job Speeek facilita la publicaci\u00f3n de trabajo sin problemas para los empleadores y permite a los solicitantes de empleo descubrir sin esfuerzo sus oportunidades profesionales ideales. Adem\u00e1s, este tema excepcional est\u00e1 equipado con una variedad impresionante de caracter\u00edsticas que incluyen un constructor de curr\u00edculums de vanguardia, funcionalidad de seguimiento de aplicaciones y alertas por correo electr\u00f3nico, todo lo cual mejor\u00f3 y agiliza el proceso de b\u00fasqueda de empleo. Con el tema de WordPress de JobSeek Job Board, puede mostrar con confianza su sitio web excepcional de la Junta de Job.<\/p>\n","protected":false},"featured_media":166528,"comment_status":"open","ping_status":"open","template":"","meta":[],"product_brand":[2337],"product_cat":[1307,1237,1238],"product_tag":[1391],"class_list":{"0":"post-121070","1":"product","2":"type-product","3":"status-publish","4":"has-post-thumbnail","6":"product_brand-themeforest","7":"product_cat-negocio-wordpress-temas","8":"product_cat-temas","9":"product_cat-wordpress-temas","10":"product_tag-themeforest","11":"member-discount","12":"discount-restricted","14":"first","15":"instock","16":"sale","17":"downloadable","18":"virtual","19":"sold-individually","20":"purchasable","21":"product-type-simple"},"_links":{"self":[{"href":"https:\/\/gpl-love.com\/es\/wp-json\/wp\/v2\/product\/121070","targetHints":{"allow":["GET"]}}],"collection":[{"href":"https:\/\/gpl-love.com\/es\/wp-json\/wp\/v2\/product"}],"about":[{"href":"https:\/\/gpl-love.com\/es\/wp-json\/wp\/v2\/types\/product"}],"replies":[{"embeddable":true,"href":"https:\/\/gpl-love.com\/es\/wp-json\/wp\/v2\/comments?post=121070"}],"wp:featuredmedia":[{"embeddable":true,"href":"https:\/\/gpl-love.com\/es\/wp-json\/wp\/v2\/media\/166528"}],"wp:attachment":[{"href":"https:\/\/gpl-love.com\/es\/wp-json\/wp\/v2\/media?parent=121070"}],"wp:term":[{"taxonomy":"product_brand","embeddable":true,"href":"https:\/\/gpl-love.com\/es\/wp-json\/wp\/v2\/product_brand?post=121070"},{"taxonomy":"product_cat","embeddable":true,"href":"https:\/\/gpl-love.com\/es\/wp-json\/wp\/v2\/product_cat?post=121070"},{"taxonomy":"product_tag","embeddable":true,"href":"https:\/\/gpl-love.com\/es\/wp-json\/wp\/v2\/product_tag?post=121070"}],"curies":[{"name":"wp","href":"https:\/\/api.w.org\/{rel}","templated":true}]}}