{"id":121066,"date":"2025-11-27T00:00:00","date_gmt":"2025-11-27T05:00:00","guid":{"rendered":"https:\/\/gpl-love.com\/es\/?post_type=product&#038;p=121066"},"modified":"2026-03-09T07:44:41","modified_gmt":"2026-03-09T12:44:41","slug":"jetsloth-gravity-forms-image-choices","status":"publish","type":"product","link":"https:\/\/gpl-love.com\/es\/producto\/jetsloth-gravity-forms-image-choices\/","title":{"rendered":"Jetsloth Gravity Forms Image Choices 1.6.15"},"content":{"rendered":"<h3>Jetsloth Gravity Forms Image Choices Caracteristicas<\/h3>\n<p>Las opciones de imagen de Jetsloth Gravity Forms es un complemento altamente potente y formidable que sirve para amplificar y mejorar la experiencia de sus formularios de gravedad al brindarle la capacidad de incorporar im\u00e1genes cautivadoras y estimulantes visualmente en sus opciones de forma. A trav\u00e9s de la utilizaci\u00f3n de este complemento notablemente eficaz, posee la capacidad de fabricar y construir formas que son visualmente cautivadoras e interactivas, absorbiendo y cautivando a su audiencia mientras aumentan y elevan simult\u00e1neamente sus tasas de conversi\u00f3n. Adem\u00e1s, este complemento es excepcionalmente f\u00e1cil de usar y se integra sin problemas con las formas de gravedad, lo que le brinda dominio y dominio incomparables sobre el aspecto est\u00e9tico de sus formas. Adem\u00e1s, este complemento ofrece una mir\u00edada de opciones de personalizaci\u00f3n, que incluye la capacidad de seleccionar entre una gran variedad de tama\u00f1os de imagen, emplear CSS personalizados y activar la carga perezosa, acelerando y acelerando los tiempos de carga de sus p\u00e1ginas web. Si est\u00e1 en busca de una soluci\u00f3n que elevar\u00e1 y impulse sus formas de gravedad a alturas y pin\u00e1culos de \u00e9xito sin precedentes, entonces tenga la seguridad de que las opciones de imagen de la gravedad de JetSloth son la opci\u00f3n ideal y \u00f3ptima para usted.<\/p>\n<ul>\n<li>Agregue im\u00e1genes como opciones para sus campos de formularios de gravedad<\/li>\n<li>Cargar y administrar f\u00e1cilmente im\u00e1genes en la biblioteca de medios de WordPress<\/li>\n<li>Personalice el tama\u00f1o y el dise\u00f1o de sus opciones de imagen<\/li>\n<li>Admite selecciones de im\u00e1genes simples o m\u00faltiples<\/li>\n<li>Usar en combinaci\u00f3n con otros complementos de gravedad para a\u00fan m\u00e1s funcionalidad<\/li>\n<li>No se requiere codificaci\u00f3n, interfaz f\u00e1cil de usar<\/li>\n<li>Mejore la experiencia del usuario de sus formularios con elementos visuales atractivos<\/li>\n<li>Compatible con todas las versiones de formularios de gravedad y temas de WordPress<\/li>\n<li>Actualizaciones regulares y soporte del equipo de Jetsloth.<\/li>\n<\/ul>\n","protected":false},"excerpt":{"rendered":"<p>Las opciones de im\u00e1genes de Jetsloth Gravity Forms es un complemento incre\u00edblemente f\u00e1cil de usar que le ofrece la fant\u00e1stica oportunidad de incorporar perfectamente im\u00e1genes cautivadoras y atractivas visualmente en sus formularios de gravedad. Al utilizar este complemento extraordinario, obtiene acceso sin esfuerzo a la capacidad de generar sin esfuerzo opciones de imagen para sus formularios, mejorando as\u00ed la participaci\u00f3n del usuario y el atractivo est\u00e9tico general. Adem\u00e1s, este notable complemento cuenta con un nivel ejemplar de flexibilidad, ya que puede ser personalizado sin esfuerzo y emplearse con gracia para una amplia gama de formas, encuestas, cuestionarios y formularios de retroalimentaci\u00f3n. No dude en embarcarse en un viaje transformador experimentando con las opciones de imagen de la gravedad de los jetsloth hoy, ya que tiene un potencial infinito para elevar sus formas a alturas sin precedentes.<\/p>\n","protected":false},"featured_media":166519,"comment_status":"open","ping_status":"open","template":"","meta":[],"product_brand":[2481],"product_cat":[1214,1206,1211],"product_tag":[1317],"class_list":{"0":"post-121066","1":"product","2":"type-product","3":"status-publish","4":"has-post-thumbnail","6":"product_brand-jetsloth","7":"product_cat-personalizacion","8":"product_cat-plugins","9":"product_cat-wordpress-plugins","10":"product_tag-jetsloth","11":"member-discount","12":"discount-restricted","14":"first","15":"instock","16":"sale","17":"downloadable","18":"virtual","19":"sold-individually","20":"purchasable","21":"product-type-simple"},"_links":{"self":[{"href":"https:\/\/gpl-love.com\/es\/wp-json\/wp\/v2\/product\/121066","targetHints":{"allow":["GET"]}}],"collection":[{"href":"https:\/\/gpl-love.com\/es\/wp-json\/wp\/v2\/product"}],"about":[{"href":"https:\/\/gpl-love.com\/es\/wp-json\/wp\/v2\/types\/product"}],"replies":[{"embeddable":true,"href":"https:\/\/gpl-love.com\/es\/wp-json\/wp\/v2\/comments?post=121066"}],"wp:featuredmedia":[{"embeddable":true,"href":"https:\/\/gpl-love.com\/es\/wp-json\/wp\/v2\/media\/166519"}],"wp:attachment":[{"href":"https:\/\/gpl-love.com\/es\/wp-json\/wp\/v2\/media?parent=121066"}],"wp:term":[{"taxonomy":"product_brand","embeddable":true,"href":"https:\/\/gpl-love.com\/es\/wp-json\/wp\/v2\/product_brand?post=121066"},{"taxonomy":"product_cat","embeddable":true,"href":"https:\/\/gpl-love.com\/es\/wp-json\/wp\/v2\/product_cat?post=121066"},{"taxonomy":"product_tag","embeddable":true,"href":"https:\/\/gpl-love.com\/es\/wp-json\/wp\/v2\/product_tag?post=121066"}],"curies":[{"name":"wp","href":"https:\/\/api.w.org\/{rel}","templated":true}]}}