{"id":121062,"date":"2026-03-13T00:00:00","date_gmt":"2026-03-13T05:00:00","guid":{"rendered":"https:\/\/gpl-love.com\/es\/?post_type=product&#038;p=121062"},"modified":"2026-03-13T11:15:56","modified_gmt":"2026-03-13T16:15:56","slug":"jetsloth-gravity-forms-collapsible-sections","status":"publish","type":"product","link":"https:\/\/gpl-love.com\/es\/producto\/jetsloth-gravity-forms-collapsible-sections\/","title":{"rendered":"Jetsloth Gravity Forms Collapsible Sections 1.4.7"},"content":{"rendered":"<h3>Jetsloth Gravity Forms Collapsible Sections Caracteristicas<\/h3>\n<p>Las secciones colapsables de Jetsloth Gravity Forms son un complemento incre\u00edblemente robusto y potente que aumenta significativamente la funcionalidad de las formularios de gravedad, que resulta ser un complemento de WordPress muy popular utilizado para la creaci\u00f3n de forma. Al incorporar secciones plegables de Jetsloth Gravity Forms en su sitio web, obtiene la capacidad de generar sin esfuerzo secciones plegables dentro de sus formularios, facilitando as\u00ed la organizaci\u00f3n y la presentaci\u00f3n de sus campos de formulario de una manera que es considerablemente m\u00e1s f\u00e1cil de usar. La belleza de este complemento se encuentra en su nivel excepcional de personalizaci\u00f3n, que le brinda la oportunidad de adaptar perfectamente la apariencia de sus secciones plegables para alinearse perfectamente con la marca \u00fanica de su sitio web. Adem\u00e1s, cuenta con una compatibilidad excepcional, asegurando que se integre sin problemas con otros complementos de gravedad e incluso complementos de terceros. Al adoptar el poder de la gravedad de Jetsloth, las secciones plegables, desbloquea el potencial de crear formas notablemente intuitivas y f\u00e1ciles de usar que aceleren el proceso de recopilar la informaci\u00f3n vital que necesita con la m\u00e1xima eficiencia.<\/p>\n<ul>\n<li>Agregue secciones plegables a sus formularios de gravedad, haci\u00e9ndolas m\u00e1s organizadas y f\u00e1ciles de usar<\/li>\n<li>Ocultar secciones que los usuarios no necesitan ver inicialmente, reduciendo el desorden y mejorando la experiencia del usuario<\/li>\n<li>Hacer que sea m\u00e1s f\u00e1cil para los usuarios navegar por formularios largos colapsando y expandiendo las secciones seg\u00fan sea necesario<\/li>\n<li>Personalice la apariencia de sus secciones plegables para que coincida con el dise\u00f1o de su sitio web<\/li>\n<li>Instalar y activar con solo unos pocos clics, no se requiere codificaci\u00f3n<\/li>\n<li>Compatible con la \u00faltima versi\u00f3n de Gravity Forms y WordPress<\/li>\n<li>Disfrute del dise\u00f1o receptivo, haciendo que sus formularios se vean bien en cualquier dispositivo<\/li>\n<li>Soporte disponible del equipo de Jetsloth, si necesita ayuda o tiene preguntas.<\/li>\n<\/ul>\n","protected":false},"excerpt":{"rendered":"<p>El complemento de secciones de gravedad JetSloth Forms ofrece una soluci\u00f3n valiosa para los usuarios que buscan mejorar su experiencia de formularios de gravedad. Al incorporar secciones plegables, este complemento permite una organizaci\u00f3n sin esfuerzo y una facilidad de uso mejorada. Su funcionalidad radica en la capacidad de ocultar secciones intrincadas hasta que se vuelvan necesarias, optimizando as\u00ed la accesibilidad del formulario. Este complemento vers\u00e1til es particularmente beneficioso para las empresas y las personas con el objetivo de optimizar los formularios de su sitio web y mejorar la eficiencia general del usuario. Con la implementaci\u00f3n de secciones plegables de Jetsloth Gravity Forms, los usuarios pueden crear sin esfuerzo una forma visualmente atractiva y perfecta navegable, con un atractivo est\u00e9tico que es simult\u00e1neamente agradable y funcional.<\/p>\n","protected":false},"featured_media":166517,"comment_status":"open","ping_status":"open","template":"","meta":[],"product_brand":[2481],"product_cat":[1214,1206,1211],"product_tag":[1317],"class_list":{"0":"post-121062","1":"product","2":"type-product","3":"status-publish","4":"has-post-thumbnail","6":"product_brand-jetsloth","7":"product_cat-personalizacion","8":"product_cat-plugins","9":"product_cat-wordpress-plugins","10":"product_tag-jetsloth","11":"member-discount","12":"discount-restricted","14":"first","15":"instock","16":"sale","17":"downloadable","18":"virtual","19":"sold-individually","20":"purchasable","21":"product-type-simple"},"_links":{"self":[{"href":"https:\/\/gpl-love.com\/es\/wp-json\/wp\/v2\/product\/121062","targetHints":{"allow":["GET"]}}],"collection":[{"href":"https:\/\/gpl-love.com\/es\/wp-json\/wp\/v2\/product"}],"about":[{"href":"https:\/\/gpl-love.com\/es\/wp-json\/wp\/v2\/types\/product"}],"replies":[{"embeddable":true,"href":"https:\/\/gpl-love.com\/es\/wp-json\/wp\/v2\/comments?post=121062"}],"wp:featuredmedia":[{"embeddable":true,"href":"https:\/\/gpl-love.com\/es\/wp-json\/wp\/v2\/media\/166517"}],"wp:attachment":[{"href":"https:\/\/gpl-love.com\/es\/wp-json\/wp\/v2\/media?parent=121062"}],"wp:term":[{"taxonomy":"product_brand","embeddable":true,"href":"https:\/\/gpl-love.com\/es\/wp-json\/wp\/v2\/product_brand?post=121062"},{"taxonomy":"product_cat","embeddable":true,"href":"https:\/\/gpl-love.com\/es\/wp-json\/wp\/v2\/product_cat?post=121062"},{"taxonomy":"product_tag","embeddable":true,"href":"https:\/\/gpl-love.com\/es\/wp-json\/wp\/v2\/product_tag?post=121062"}],"curies":[{"name":"wp","href":"https:\/\/api.w.org\/{rel}","templated":true}]}}