{"id":121060,"date":"2026-02-14T00:00:00","date_gmt":"2026-02-14T05:00:00","guid":{"rendered":"https:\/\/gpl-love.com\/es\/producto\/jetsloth-gravity-forms-bulk-add-fields\/"},"modified":"2026-03-09T07:44:38","modified_gmt":"2026-03-09T12:44:38","slug":"jetsloth-gravity-forms-bulk-add-fields","status":"publish","type":"product","link":"https:\/\/gpl-love.com\/es\/producto\/jetsloth-gravity-forms-bulk-add-fields\/","title":{"rendered":"Jetsloth Gravity Forms Bulk Add Fields 1.2.6"},"content":{"rendered":"<h3>Jetsloth Gravity Forms Bulk Add Fields Caracteristicas<\/h3>\n<p>Jetsloth Gravity Forms Bulk Add Fields es una herramienta altamente eficiente y valiosa que ha sido dise\u00f1ada meticulosamente para simplificar y acelerar todo el proceso de incorporar m\u00faltiples campos en formas de gravedad. Al utilizar este complemento excepcional, los usuarios est\u00e1n facultados para integrar a la perfecci\u00f3n numerosos campos a la vez, lo que les permite conservar tanto su precioso tiempo como su esfuerzo. Una de las caracter\u00edsticas notables de este complemento se encuentra en su interfaz notablemente f\u00e1cil de usar, que facilita la selecci\u00f3n sin esfuerzo de los tipos de campo deseados, la personalizaci\u00f3n de las propiedades de campo para lograr los resultados deseados y la provisi\u00f3n de una funcionalidad de vista previa para evaluar y evaluar meticulosamente la inundaci\u00f3n de la inundaci\u00f3n. alteraciones antes de su implementaci\u00f3n. En particular, este complemento excepcional extiende su soporte para acomodar una extensa variedad de tipos de campo dentro de las formas de gravedad, incluidos los m\u00e1s complejos y sofisticados, como la carga de archivos, la l\u00f3gica condicional y los campos de precios. En consecuencia, los campos de adici\u00f3n a granel de Jetsloth Forms surgen como una herramienta indispensable e invaluable que est\u00e1 garantizada para revolucionar y optimizar el proceso de construcci\u00f3n de formularios para cualquier usuario de formularios de gravedad dedicado y exigente.<\/p>\n<ul>\n<li>Agregue sin esfuerzo m\u00faltiples campos a una forma de forma de gravedad de una vez<\/li>\n<li>Ahorre tiempo evitando la necesidad de agregar campos uno a la vez<\/li>\n<li>Elija entre una variedad de tipos de campo, que incluyen texto, desplegable, carga de archivos y m\u00e1s<\/li>\n<li>Agregue etiquetas y marcadores de posici\u00f3n personalizados para cada campo<\/li>\n<li>Reorganizar f\u00e1cilmente los campos utilizando una interfaz de arrastrar y soltar<\/li>\n<li>Compatible con el editor cl\u00e1sico y de bloque en WordPress<\/li>\n<li>La interfaz intuitiva garantiza una experiencia de usuario suave<\/li>\n<li>Aumenta la productividad y la eficiencia para los desarrolladores web y los administradores del sitio<\/li>\n<li>Actualizaciones y soporte regulares del equipo de Jetsloth para garantizar la compatibilidad con las \u00faltimas versiones de Gravity Forms y WordPress<\/li>\n<\/ul>\n","protected":false},"excerpt":{"rendered":"<p>El complemento de campos de adici\u00f3n a granel de Jetsloth Forms Bulk ofrece una soluci\u00f3n perfecta para incorporar sin esfuerzo numerosos campos de forma en sus formularios de gravedad, lo que requiere solo unos pocos clics. Al permitir a los usuarios crear campos personalizados en masa en lugar de individualmente, este complemento garantiza un uso m\u00e1s eficiente del tiempo. Con una interfaz directa y un dise\u00f1o intuitivo, el proceso de incorporaci\u00f3n de campos nunca ha sido m\u00e1s f\u00e1cil de usar. Este complemento es ideal para personas que buscan optimizar su proceso de creaci\u00f3n de formularios y mejorar la experiencia general del usuario de su sitio web.<\/p>\n","protected":false},"featured_media":166516,"comment_status":"open","ping_status":"open","template":"","meta":[],"product_brand":[2481],"product_cat":[1212,1206,1211],"product_tag":[1317],"class_list":{"0":"post-121060","1":"product","2":"type-product","3":"status-publish","4":"has-post-thumbnail","6":"product_brand-jetsloth","7":"product_cat-administracion-wordpress-plugins","8":"product_cat-plugins","9":"product_cat-wordpress-plugins","10":"product_tag-jetsloth","11":"member-discount","12":"discount-restricted","14":"first","15":"instock","16":"sale","17":"downloadable","18":"virtual","19":"sold-individually","20":"purchasable","21":"product-type-simple"},"_links":{"self":[{"href":"https:\/\/gpl-love.com\/es\/wp-json\/wp\/v2\/product\/121060","targetHints":{"allow":["GET"]}}],"collection":[{"href":"https:\/\/gpl-love.com\/es\/wp-json\/wp\/v2\/product"}],"about":[{"href":"https:\/\/gpl-love.com\/es\/wp-json\/wp\/v2\/types\/product"}],"replies":[{"embeddable":true,"href":"https:\/\/gpl-love.com\/es\/wp-json\/wp\/v2\/comments?post=121060"}],"wp:featuredmedia":[{"embeddable":true,"href":"https:\/\/gpl-love.com\/es\/wp-json\/wp\/v2\/media\/166516"}],"wp:attachment":[{"href":"https:\/\/gpl-love.com\/es\/wp-json\/wp\/v2\/media?parent=121060"}],"wp:term":[{"taxonomy":"product_brand","embeddable":true,"href":"https:\/\/gpl-love.com\/es\/wp-json\/wp\/v2\/product_brand?post=121060"},{"taxonomy":"product_cat","embeddable":true,"href":"https:\/\/gpl-love.com\/es\/wp-json\/wp\/v2\/product_cat?post=121060"},{"taxonomy":"product_tag","embeddable":true,"href":"https:\/\/gpl-love.com\/es\/wp-json\/wp\/v2\/product_tag?post=121060"}],"curies":[{"name":"wp","href":"https:\/\/api.w.org\/{rel}","templated":true}]}}