{"id":121058,"date":"2025-10-28T00:00:00","date_gmt":"2025-10-28T05:00:00","guid":{"rendered":"https:\/\/gpl-love.com\/es\/?post_type=product&#038;p=121058"},"modified":"2026-03-09T07:44:36","modified_gmt":"2026-03-09T12:44:36","slug":"jetsloth-gravity-forms-bulk-actions-pro","status":"publish","type":"product","link":"https:\/\/gpl-love.com\/es\/producto\/jetsloth-gravity-forms-bulk-actions-pro\/","title":{"rendered":"Jetsloth Gravity Forms Bulk Actions Pro 1.4.8"},"content":{"rendered":"<h3>Jetsloth Gravity Forms Bulk Actions Pro Caracteristicas<\/h3>\n<p>La gravedad de Jetsloth forma acciones a granel Pro, un complemento de WordPress altamente potente y robusto, otorga a los usuarios la capacidad de ejecutar una multitud de acciones en gran medida con respecto a sus datos de formularios de gravedad. Equipados con esta herramienta excepcional, los usuarios pueden supervisar y administrar sin esfuerzo sus presentaciones de formulario, entradas y notificaciones de una manera m\u00e1s simplificada y met\u00f3dica. Lo que distingue a este complemento es su notable capacidad para facilitar la exportaci\u00f3n de datos de formulario en una variedad de formatos, como CSV, PDF y Excel. Adem\u00e1s, permite a los usuarios programar exportaciones para entrega autom\u00e1tica, optimizando a\u00fan m\u00e1s su flujo de trabajo. Adem\u00e1s de esto, el complemento tambi\u00e9n permite a los usuarios filtrar sus entradas de formulario basadas en diferentes criterios, proporcion\u00e1ndoles la conveniencia de ejecutar acciones masivas como eliminar, aprobar o archivar m\u00faltiples entradas simult\u00e1neamente. La gravedad de JetSloth forma acciones a granel Pro se enorgullece de ofrecer a los usuarios una interfaz intuitiva junto con una gran cantidad de opciones de personalizaci\u00f3n, que finalmente sirve para mejorar su productividad general al racionalizar su flujo de trabajo.<\/p>\n<ul>\n<li>Capacidad para realizar acciones masivas en las entradas de formularios de gravedad, ahorrar tiempo y esfuerzo<\/li>\n<li>Configuraci\u00f3n altamente personalizable, lo que permite a los usuarios elegir qu\u00e9 acciones a granel realizar y en qu\u00e9 formularios<\/li>\n<li>Integraci\u00f3n con otros complementos populares de WordPress como JetPack y WPForms<\/li>\n<li>Interfaz simple y f\u00e1cil de usar para una f\u00e1cil navegaci\u00f3n y uso<\/li>\n<li>Permite la automatizaci\u00f3n de tareas repetitivas, liberando tiempo para tareas m\u00e1s importantes<\/li>\n<li>Actualizaciones y soporte regulares para garantizar la compatibilidad con la \u00faltima versi\u00f3n de WordPress y Formularios de gravedad<\/li>\n<li>Ahorra dinero eliminando la necesidad de complementos adicionales o un desarrollo personalizado para realizar acciones masivas en las entradas de formularios de gravedad<\/li>\n<li>Mejora la productividad y la eficiencia al optimizar las acciones masivas y los procesos de gesti\u00f3n de datos<\/li>\n<li>Aumenta la flexibilidad en la gesti\u00f3n de datos al permitir a los usuarios combinar y manipular datos de manera nueva y \u00fatil.<\/li>\n<li>Equipado con caracter\u00edsticas avanzadas como filtros y l\u00f3gica condicional para ajustar las acciones a granel para obtener la m\u00e1xima eficiencia.<\/li>\n<\/ul>\n","protected":false},"excerpt":{"rendered":"<p>El JetSloth Gravity Forms Bulk Actions Pro es un complemento de WordPress extremadamente robusto que le otorga la capacidad de administrar sin esfuerzo el procesamiento de grandes cantidades de datos dentro de las formas de gravedad. En virtud de sus funcionalidades altamente sofisticadas, puede efectuar sin esfuerzo la edici\u00f3n, la eliminaci\u00f3n y la exportaci\u00f3n de numerosas entradas de una sola vez, lo que le brinda el lujo de ahorrar tiempo y una eficacia mejorada en su flujo de trabajo. La interfaz f\u00e1cil de usar que ofrece le presenta una variedad de opciones de personalizaci\u00f3n, lo que le hace una herramienta indispensable para cualquier individuo que emplee formularios de gravedad como un medio de recopilaci\u00f3n de datos. Independientemente de si preside una empresa diminuta o una corporaci\u00f3n gigantesca, la gravedad de JetSloth forma acciones a granel Pro sirve como un recurso invaluable capaz de optimizar su proceso de gesti\u00f3n de datos y aumentar la productividad a alturas incomparables.<\/p>\n","protected":false},"featured_media":166515,"comment_status":"open","ping_status":"open","template":"","meta":[],"product_brand":[2481],"product_cat":[1212,1206,1211],"product_tag":[1317],"class_list":{"0":"post-121058","1":"product","2":"type-product","3":"status-publish","4":"has-post-thumbnail","6":"product_brand-jetsloth","7":"product_cat-administracion-wordpress-plugins","8":"product_cat-plugins","9":"product_cat-wordpress-plugins","10":"product_tag-jetsloth","11":"member-discount","12":"discount-restricted","14":"first","15":"instock","16":"sale","17":"downloadable","18":"virtual","19":"sold-individually","20":"purchasable","21":"product-type-simple"},"_links":{"self":[{"href":"https:\/\/gpl-love.com\/es\/wp-json\/wp\/v2\/product\/121058","targetHints":{"allow":["GET"]}}],"collection":[{"href":"https:\/\/gpl-love.com\/es\/wp-json\/wp\/v2\/product"}],"about":[{"href":"https:\/\/gpl-love.com\/es\/wp-json\/wp\/v2\/types\/product"}],"replies":[{"embeddable":true,"href":"https:\/\/gpl-love.com\/es\/wp-json\/wp\/v2\/comments?post=121058"}],"wp:featuredmedia":[{"embeddable":true,"href":"https:\/\/gpl-love.com\/es\/wp-json\/wp\/v2\/media\/166515"}],"wp:attachment":[{"href":"https:\/\/gpl-love.com\/es\/wp-json\/wp\/v2\/media?parent=121058"}],"wp:term":[{"taxonomy":"product_brand","embeddable":true,"href":"https:\/\/gpl-love.com\/es\/wp-json\/wp\/v2\/product_brand?post=121058"},{"taxonomy":"product_cat","embeddable":true,"href":"https:\/\/gpl-love.com\/es\/wp-json\/wp\/v2\/product_cat?post=121058"},{"taxonomy":"product_tag","embeddable":true,"href":"https:\/\/gpl-love.com\/es\/wp-json\/wp\/v2\/product_tag?post=121058"}],"curies":[{"name":"wp","href":"https:\/\/api.w.org\/{rel}","templated":true}]}}