{"id":121056,"date":"2026-04-08T00:00:00","date_gmt":"2026-04-08T05:00:00","guid":{"rendered":"https:\/\/gpl-love.com\/es\/producto\/jet-woo-builder-for-elementor\/"},"modified":"2026-04-08T17:15:43","modified_gmt":"2026-04-08T22:15:43","slug":"jet-woo-builder-for-elementor","status":"publish","type":"product","link":"https:\/\/gpl-love.com\/es\/producto\/jet-woo-builder-for-elementor\/","title":{"rendered":"Jet Woo Builder For Elementor 2.3.2.1"},"content":{"rendered":"<h3>Jet Woo Builder For Elementor Caracteristicas<\/h3>\n<p>Jet Woo Builder para Elementor es un complemento incre\u00edblemente robusto y rico en funciones que ofrece a los usuarios la capacidad de crear sin esfuerzo sus propias tiendas en l\u00ednea personalizadas. Esta herramienta notable cuenta con una interfaz de arrastrar y soltar altamente intuitiva, lo que permite a los usuarios crear sus propias p\u00e1ginas de productos, p\u00e1ginas de tiendas y p\u00e1ginas de pago con una facilidad y eficiencia incomparables. Las extensas capacidades de Jet Woo Builder para Elementor permiten a los usuarios personalizar cada faceta de su experiencia de tienda en l\u00ednea, desde las pantallas de productos cautivadoras y visualmente atractivas hasta las opciones de pago perfectas y convenientes. Adem\u00e1s, este complemento excepcional ofrece una amplia gama de widgets vers\u00e1tiles, que incluyen, entre otros, cautivadoras cuadr\u00edculas de productos, carruseles din\u00e1micos y filtros eficientes, que contribuyen en gran medida a la creaci\u00f3n de sitios web de comercio electr\u00f3nico visualmente impresionantes y altamente funcionales. Adem\u00e1s, Jet Woo Builder para Elementor se integra perfectamente con WooCommerce, la plataforma de comercio electr\u00f3nico l\u00edder y m\u00e1s ampliamente utilizada para WordPress, proporcionando as\u00ed a los usuarios una soluci\u00f3n integral e integral para sus necesidades de venta en l\u00ednea. Independientemente de si posee una amplia experiencia como desarrollador experimentado o si se est\u00e1 embarcando en su viaje como principiante, Jet Woo Builder para Elementor, sin duda, representa la mejor herramienta para acelerar y facilitar el proceso de crear una tienda en l\u00ednea verdaderamente profesional y visualmente cautivadora, sin esfuerzo, sin esfuerzo. y r\u00e1pidamente.<\/p>\n<ul>\n<li>Potente creador de p\u00e1ginas de arrastrar y soltar para WordPress, integrado con Elementor<\/li>\n<li>Herramienta perfecta para crear p\u00e1ginas y dise\u00f1os personalizados con facilidad<\/li>\n<li>Viene con una gama de plantillas y bloques de construcci\u00f3n previa para comenzar su dise\u00f1o<\/li>\n<li>Opciones de dise\u00f1o avanzadas, que incluyen espaciado personalizado, m\u00e1rgenes y relleno<\/li>\n<li>Totalmente receptivo y optimizado para dispositivos m\u00f3viles<\/li>\n<li>Interfaz f\u00e1cil de usar con controles intuitivos y edici\u00f3n en la p\u00e1gina en tiempo real<\/li>\n<li>Compatible con temas de WordPress, complementos y widgets<\/li>\n<li>Documentaci\u00f3n y apoyo extenso para ayudarlo a aprovechar al m\u00e1ximo el constructor<\/li>\n<li>Actualizaciones y mejoras regulares para mantenerse al d\u00eda con las \u00faltimas tendencias y tecnolog\u00edas<\/li>\n<li>Planes de precios asequibles para satisfacer las necesidades de empresas de todos los tama\u00f1os<\/li>\n<\/ul>\n","protected":false},"excerpt":{"rendered":"<p>Jet Woo Builder para Elementor es una herramienta excepcionalmente robusta y potente que faculta a los usuarios crear sitios web de comercio electr\u00f3nico visualmente cautivadores visualmente y agradables. Al aprovechar su interfaz de arrastrar y soltar intuitivamente, las personas pueden conceptualizar y dise\u00f1ar las p\u00e1ginas de productos cautivadoras, p\u00e1ginas de categor\u00edas, carritos de compras y muchos otros componentes. Adem\u00e1s, esta notable herramienta ofrece una amplia gama de opciones de personalizaci\u00f3n, lo que permite a los usuarios personalizar sus sitios web con una precisi\u00f3n notable, como la inclusi\u00f3n de widgets de productos, opciones de vista r\u00e1pida y caracter\u00edsticas de estilo avanzado. Adem\u00e1s, un aspecto notable de Jet Woo Builder es su integraci\u00f3n perfecta con WooCommerce, una plataforma de comercio electr\u00f3nico ampliamente aclamada, que garantiza que los usuarios posean todas las herramientas y recursos necesarios necesarios para construir una tienda en l\u00ednea pr\u00f3spera y pr\u00f3spera. Independientemente de si uno es un desarrollador consumado o un novato que reci\u00e9n comienza su viaje, Jet Woo Builder para Elementor se erige como la soluci\u00f3n ideal para elaborar sitios web extraordinarios y de alto rendimiento de comercio electr\u00f3nico que est\u00e1n cautivando y exudan visualmente un sentido de encanto.<\/p>\n","protected":false},"featured_media":166514,"comment_status":"open","ping_status":"open","template":"","meta":[],"product_brand":[2480],"product_cat":[1207,1248,1206],"product_tag":[2276],"class_list":{"0":"post-121056","1":"product","2":"type-product","3":"status-publish","4":"has-post-thumbnail","6":"product_brand-crocoblock","7":"product_cat-comercio-electronico-plugins","8":"product_cat-personalizacion-comercio-electronico-plugins","9":"product_cat-plugins","10":"product_tag-crocoblock","11":"member-discount","12":"discount-restricted","14":"first","15":"instock","16":"sale","17":"downloadable","18":"virtual","19":"sold-individually","20":"purchasable","21":"product-type-simple"},"_links":{"self":[{"href":"https:\/\/gpl-love.com\/es\/wp-json\/wp\/v2\/product\/121056","targetHints":{"allow":["GET"]}}],"collection":[{"href":"https:\/\/gpl-love.com\/es\/wp-json\/wp\/v2\/product"}],"about":[{"href":"https:\/\/gpl-love.com\/es\/wp-json\/wp\/v2\/types\/product"}],"replies":[{"embeddable":true,"href":"https:\/\/gpl-love.com\/es\/wp-json\/wp\/v2\/comments?post=121056"}],"wp:featuredmedia":[{"embeddable":true,"href":"https:\/\/gpl-love.com\/es\/wp-json\/wp\/v2\/media\/166514"}],"wp:attachment":[{"href":"https:\/\/gpl-love.com\/es\/wp-json\/wp\/v2\/media?parent=121056"}],"wp:term":[{"taxonomy":"product_brand","embeddable":true,"href":"https:\/\/gpl-love.com\/es\/wp-json\/wp\/v2\/product_brand?post=121056"},{"taxonomy":"product_cat","embeddable":true,"href":"https:\/\/gpl-love.com\/es\/wp-json\/wp\/v2\/product_cat?post=121056"},{"taxonomy":"product_tag","embeddable":true,"href":"https:\/\/gpl-love.com\/es\/wp-json\/wp\/v2\/product_tag?post=121056"}],"curies":[{"name":"wp","href":"https:\/\/api.w.org\/{rel}","templated":true}]}}