{"id":121054,"date":"2025-11-10T00:00:00","date_gmt":"2025-11-10T05:00:00","guid":{"rendered":"https:\/\/gpl-love.com\/es\/producto\/jet-tricks-for-elementor\/"},"modified":"2026-03-09T07:44:34","modified_gmt":"2026-03-09T12:44:34","slug":"jet-tricks-for-elementor","status":"publish","type":"product","link":"https:\/\/gpl-love.com\/es\/producto\/jet-tricks-for-elementor\/","title":{"rendered":"Jet Tricks For Elementor 1.5.9"},"content":{"rendered":"<h3>Jet Tricks For Elementor Caracteristicas<\/h3>\n<p>Jet Tricks para Elementor es un complemento extremadamente robusto que permite a los usuarios la capacidad de incorporar efectos visuales excepcionalmente distintivos y llamativos en sus sitios web de elementor. Poseiendo una variedad de alternativas de animaci\u00f3n e interacci\u00f3n, este complemento ofrece un medio f\u00e1cil para aumentar la experiencia del usuario y aumentar el compromiso. Desde el cautivador desplazamiento de paralaje hasta el arte refinado del seguimiento del mouse, Jet Tricks otorga un repertorio expansivo de efectos que se pueden adaptar sin problemas para armonizar con cualquier dise\u00f1o de sitio web. Adem\u00e1s, est\u00e1 dotado de un nivel extraordinario de facilidad de uso y no requiere una destreza previa de codificaci\u00f3n, lo que garantiza la accesibilidad para los usuarios de cada nivel de competencia. En conclusi\u00f3n, los trucos de chorro para Elementor se destacan indiscutiblemente como un complemento esencial para las personas que anhelan infundir sus sitios web con una pizca de ingenio art\u00edstico e interactividad.<\/p>\n<ul>\n<li>Revolucionario complemento de trucos de chorro para elementor<\/li>\n<li>Desatar todo el potencial de elemento con trucos de chorro<\/li>\n<li>Cree transiciones ingeniosas, animaciones y efectos en su sitio web<\/li>\n<li>F\u00e1cil de usar y no se requiere codificaci\u00f3n<\/li>\n<li>Elija entre m\u00e1s de 40 animaciones diferentes y efectos visuales<\/li>\n<li>Crear experiencias de usuario atractivas e interactivas con trucos de chorro<\/li>\n<li>Compatible con todos los widgets y m\u00f3dulos de elementos<\/li>\n<li>Aumentar la participaci\u00f3n del usuario y mejorar el rendimiento del sitio web con trucos de jet<\/li>\n<li>Documentaci\u00f3n y soporte integral para la integraci\u00f3n sin interrupciones<\/li>\n<li>Compre trucos de jet hoy y comience a crear sitios web impresionantes en minutos.<\/li>\n<\/ul>\n","protected":false},"excerpt":{"rendered":"<p>Jet Tricks para Elementor es una extensi\u00f3n extremadamente robusta, con un extenso repertorio de m\u00e1s de 50 efectos visuales avanzados, todo dise\u00f1ado para elevar la est\u00e9tica de su sitio web. Con la integraci\u00f3n de los trucos de chorro, las posibilidades son ilimitadas a medida que evoca sin esfuerzo las animaciones fascinantes, implementa efectos de paralaje cautivadores, integra sin esfuerzo elementos pegajosos, cura cursores de mouse personalizados y mucho m\u00e1s. Este complemento excepcional armoniza sin problemas con Elementor, el inigualable creador de p\u00e1ginas para WordPress, que le ofrece un arsenal de herramientas necesarias para construir un sitio web impresionante que seguramente cautivar\u00e1 y cautivar\u00e1 a sus estimados visitantes. Independientemente de si posee una habilidad especial para el dise\u00f1o web, una competencia en el desarrollo, o incluso si es un propietario de un negocio que se esfuerza por dejar su marca en l\u00ednea, los trucos de jet para Elementer son inequ\u00edvocamente su boleto para ascender a alturas sin precedentes, trascendiendo los l\u00edmites de mediocridad.<\/p>\n","protected":false},"featured_media":166513,"comment_status":"open","ping_status":"open","template":"","meta":[],"product_brand":[2480],"product_cat":[1214,1206,1211],"product_tag":[2276],"class_list":{"0":"post-121054","1":"product","2":"type-product","3":"status-publish","4":"has-post-thumbnail","6":"product_brand-crocoblock","7":"product_cat-personalizacion","8":"product_cat-plugins","9":"product_cat-wordpress-plugins","10":"product_tag-crocoblock","11":"member-discount","12":"discount-restricted","14":"first","15":"instock","16":"sale","17":"downloadable","18":"virtual","19":"sold-individually","20":"purchasable","21":"product-type-simple"},"_links":{"self":[{"href":"https:\/\/gpl-love.com\/es\/wp-json\/wp\/v2\/product\/121054","targetHints":{"allow":["GET"]}}],"collection":[{"href":"https:\/\/gpl-love.com\/es\/wp-json\/wp\/v2\/product"}],"about":[{"href":"https:\/\/gpl-love.com\/es\/wp-json\/wp\/v2\/types\/product"}],"replies":[{"embeddable":true,"href":"https:\/\/gpl-love.com\/es\/wp-json\/wp\/v2\/comments?post=121054"}],"wp:featuredmedia":[{"embeddable":true,"href":"https:\/\/gpl-love.com\/es\/wp-json\/wp\/v2\/media\/166513"}],"wp:attachment":[{"href":"https:\/\/gpl-love.com\/es\/wp-json\/wp\/v2\/media?parent=121054"}],"wp:term":[{"taxonomy":"product_brand","embeddable":true,"href":"https:\/\/gpl-love.com\/es\/wp-json\/wp\/v2\/product_brand?post=121054"},{"taxonomy":"product_cat","embeddable":true,"href":"https:\/\/gpl-love.com\/es\/wp-json\/wp\/v2\/product_cat?post=121054"},{"taxonomy":"product_tag","embeddable":true,"href":"https:\/\/gpl-love.com\/es\/wp-json\/wp\/v2\/product_tag?post=121054"}],"curies":[{"name":"wp","href":"https:\/\/api.w.org\/{rel}","templated":true}]}}