{"id":121052,"date":"2025-12-04T00:00:00","date_gmt":"2025-12-04T05:00:00","guid":{"rendered":"https:\/\/gpl-love.com\/es\/producto\/jet-tema-core-for-elementor\/"},"modified":"2026-03-09T07:44:33","modified_gmt":"2026-03-09T12:44:33","slug":"jet-tema-core-for-elementor","status":"publish","type":"product","link":"https:\/\/gpl-love.com\/es\/producto\/jet-tema-core-for-elementor\/","title":{"rendered":"Jet Tema Core For Elementor 2.3.1.1"},"content":{"rendered":"<h3>Jet Tema Core For Elementor Caracteristicas<\/h3>\n<p>Para las personas que buscan construir sitios web de primer nivel y sofisticados, el n\u00facleo del tema de chorro para el elemento sirve como una herramienta indispensable. Esta herramienta no solo ofrece una amplia gama de widgets y m\u00f3dulos personalizables, sino que tambi\u00e9n proporciona un enfoque simplificado y efectivo para dise\u00f1ar y desarrollar sitios de WordPress visualmente cautivadores. Ya sea que posee un fondo en dise\u00f1o gr\u00e1fico o desarrollo web, o simplemente desee crear p\u00e1ginas web din\u00e1micas y receptivas sin esfuerzo, el n\u00facleo del tema de chorro para el elemento est\u00e1 hecho a medida para usted. Independientemente de si su objetivo es establecer un sitio web comercial, una tienda en l\u00ednea o un blog personal, esta notable herramienta lo equipa con todos los recursos necesarios para dise\u00f1ar un sitio web extraordinario que sin duda supere todas las expectativas.<\/p>\n<ul>\n<li>Un complemento poderoso para el popular Elementor Page Builder<\/li>\n<li>Proporciona acceso a una variedad de plantillas de tema predise\u00f1adas<\/li>\n<li>Opciones de dise\u00f1o personalizables que permiten un control total sobre la apariencia de su sitio web<\/li>\n<li>Se integra a la perfecci\u00f3n con la interfaz Elementor para f\u00e1cil usar<\/li>\n<li>Incluye una vasta biblioteca de widgets, secciones y m\u00f3dulos para agregar a sus p\u00e1ginas<\/li>\n<li>Opciones de funcionalidad avanzada, como contenido din\u00e1mico, encabezados y peatones pegajosos, y tipos de publicaciones personalizadas<\/li>\n<li>Actualizaciones y soporte regulares para garantizar que el complemento siempre se ejecute sin problemas<\/li>\n<li>Compatibilidad con una amplia gama de temas y complementos de WordPress<\/li>\n<li>Ayuda a mejorar los tiempos de carga del sitio web con su base de c\u00f3digo liviano<\/li>\n<li>Puede crear encabezados de sitio web personalizados, pies de p\u00e1gina y otras caracter\u00edsticas \u00fanicas con facilidad.<\/li>\n<\/ul>\n","protected":false},"excerpt":{"rendered":"<p>Jet Them Teme Core for Elementor es un complemento de WordPress incre\u00edblemente robusto y din\u00e1mico que ofrece una amplia gama de caracter\u00edsticas indispensables para crear sitios web impresionantes y visualmente cautivadores visualmente. Al integrar este complemento excepcional en su sitio de WordPress, se le otorga la capacidad inigualable para personalizar y ajustar sin esfuerzo varios aspectos vitales de la est\u00e9tica general de su sitio web, como su dise\u00f1o, tipograf\u00eda, paleta de colores y multitud de otros elementos de dise\u00f1o, por lo tanto, permitiendo que su sitio se distinga sin esfuerzo de la mir\u00edada de otros sitios web gen\u00e9ricos que pueblan el reino en l\u00ednea. Independientemente de si posee una comprensi\u00f3n limitada del dise\u00f1o web o posee una amplia experiencia en este campo, el n\u00facleo del tema de chorro sirve como la soluci\u00f3n definitiva, proporcionar una interfaz extraordinariamente f\u00e1cil de usar que garantice el proceso de construcci\u00f3n de sitios web visualmente convincentes y est\u00e9ticamente agradables sigue siendo un sencillo de usuarios sigue siendo y Swift Endeavour. Adem\u00e1s, las opciones de dise\u00f1o receptivas excepcionales facilitadas por Jet Temo Core garantizan que su sitio web se adaptar\u00e1 sin problemas y aparecer\u00e1 espl\u00e9ndidamente en una amplia gama de dispositivos. No dude en adquirir el n\u00facleo del tema de jet lo antes posible, ya que sin duda elevar\u00e1 el calibre y el encanto visual de su sitio web a alturas sin precedentes, \u00a1superando incluso las expectativas m\u00e1s altas!<\/p>\n","protected":false},"featured_media":166512,"comment_status":"open","ping_status":"open","template":"","meta":[],"product_brand":[2480],"product_cat":[1212,1206,1211],"product_tag":[2276],"class_list":{"0":"post-121052","1":"product","2":"type-product","3":"status-publish","4":"has-post-thumbnail","6":"product_brand-crocoblock","7":"product_cat-administracion-wordpress-plugins","8":"product_cat-plugins","9":"product_cat-wordpress-plugins","10":"product_tag-crocoblock","11":"member-discount","12":"discount-restricted","14":"first","15":"instock","16":"sale","17":"downloadable","18":"virtual","19":"sold-individually","20":"purchasable","21":"product-type-simple"},"_links":{"self":[{"href":"https:\/\/gpl-love.com\/es\/wp-json\/wp\/v2\/product\/121052","targetHints":{"allow":["GET"]}}],"collection":[{"href":"https:\/\/gpl-love.com\/es\/wp-json\/wp\/v2\/product"}],"about":[{"href":"https:\/\/gpl-love.com\/es\/wp-json\/wp\/v2\/types\/product"}],"replies":[{"embeddable":true,"href":"https:\/\/gpl-love.com\/es\/wp-json\/wp\/v2\/comments?post=121052"}],"wp:featuredmedia":[{"embeddable":true,"href":"https:\/\/gpl-love.com\/es\/wp-json\/wp\/v2\/media\/166512"}],"wp:attachment":[{"href":"https:\/\/gpl-love.com\/es\/wp-json\/wp\/v2\/media?parent=121052"}],"wp:term":[{"taxonomy":"product_brand","embeddable":true,"href":"https:\/\/gpl-love.com\/es\/wp-json\/wp\/v2\/product_brand?post=121052"},{"taxonomy":"product_cat","embeddable":true,"href":"https:\/\/gpl-love.com\/es\/wp-json\/wp\/v2\/product_cat?post=121052"},{"taxonomy":"product_tag","embeddable":true,"href":"https:\/\/gpl-love.com\/es\/wp-json\/wp\/v2\/product_tag?post=121052"}],"curies":[{"name":"wp","href":"https:\/\/api.w.org\/{rel}","templated":true}]}}