{"id":121050,"date":"2026-02-06T00:00:00","date_gmt":"2026-02-06T05:00:00","guid":{"rendered":"https:\/\/gpl-love.com\/es\/producto\/jet-tabs-for-elementor\/"},"modified":"2026-03-09T07:44:32","modified_gmt":"2026-03-09T12:44:32","slug":"jet-tabs-for-elementor","status":"publish","type":"product","link":"https:\/\/gpl-love.com\/es\/producto\/jet-tabs-for-elementor\/","title":{"rendered":"Jet Tabs For Elementor 2.2.14"},"content":{"rendered":"<h3>Jet Tabs For Elementor Caracteristicas<\/h3>\n<p>Las pesta\u00f1as de jet para Elementor es un complemento incre\u00edblemente robusto y f\u00e1cil de usar que se ha creado meticulosamente con el \u00fanico prop\u00f3sito de ayudarlo en la creaci\u00f3n de pesta\u00f1as visualmente impresionantes y altamente funcionales para sus p\u00e1ginas web. Equipado con una multitud de caracter\u00edsticas avanzadas y una amplia gama de opciones de personalizaci\u00f3n, este complemento le capacita construir sin esfuerzo el contenido con pesta\u00f1as que se integra perfectamente en la tela de su sitio web. Ya sea que desee personalizar la apariencia de sus pesta\u00f1as, seleccione entre una amplia gama de dise\u00f1os o incorpore una variedad ecl\u00e9ctica de contenido, como texto convincente, im\u00e1genes hipnotizantes o videos cautivadores, pesta\u00f1as de jet para el elemento le otorga la libertad y flexibilidad Actualice sus visiones creativas con la m\u00e1xima precisi\u00f3n y delicadeza. Adem\u00e1s, este complemento ofrece convenientemente una gran cantidad de plantillas predise\u00f1adas que sirven como un trampol\u00edn invaluable tanto para los entusiastas incipientes como para los profesionales experimentados, lo que le convierte en un instrumento indispensable que trasciende los l\u00edmites del nivel de habilidad. Sin una duda, las pesta\u00f1as de chorro para Elementor se destacan como un activo indispensable para cualquier individuo anhelo de aumentar la funcionalidad y la est\u00e9tica de su sitio web al imbuirlo con una experiencia con pesta\u00f1as atractiva e inmersiva.<\/p>\n<ul>\n<li>Un widget de elementor poderoso y f\u00e1cil de usar para crear pesta\u00f1as personalizadas en su sitio web<\/li>\n<li>Le permite crear f\u00e1cilmente m\u00faltiples pesta\u00f1as dentro de una sola p\u00e1gina o publicaci\u00f3n de elementos<\/li>\n<li>Viene con una variedad de plantillas predise\u00f1adas para elegir para una configuraci\u00f3n r\u00e1pida<\/li>\n<li>Las opciones de personalizaci\u00f3n incluyen esquemas de color, estilos de texto y efectos de animaci\u00f3n<\/li>\n<li>Se puede utilizar para mostrar una gama de tipos de contenido, que incluyen texto, im\u00e1genes, videos y m\u00e1s<\/li>\n<li>El dise\u00f1o totalmente receptivo garantiza que su sitio web se vea genial en todos los dispositivos<\/li>\n<li>Las caracter\u00edsticas de SEO incorporadas lo ayudan a optimizar su contenido para los motores de b\u00fasqueda<\/li>\n<li>Ofrece una integraci\u00f3n perfecta con Elementor Pro para una funcionalidad a\u00fan m\u00e1s avanzada<\/li>\n<li>Incluye acceso gratuito a una biblioteca de \u00fatiles videos tutoriales y documentaci\u00f3n para ayudarlo a comenzar<\/li>\n<\/ul>\n","protected":false},"excerpt":{"rendered":"<p>Jet Tabs para Elementor es un complemento incre\u00edblemente robusto y altamente efectivo que ofrece una amplia gama de caracter\u00edsticas, lo que le permite generar contenido con pesta\u00f1as visualmente cautivador para su sitio web. Esta herramienta notablemente intuitiva no solo le proporciona una variedad impresionante de estilos predise\u00f1ados, sino que tambi\u00e9n le otorga la libertad de personalizar todos los aspectos de los dise\u00f1os de sus pesta\u00f1as, asegurando que se integren sin problemas con el dise\u00f1o general de su sitio web. Independientemente de si su objetivo es exhibir sus productos y servicios o organizar meticulosamente su contenido en secciones f\u00e1cilmente navegables, Jet Tabs for Elementor sirve como un activo invaluable que le permite lograr sus objetivos r\u00e1pida y eficiente. Con su rendimiento incomparable y su interfaz f\u00e1cil de usar, este complemento indudablemente surge como un recurso indispensable para cualquier usuario de elementos que aspira a la moda contenido con contenido exquisito y con pesta\u00f1as de calidad profesional.<\/p>\n","protected":false},"featured_media":166511,"comment_status":"open","ping_status":"open","template":"","meta":[],"product_brand":[2480],"product_cat":[1214,1206,1211],"product_tag":[2276],"class_list":{"0":"post-121050","1":"product","2":"type-product","3":"status-publish","4":"has-post-thumbnail","6":"product_brand-crocoblock","7":"product_cat-personalizacion","8":"product_cat-plugins","9":"product_cat-wordpress-plugins","10":"product_tag-crocoblock","11":"member-discount","12":"discount-restricted","14":"first","15":"instock","16":"sale","17":"downloadable","18":"virtual","19":"sold-individually","20":"purchasable","21":"product-type-simple"},"_links":{"self":[{"href":"https:\/\/gpl-love.com\/es\/wp-json\/wp\/v2\/product\/121050","targetHints":{"allow":["GET"]}}],"collection":[{"href":"https:\/\/gpl-love.com\/es\/wp-json\/wp\/v2\/product"}],"about":[{"href":"https:\/\/gpl-love.com\/es\/wp-json\/wp\/v2\/types\/product"}],"replies":[{"embeddable":true,"href":"https:\/\/gpl-love.com\/es\/wp-json\/wp\/v2\/comments?post=121050"}],"wp:featuredmedia":[{"embeddable":true,"href":"https:\/\/gpl-love.com\/es\/wp-json\/wp\/v2\/media\/166511"}],"wp:attachment":[{"href":"https:\/\/gpl-love.com\/es\/wp-json\/wp\/v2\/media?parent=121050"}],"wp:term":[{"taxonomy":"product_brand","embeddable":true,"href":"https:\/\/gpl-love.com\/es\/wp-json\/wp\/v2\/product_brand?post=121050"},{"taxonomy":"product_cat","embeddable":true,"href":"https:\/\/gpl-love.com\/es\/wp-json\/wp\/v2\/product_cat?post=121050"},{"taxonomy":"product_tag","embeddable":true,"href":"https:\/\/gpl-love.com\/es\/wp-json\/wp\/v2\/product_tag?post=121050"}],"curies":[{"name":"wp","href":"https:\/\/api.w.org\/{rel}","templated":true}]}}