{"id":121048,"date":"2024-08-21T00:00:00","date_gmt":"2024-08-21T05:00:00","guid":{"rendered":"https:\/\/gpl-love.com\/es\/producto\/jet-style-manager-para-elementor\/"},"modified":"2026-03-09T07:44:31","modified_gmt":"2026-03-09T12:44:31","slug":"jet-style-manager-para-elementor","status":"publish","type":"product","link":"https:\/\/gpl-love.com\/es\/producto\/jet-style-manager-para-elementor\/","title":{"rendered":"Jet Style Manager para Elementor 1.3.8"},"content":{"rendered":"<h3>Jet Style Manager para Elementor Caracteristicas<\/h3>\n<p>Jet Style Manager para Elementor es un complemento notablemente robusto que ha sido meticulosamente elaborado para ofrecer una interfaz excepcionalmente f\u00e1cil e intuitiva, espec\u00edficamente adaptada para facilitar la personalizaci\u00f3n perfecta de los aspectos visuales de su sitio web. Esta herramienta que todo lo abarca sin esfuerzo le capacita a manipular sin esfuerzo una variedad de elementos de dise\u00f1o, como fuentes, colores, fondos, fronteras y mucho m\u00e1s, todo sin necesidad de ning\u00fan conocimiento intrincado de codificaci\u00f3n. El realmente notable gerente de estilo de reacci\u00f3n le otorga sin esfuerzo a una expansiva biblioteca de plantillas y estilos predeterminados, lo que le brinda la libertad y la flexibilidad incomparables a las p\u00e1ginas web impresionantes de moda que se alinean exquisitamente con su identidad de marca distintiva. Adem\u00e1s, este complemento impresionante le permite preservar convenientemente y posteriormente emplear sus estilos personalizados en varias p\u00e1ginas y secciones, simplificando sustancialmente su flujo de trabajo y liber\u00e1ndole de un esfuerzo indebido durador. Con una interfaz verdaderamente din\u00e1mica y altamente receptiva, Jet Style Manager para Elementor es inequ\u00edvocamente la soluci\u00f3n definitiva para dise\u00f1adores, desarrolladores y propietarios de sitios web que aspiran a ascender al pin\u00e1culo de su destreza de dise\u00f1o web.<\/p>\n<ul>\n<li>Una herramienta poderosa para personalizar la apariencia de los sitios web que funcionan con elementos<\/li>\n<li>Ofrece una variedad de plantillas y estilos predise\u00f1ados, lo que permite a los usuarios personalizar de manera r\u00e1pida y f\u00e1cil la apariencia de su sitio.<\/li>\n<li>Cuenta con una interfaz f\u00e1cil de usar que facilita la navegaci\u00f3n y personalizaci\u00f3n de la configuraci\u00f3n<\/li>\n<li>Permite a los usuarios crear sus propios estilos y plantillas personalizados, d\u00e1ndoles un control completo sobre el dise\u00f1o de su sitio<\/li>\n<li>Se integra a la perfecci\u00f3n con Elementor, asegurando que todos los cambios realizados a trav\u00e9s de Jet Style Manager se reflejen en tiempo real<\/li>\n<li>Ofrece una gama de opciones de personalizaci\u00f3n, que incluyen paletas de colores, configuraciones de tipograf\u00eda y m\u00e1s<\/li>\n<li>Proporciona a los usuarios la capacidad de obtener una vista previa de sus cambios antes de aplicarlos a su sitio<\/li>\n<li>Perfecto para dise\u00f1adores web, desarrolladores y cualquier persona que quiera crear un sitio web de aspecto profesional sin pasar horas en dise\u00f1o y personalizaci\u00f3n<\/li>\n<\/ul>\n","protected":false},"excerpt":{"rendered":"<p>Lleve el dise\u00f1o de su sitio web a nuevas alturas incorporando Jet Style Manager para Elementor. Este complemento incre\u00edblemente potente le permite adaptar sin esfuerzo cada aspecto de su sitio web impulsado por el elemento, desde tama\u00f1os de fuente min\u00fasculos hasta preferencias de dise\u00f1o grandiosas. Con una interfaz intuitivamente navegable, esta herramienta le otorga un control sin costuras sobre esquemas de color, selecciones tipogr\u00e1ficas y varios otros elementos estil\u00edsticos con la m\u00e1xima facilidad, que simplemente requieren unos pocos clics. Impulsar su sitio web a niveles sin precedentes de sofisticaci\u00f3n y delicadeza con la ayuda indispensable del gerente de estilo de chorro para Elementor.<\/p>\n","protected":false},"featured_media":166510,"comment_status":"open","ping_status":"open","template":"","meta":[],"product_brand":[2480],"product_cat":[1212,1206,1211],"product_tag":[2276],"class_list":{"0":"post-121048","1":"product","2":"type-product","3":"status-publish","4":"has-post-thumbnail","6":"product_brand-crocoblock","7":"product_cat-administracion-wordpress-plugins","8":"product_cat-plugins","9":"product_cat-wordpress-plugins","10":"product_tag-crocoblock","11":"member-discount","12":"discount-restricted","14":"first","15":"instock","16":"sale","17":"downloadable","18":"virtual","19":"sold-individually","20":"purchasable","21":"product-type-simple"},"_links":{"self":[{"href":"https:\/\/gpl-love.com\/es\/wp-json\/wp\/v2\/product\/121048","targetHints":{"allow":["GET"]}}],"collection":[{"href":"https:\/\/gpl-love.com\/es\/wp-json\/wp\/v2\/product"}],"about":[{"href":"https:\/\/gpl-love.com\/es\/wp-json\/wp\/v2\/types\/product"}],"replies":[{"embeddable":true,"href":"https:\/\/gpl-love.com\/es\/wp-json\/wp\/v2\/comments?post=121048"}],"wp:featuredmedia":[{"embeddable":true,"href":"https:\/\/gpl-love.com\/es\/wp-json\/wp\/v2\/media\/166510"}],"wp:attachment":[{"href":"https:\/\/gpl-love.com\/es\/wp-json\/wp\/v2\/media?parent=121048"}],"wp:term":[{"taxonomy":"product_brand","embeddable":true,"href":"https:\/\/gpl-love.com\/es\/wp-json\/wp\/v2\/product_brand?post=121048"},{"taxonomy":"product_cat","embeddable":true,"href":"https:\/\/gpl-love.com\/es\/wp-json\/wp\/v2\/product_cat?post=121048"},{"taxonomy":"product_tag","embeddable":true,"href":"https:\/\/gpl-love.com\/es\/wp-json\/wp\/v2\/product_tag?post=121048"}],"curies":[{"name":"wp","href":"https:\/\/api.w.org\/{rel}","templated":true}]}}