{"id":121044,"date":"2026-04-10T00:00:00","date_gmt":"2026-04-10T05:00:00","guid":{"rendered":"https:\/\/gpl-love.com\/es\/producto\/jet-search-for-elementor\/"},"modified":"2026-04-10T11:15:54","modified_gmt":"2026-04-10T16:15:54","slug":"jet-search-for-elementor","status":"publish","type":"product","link":"https:\/\/gpl-love.com\/es\/producto\/jet-search-for-elementor\/","title":{"rendered":"Jet Search For Elementor 3.5.17"},"content":{"rendered":"<h3>Jet Search For Elementor Caracteristicas<\/h3>\n<p>Jet Search for Elementor es un complemento de b\u00fasqueda extremadamente robusto, lo que permite a los usuarios con la capacidad de buscar sin esfuerzo cualquier contenido deseado dentro de su sitio web. Este notable complemento cuenta con una variedad diversa de widgets de b\u00fasqueda personalizables, barras de b\u00fasqueda y dise\u00f1os que se integran perfectamente en cualquier p\u00e1gina o publicaci\u00f3n. En particular, Jet Search ofrece un nivel de flexibilidad inigualable al permitir a los usuarios refinar sus resultados de b\u00fasqueda en funci\u00f3n de categor\u00edas, etiquetas, tipos de publicaciones personalizadas e incluso taxonom\u00edas personalizadas. Para mejorar a\u00fan m\u00e1s la satisfacci\u00f3n del usuario, este complemento se ha optimizado meticulosamente tanto para la velocidad como para el rendimiento, lo que garantiza los resultados de b\u00fasqueda de rayo. Adem\u00e1s, Jet Search se integra perfectamente con una amplia gama de complementos y temas de terceros, solidificando as\u00ed su posici\u00f3n como una soluci\u00f3n incre\u00edblemente vers\u00e1til para sitios web de todo tipo. En resumen, la indispensabilidad de la b\u00fasqueda de chorro de Elementor no puede ser exagerada, ya que personifica el epitoma de una experiencia de b\u00fasqueda perfecta para los usuarios.<\/p>\n<ul>\n<li>Funcionalidad de b\u00fasqueda potente y eficiente para su sitio web de elementor<\/li>\n<li>Integraci\u00f3n f\u00e1cil con su creador de p\u00e1ginas Elementer<\/li>\n<li>Dise\u00f1o de barra de b\u00fasqueda personalizable para que coincida con la est\u00e9tica de su sitio web<\/li>\n<li>Opciones de b\u00fasqueda m\u00faltiples que incluyen palabras clave, categor\u00eda y filtrado de etiquetas<\/li>\n<li>Resultados de b\u00fasqueda de rayo con tecnolog\u00eda con AJAX<\/li>\n<li>P\u00e1gina de resultados de b\u00fasqueda f\u00e1cil de usar con opciones de organizaci\u00f3n y clasificaci\u00f3n claras<\/li>\n<li>Configuraci\u00f3n flexible para personalizar el comportamiento de b\u00fasqueda y excluir ciertas p\u00e1ginas o publicaciones<\/li>\n<li>Compatible con complementos populares de terceros como WooCommerce y ACF<\/li>\n<li>Soporte de expertos y actualizaciones regulares para un rendimiento y funcionalidad \u00f3ptimos.<\/li>\n<\/ul>\n","protected":false},"excerpt":{"rendered":"<p>Jet Search for Elementor es un complemento de b\u00fasqueda altamente sofisticado que ofrece a los usuarios una experiencia de b\u00fasqueda mejorada en los sitios web que se han desarrollado usando Elementor. Este notable complemento permite a los usuarios navegar y explorar sin esfuerzo varios tipos de contenido, como publicaciones, p\u00e1ginas, tipos de publicaciones personalizadas y productos de WooCommerce, gracias a sus filtros robustos y su funcionalidad de b\u00fasqueda en vivo. Con las incre\u00edbles capacidades de la b\u00fasqueda en chorro, los usuarios tienen la capacidad de adaptar sus resultados de b\u00fasqueda utilizando plantillas predefinidas o incluso creando sus propias plantillas personalizadas que se combinan sin problemas con el dise\u00f1o general de su sitio web. Adem\u00e1s, este complemento excepcional tambi\u00e9n incorpora sugerencias de b\u00fasqueda, animaciones de b\u00fasqueda autom\u00e1tica y de b\u00fasqueda que se pueden personalizar completamente para aumentar a\u00fan m\u00e1s la experiencia general del usuario. En esencia, Jet Search For Elementor es una herramienta indispensable para sitios web con el objetivo de mejorar sus capacidades de b\u00fasqueda y la facilidad de uso general.<\/p>\n","protected":false},"featured_media":166508,"comment_status":"open","ping_status":"open","template":"","meta":[],"product_brand":[2480],"product_cat":[1214,1206,1211],"product_tag":[2276],"class_list":{"0":"post-121044","1":"product","2":"type-product","3":"status-publish","4":"has-post-thumbnail","6":"product_brand-crocoblock","7":"product_cat-personalizacion","8":"product_cat-plugins","9":"product_cat-wordpress-plugins","10":"product_tag-crocoblock","11":"member-discount","12":"discount-restricted","14":"first","15":"instock","16":"sale","17":"downloadable","18":"virtual","19":"sold-individually","20":"purchasable","21":"product-type-simple"},"_links":{"self":[{"href":"https:\/\/gpl-love.com\/es\/wp-json\/wp\/v2\/product\/121044","targetHints":{"allow":["GET"]}}],"collection":[{"href":"https:\/\/gpl-love.com\/es\/wp-json\/wp\/v2\/product"}],"about":[{"href":"https:\/\/gpl-love.com\/es\/wp-json\/wp\/v2\/types\/product"}],"replies":[{"embeddable":true,"href":"https:\/\/gpl-love.com\/es\/wp-json\/wp\/v2\/comments?post=121044"}],"wp:featuredmedia":[{"embeddable":true,"href":"https:\/\/gpl-love.com\/es\/wp-json\/wp\/v2\/media\/166508"}],"wp:attachment":[{"href":"https:\/\/gpl-love.com\/es\/wp-json\/wp\/v2\/media?parent=121044"}],"wp:term":[{"taxonomy":"product_brand","embeddable":true,"href":"https:\/\/gpl-love.com\/es\/wp-json\/wp\/v2\/product_brand?post=121044"},{"taxonomy":"product_cat","embeddable":true,"href":"https:\/\/gpl-love.com\/es\/wp-json\/wp\/v2\/product_cat?post=121044"},{"taxonomy":"product_tag","embeddable":true,"href":"https:\/\/gpl-love.com\/es\/wp-json\/wp\/v2\/product_tag?post=121044"}],"curies":[{"name":"wp","href":"https:\/\/api.w.org\/{rel}","templated":true}]}}