{"id":121042,"date":"2025-03-20T00:00:00","date_gmt":"2025-03-20T05:00:00","guid":{"rendered":"https:\/\/gpl-love.com\/es\/producto\/jet-reviews-for-elementor\/"},"modified":"2026-03-09T07:44:27","modified_gmt":"2026-03-09T12:44:27","slug":"jet-reviews-for-elementor","status":"publish","type":"product","link":"https:\/\/gpl-love.com\/es\/producto\/jet-reviews-for-elementor\/","title":{"rendered":"Jet Reviews For Elementor 3.0.0"},"content":{"rendered":"<h3>Jet Reviews For Elementor Caracteristicas<\/h3>\n<p>Jet Reviews para Elementor es un complemento extremadamente potente que le brinda la capacidad de exhibir comentarios de los clientes en su sitio web de manera notablemente profesional y visualmente cautivadora. Este complemento ofrece una amplia gama de widgets personalizables que le permiten integrar sin problemas revisiones y calificaciones en sus p\u00e1ginas web utilizando el inmensamente popular Elementor Page Builder. Adem\u00e1s, este complemento le otorga una mir\u00edada de opciones y dise\u00f1os de visualizaci\u00f3n, dot\u00e1ndole con completa autonom\u00eda sobre la est\u00e9tica y el ambiente de su secci\u00f3n de revisiones. Adem\u00e1s, abarca funcionalidades avanzadas como el filtrado y la clasificaci\u00f3n, facilitando as\u00ed a los usuarios para descubrir sin esfuerzo la informaci\u00f3n pertinente que buscan. En general, Jet Reviews for Elementor se destaca como una herramienta absolutamente indispensable para cualquier negocio que anhele cultivar la confianza entre los posibles clientes y aumentar las tasas de conversi\u00f3n.<\/p>\n<ul>\n<li>Un poderoso complemento para el constructor de p\u00e1ginas Elementor que optimiza el proceso de agregar revisiones a su sitio web<\/li>\n<li>Utiliza una interfaz f\u00e1cil de usar y plantillas personalizables para facilitar la exhibici\u00f3n de revisiones de clientes y clientes.<\/li>\n<li>Se integra a la perfecci\u00f3n con otros complementos de chorro para obtener a\u00fan m\u00e1s funcionalidad<\/li>\n<li>Cuenta con opciones de filtrado avanzado y muestra revisiones de una manera visualmente atractiva y atractiva<\/li>\n<li>Incorporar f\u00e1cilmente su propio estilo de marca y est\u00e9tica con opciones de color personalizables y m\u00faltiples preajustes de estilo<\/li>\n<li>Compatible con WooCommerce y varios otros complementos populares de WordPress para mayor versatilidad y conveniencia.<\/li>\n<\/ul>\n","protected":false},"excerpt":{"rendered":"<p>Jet Reviews para Elementor es un complemento de WordPress extremadamente robusto, reconocido por sus capacidades excepcionales para integrar las revisiones de productos impresionantes y ampliamente personalizables en sus sitios web. Ofreciendo una amplia gama de elementos personalizables y una variedad impresionante de configuraciones, este complemento le permite a la moda sin esfuerzo, cautivadoras y revisiones notablemente esclarecedoras, lo que aumenta significativamente la credibilidad general de su sitio web e impulsa efectivamente tasas de conversi\u00f3n m\u00e1s altas. No importa si se dedica a la venta de productos, servicios o cualquier otra forma de ofertas en l\u00ednea, ya que Jet Reviews para Elementor sirve como la suplementaci\u00f3n definitiva que sin duda elevar\u00e1 su sitio web a alturas de \u00e9xito sin precedentes.<\/p>\n","protected":false},"featured_media":166507,"comment_status":"open","ping_status":"open","template":"","meta":[],"product_brand":[2480],"product_cat":[1214,1206,1211],"product_tag":[2276],"class_list":{"0":"post-121042","1":"product","2":"type-product","3":"status-publish","4":"has-post-thumbnail","6":"product_brand-crocoblock","7":"product_cat-personalizacion","8":"product_cat-plugins","9":"product_cat-wordpress-plugins","10":"product_tag-crocoblock","11":"member-discount","12":"discount-restricted","14":"first","15":"instock","16":"sale","17":"downloadable","18":"virtual","19":"sold-individually","20":"purchasable","21":"product-type-simple"},"_links":{"self":[{"href":"https:\/\/gpl-love.com\/es\/wp-json\/wp\/v2\/product\/121042","targetHints":{"allow":["GET"]}}],"collection":[{"href":"https:\/\/gpl-love.com\/es\/wp-json\/wp\/v2\/product"}],"about":[{"href":"https:\/\/gpl-love.com\/es\/wp-json\/wp\/v2\/types\/product"}],"replies":[{"embeddable":true,"href":"https:\/\/gpl-love.com\/es\/wp-json\/wp\/v2\/comments?post=121042"}],"wp:featuredmedia":[{"embeddable":true,"href":"https:\/\/gpl-love.com\/es\/wp-json\/wp\/v2\/media\/166507"}],"wp:attachment":[{"href":"https:\/\/gpl-love.com\/es\/wp-json\/wp\/v2\/media?parent=121042"}],"wp:term":[{"taxonomy":"product_brand","embeddable":true,"href":"https:\/\/gpl-love.com\/es\/wp-json\/wp\/v2\/product_brand?post=121042"},{"taxonomy":"product_cat","embeddable":true,"href":"https:\/\/gpl-love.com\/es\/wp-json\/wp\/v2\/product_cat?post=121042"},{"taxonomy":"product_tag","embeddable":true,"href":"https:\/\/gpl-love.com\/es\/wp-json\/wp\/v2\/product_tag?post=121042"}],"curies":[{"name":"wp","href":"https:\/\/api.w.org\/{rel}","templated":true}]}}