{"id":121040,"date":"2026-03-02T00:00:00","date_gmt":"2026-03-02T05:00:00","guid":{"rendered":"https:\/\/gpl-love.com\/es\/producto\/jet-product-gallery-for-elementor\/"},"modified":"2026-03-09T07:44:26","modified_gmt":"2026-03-09T12:44:26","slug":"jet-product-gallery-for-elementor","status":"publish","type":"product","link":"https:\/\/gpl-love.com\/es\/producto\/jet-product-gallery-for-elementor\/","title":{"rendered":"Jet Product Gallery For Elementor 2.2.6"},"content":{"rendered":"<h3>Jet Product Gallery For Elementor Caracteristicas<\/h3>\n<p>La galer\u00eda de productos Jet para Elementor, una herramienta notablemente potente, ofrece a sus usuarios la oportunidad de galer\u00edas de productos de moda para sus respectivos sitios web. Con una variedad de opciones de personalizaci\u00f3n, las personas pueden exhibir sin esfuerzo su mercanc\u00eda de manera est\u00e9ticamente agradable. Este complemento, caracterizado por su naturaleza f\u00e1cil de usar y su compatibilidad perfecta con Elementor, surge como una selecci\u00f3n ideal para aquellos que buscan una mejora de su emporio digital. Independientemente de si los productos en cuesti\u00f3n son bienes tangibles, contenido digital descargable o servicios, la galer\u00eda de productos de jet para Elementor sirve como instrumento por excelencia para destacar las ofertas de uno y atraer a una clientela m\u00e1s grande. Al adoptar un dise\u00f1o receptivo, estas galer\u00edas de productos exudan un encanto innegable en cualquier dispositivo dado, asegurando as\u00ed que los clientes navegen y obtengan sus art\u00edculos deseados con la m\u00e1xima conveniencia.<\/p>\n<ul>\n<li>Mostrar f\u00e1cilmente impresionantes galer\u00edas de productos en cualquier sitio web construido con Elementor<\/li>\n<li>No es necesario codificar: simplemente instale el complemento y personalice su galer\u00eda con la interfaz intuitiva de arrastrar y soltar de Elementer<\/li>\n<li>Elija entre una variedad de plantillas preconstruidas o dise\u00f1e su propio dise\u00f1o personalizado<\/li>\n<li>Cree galer\u00edas con productos ilimitados e incluya informaci\u00f3n detallada como precios, descripciones y m\u00e1s<\/li>\n<li>El dise\u00f1o altamente receptivo garantiza que su galer\u00eda se vea genial en todos los dispositivos, desde escritorios hasta dispositivos m\u00f3viles<\/li>\n<li>Optimizado para tiempos de carga r\u00e1pidos, asegurando que sus visitantes no tengan que esperar a que se carguen sus productos<\/li>\n<li>Compatible con WooCommerce, Shopify y muchas otras plataformas de comercio electr\u00f3nico para una f\u00e1cil integraci\u00f3n<\/li>\n<li>Incluye caracter\u00edsticas avanzadas como la funcionalidad de la caja de luz, los efectos de desplazamiento y m\u00e1s para que sus galer\u00edas se destaquen<\/li>\n<li>Actualizaciones peri\u00f3dicas y soporte dedicado Aseg\u00farese de que su galer\u00eda permanezca actualizada y funcione sin problemas<\/li>\n<\/ul>\n","protected":false},"excerpt":{"rendered":"<p>La galer\u00eda de productos Jet para Elementor es una herramienta incre\u00edblemente robusta y eficiente que ha sido meticulosamente elaborada con la intenci\u00f3n expl\u00edcita de ayudarlo a presentar sus productos de una manera impresionante y cautivadora. Completamente f\u00e1cil de usar y con una variedad de caracter\u00edsticas avanzadas, este complemento en particular le permite fabricar galer\u00edas de productos impresionantes y receptivas de la m\u00e1xima calidad, cautivando y absorbiendo a su audiencia sin esfuerzo. Se le otorga la capacidad de seleccionar entre un espectro diverso de estilos de galer\u00eda, que abarca la red, el carrusel y los dise\u00f1os de mamposter\u00eda, adem\u00e1s de poder personalizar libremente una variedad de elementos de dise\u00f1o, como colores, tipograf\u00eda y m\u00e1s, alinearse sin costura. con su identidad de marca. La galer\u00eda de productos de jet para Elementor es indudablemente su puerta de entrada al crecimiento exponencial, impulsando su tienda en l\u00ednea a alturas previamente inalcanzables.<\/p>\n","protected":false},"featured_media":166506,"comment_status":"open","ping_status":"open","template":"","meta":[],"product_brand":[2480],"product_cat":[1214,1206,1211],"product_tag":[2276],"class_list":{"0":"post-121040","1":"product","2":"type-product","3":"status-publish","4":"has-post-thumbnail","6":"product_brand-crocoblock","7":"product_cat-personalizacion","8":"product_cat-plugins","9":"product_cat-wordpress-plugins","10":"product_tag-crocoblock","11":"member-discount","12":"discount-restricted","14":"first","15":"instock","16":"sale","17":"downloadable","18":"virtual","19":"sold-individually","20":"purchasable","21":"product-type-simple"},"_links":{"self":[{"href":"https:\/\/gpl-love.com\/es\/wp-json\/wp\/v2\/product\/121040","targetHints":{"allow":["GET"]}}],"collection":[{"href":"https:\/\/gpl-love.com\/es\/wp-json\/wp\/v2\/product"}],"about":[{"href":"https:\/\/gpl-love.com\/es\/wp-json\/wp\/v2\/types\/product"}],"replies":[{"embeddable":true,"href":"https:\/\/gpl-love.com\/es\/wp-json\/wp\/v2\/comments?post=121040"}],"wp:featuredmedia":[{"embeddable":true,"href":"https:\/\/gpl-love.com\/es\/wp-json\/wp\/v2\/media\/166506"}],"wp:attachment":[{"href":"https:\/\/gpl-love.com\/es\/wp-json\/wp\/v2\/media?parent=121040"}],"wp:term":[{"taxonomy":"product_brand","embeddable":true,"href":"https:\/\/gpl-love.com\/es\/wp-json\/wp\/v2\/product_brand?post=121040"},{"taxonomy":"product_cat","embeddable":true,"href":"https:\/\/gpl-love.com\/es\/wp-json\/wp\/v2\/product_cat?post=121040"},{"taxonomy":"product_tag","embeddable":true,"href":"https:\/\/gpl-love.com\/es\/wp-json\/wp\/v2\/product_tag?post=121040"}],"curies":[{"name":"wp","href":"https:\/\/api.w.org\/{rel}","templated":true}]}}