{"id":121038,"date":"2026-02-18T00:00:00","date_gmt":"2026-02-18T05:00:00","guid":{"rendered":"https:\/\/gpl-love.com\/es\/producto\/jet-popup-for-elementor\/"},"modified":"2026-04-06T17:15:36","modified_gmt":"2026-04-06T22:15:36","slug":"jet-popup-for-elementor","status":"publish","type":"product","link":"https:\/\/gpl-love.com\/es\/producto\/jet-popup-for-elementor\/","title":{"rendered":"Jet Popup For Elementor 2.1.0"},"content":{"rendered":"<h3>Jet Popup For Elementor Caracteristicas<\/h3>\n<p>Jet Popup para Elementor es un complemento incre\u00edblemente robusto que le otorga la capacidad de fabricar ventanas emergentes visualmente cautivadoras para su sitio web con alimentaci\u00f3n de elementos. Equipado con una interfaz intuitiva y una variedad de caracter\u00edsticas personalizables, este complemento le capacita a las ventanas emergentes de moda que se adaptan de manera \u00fanica a su marca, en \u00faltima instancia, cautivan la atenci\u00f3n de sus estimados visitantes. Ya sea que su objetivo es anunciar un producto novedoso, extender un descuento tentador o obtener direcciones de correo electr\u00f3nico, Jet PopUp para Elementor lo equipa con las herramientas necesarias para fabricar ventanas emergentes altamente efectivas. Adem\u00e1s, este complemento excepcional cuenta con una extensa variedad de opciones de activaci\u00f3n, que abarca la intenci\u00f3n de clic, desplazamiento y salida, asegurando que sus ventanas emergentes se muestren precisamente en el momento oportuno. Al aprovechar las capacidades incomparables de la ventana emergente de jet, puede elevar su sitio web de Elementer a alturas sin precedentes entregando ventanas emergentes impresionantes que involucran activamente a sus visitantes e impulsan las conversiones.<\/p>\n<ul>\n<li>Permite a los usuarios crear f\u00e1cilmente ventanas emergentes personalizables en sus sitios web de elementor<\/li>\n<li>Compatible con todos los widgets de elementor y funciona con cualquier tema de WordPress<\/li>\n<li>Ofrece varias opciones de dise\u00f1o que incluyen diferentes tama\u00f1os, formas y colores de fondo<\/li>\n<li>Incluye una variedad de desencadenantes, como retraso de tiempo, porcentaje de desplazamiento y movimiento del rat\u00f3n<\/li>\n<li>Proporciona opciones emergentes espec\u00edficas para p\u00e1ginas o usuarios espec\u00edficos seg\u00fan el comportamiento y la ubicaci\u00f3n<\/li>\n<li>Admite pruebas A\/B para analizar la efectividad de los diferentes dise\u00f1os emergentes y desencadenantes<\/li>\n<li>F\u00e1cil de usar y configurar con una interfaz f\u00e1cil de usar y plantillas predise\u00f1adas<\/li>\n<li>Proporciona an\u00e1lisis e informes detallados sobre el rendimiento emergente y las tasas de conversi\u00f3n<\/li>\n<li>El dise\u00f1o receptivo garantiza que las ventanas emergentes funcionen sin problemas en todos los dispositivos, incluido el m\u00f3vil<\/li>\n<li>Ofrece caracter\u00edsticas avanzadas para usuarios el\u00e9ctricos como CSS personalizadas y opciones de JavaScript.<\/li>\n<\/ul>\n","protected":false},"excerpt":{"rendered":"<p>La ventana emergente de chorro para Elementor es un complemento extremadamente robusto que le presenta la oportunidad de fabricar ventanas emergentes cautivadoras sin esfuerzo para su sitio web a trav\u00e9s de la utilizaci\u00f3n del inmensamente popular Elementor PageLer. Mediante la ventana emergente de chorro, posee la capacidad de construir r\u00e1pidamente y sin esfuerzo una variedad de ventanas emergentes, que abarca formularios de opci\u00f3n, anuncios, promociones y innumerables otras posibilidades, todo sin requerir ning\u00fan dominio de la codificaci\u00f3n. El complemento suministra una extensa gama de plantillas y alternativas de estilo, lo que le permite personalizar sus ventanas emergentes para alinearse impecablemente con la est\u00e9tica visual de su sitio web. Adem\u00e1s, se le brinda la libertad de seleccionar entre una variedad de desencadenantes emergentes y reglamentos de visualizaci\u00f3n para garantizar que sus ventanas emergentes surjan en momentos oportunos y en ubicaciones sobresalientes. Con la ayuda de la ventana emergente de jet para Elementor, el aumento de las tasas de conversi\u00f3n de su sitio web y la participaci\u00f3n de sus visitantes se llevar\u00e1n a alturas sin precedentes.<\/p>\n","protected":false},"featured_media":166505,"comment_status":"open","ping_status":"open","template":"","meta":[],"product_brand":[2480],"product_cat":[1232,1206,1211],"product_tag":[2276],"class_list":{"0":"post-121038","1":"product","2":"type-product","3":"status-publish","4":"has-post-thumbnail","6":"product_brand-crocoblock","7":"product_cat-marketing-wordpress-plugins","8":"product_cat-plugins","9":"product_cat-wordpress-plugins","10":"product_tag-crocoblock","11":"member-discount","12":"discount-restricted","14":"first","15":"instock","16":"sale","17":"downloadable","18":"virtual","19":"sold-individually","20":"purchasable","21":"product-type-simple"},"_links":{"self":[{"href":"https:\/\/gpl-love.com\/es\/wp-json\/wp\/v2\/product\/121038","targetHints":{"allow":["GET"]}}],"collection":[{"href":"https:\/\/gpl-love.com\/es\/wp-json\/wp\/v2\/product"}],"about":[{"href":"https:\/\/gpl-love.com\/es\/wp-json\/wp\/v2\/types\/product"}],"replies":[{"embeddable":true,"href":"https:\/\/gpl-love.com\/es\/wp-json\/wp\/v2\/comments?post=121038"}],"wp:featuredmedia":[{"embeddable":true,"href":"https:\/\/gpl-love.com\/es\/wp-json\/wp\/v2\/media\/166505"}],"wp:attachment":[{"href":"https:\/\/gpl-love.com\/es\/wp-json\/wp\/v2\/media?parent=121038"}],"wp:term":[{"taxonomy":"product_brand","embeddable":true,"href":"https:\/\/gpl-love.com\/es\/wp-json\/wp\/v2\/product_brand?post=121038"},{"taxonomy":"product_cat","embeddable":true,"href":"https:\/\/gpl-love.com\/es\/wp-json\/wp\/v2\/product_cat?post=121038"},{"taxonomy":"product_tag","embeddable":true,"href":"https:\/\/gpl-love.com\/es\/wp-json\/wp\/v2\/product_tag?post=121038"}],"curies":[{"name":"wp","href":"https:\/\/api.w.org\/{rel}","templated":true}]}}