{"id":121036,"date":"2025-11-10T00:00:00","date_gmt":"2025-11-10T05:00:00","guid":{"rendered":"https:\/\/gpl-love.com\/es\/producto\/jet-menu-for-elementor\/"},"modified":"2026-03-09T07:44:24","modified_gmt":"2026-03-09T12:44:24","slug":"jet-menu-for-elementor","status":"publish","type":"product","link":"https:\/\/gpl-love.com\/es\/producto\/jet-menu-for-elementor\/","title":{"rendered":"Jet Menu For Elementor 2.4.17"},"content":{"rendered":"<h3>Jet Menu For Elementor Caracteristicas<\/h3>\n<p>Jet Menu para Elementor es una herramienta inmensamente poderosa que le otorga la capacidad de dise\u00f1ar men\u00fas a medida para su sitio web. Este complemento le permite idear y dise\u00f1ar sin esfuerzo sus men\u00fas, incorporando innumerables efectos y animaciones para elevar su atractivo visual. No importa si desea un men\u00fa desplegable modesto o un men\u00fa de mega grandioso, para el men\u00fa de chorro abarca todas las caracter\u00edsticas necesarias para construir un sistema de navegaci\u00f3n impecable para su sitio web. Armado con una interfaz intuitiva y atributos f\u00e1ciles de usar, puede obtener men\u00fas exquisitos de manera expedita y sin esfuerzo que mejorar\u00e1 la experiencia del usuario, otorgando un aura de profesionalismo y refinamiento en su sitio web. En esencia, Jet Menu para Elementor es un activo indispensable que no debe pasarse por alto a ning\u00fan dise\u00f1ador o desarrollador de sitios web que anhele elaborar men\u00fas de primer nivel que cautivar\u00e1n a sus visitantes y fomentar\u00e1n su compromiso continuo.<\/p>\n<ul>\n<li>Constructor de men\u00fa altamente personalizable para sitios web de WordPress alimentados por Elementor<\/li>\n<li>Dise\u00f1e y cree men\u00fas hermosos sin necesidad de habilidades de codificaci\u00f3n<\/li>\n<li>M\u00faltiples tipos de men\u00fa disponibles, incluidos los men\u00fas verticales, horizontales, deslizantes y mega<\/li>\n<li>Amplia gama de opciones de estilo, que incluyen fuentes, colores, iconos, animaciones y m\u00e1s<\/li>\n<li>Establecer diferentes elementos de men\u00fa Visibilidad seg\u00fan el rol de usuario, el tipo de dispositivo y la ubicaci\u00f3n<\/li>\n<li>Se integra a la perfecci\u00f3n con las plantillas y widgets de Elementor Pro<\/li>\n<li>Totalmente receptivo y amigable para los dispositivos m\u00f3viles, asegurando que su men\u00fa se vea muy bien en todos los tama\u00f1os de pantalla<\/li>\n<li>Cuenta con opciones avanzadas como CSS personalizados, carga AJAX y elementos de men\u00fa din\u00e1mico<\/li>\n<li>Actualizado y compatible regularmente, asegurando la compatibilidad con las \u00faltimas versiones de WordPress y Elementor<\/li>\n<li>Pago \u00fanico con actualizaciones de por vida y uso ilimitado del sitio web.<\/li>\n<\/ul>\n","protected":false},"excerpt":{"rendered":"<p>Jet Menu para Elementor es un complemento incre\u00edblemente potente que ha sido meticulosamente elaborado para mejorar en gran medida el men\u00fa de navegaci\u00f3n de su sitio web. Ofrece una interfaz de arrastre y ca\u00edda notablemente f\u00e1cil de usar, lo que le permite a men\u00fas personalizados de manera sin esfuerzo que muestran contenido din\u00e1mico, como im\u00e1genes cautivadoras, iconos atractivos y widgets atractivos. Proporcionando una extensa gama de plantillas y animaciones predise\u00f1adas para elegir, este complemento garantiza que el proceso de dise\u00f1ar un men\u00fa asombroso y de aspecto profesional para su sitio web se convierta en una brisa absoluta. Adem\u00e1s, lo que establece el men\u00fa Jet para Elementor aparte es su capacidad de respuesta completa, lo que garantiza que su men\u00fa irradiar\u00e1 la excelencia y aparecer\u00e1 exquisitamente en varios dispositivos, ya sea computadoras, tabletas o dispositivos m\u00f3viles de escritorio. Independientemente de si se est\u00e1 embarcando en un nuevo viaje de creaci\u00f3n de sitios web o simplemente con el objetivo de revitalizar su sistema de navegaci\u00f3n existente, el men\u00fa de chorro con todo incluido para Elementer inequ\u00edvocamente emerge como la soluci\u00f3n perfecta para todas sus necesidades.<\/p>\n","protected":false},"featured_media":166504,"comment_status":"open","ping_status":"open","template":"","meta":[],"product_brand":[2480],"product_cat":[1214,1206,1211],"product_tag":[2276],"class_list":{"0":"post-121036","1":"product","2":"type-product","3":"status-publish","4":"has-post-thumbnail","6":"product_brand-crocoblock","7":"product_cat-personalizacion","8":"product_cat-plugins","9":"product_cat-wordpress-plugins","10":"product_tag-crocoblock","11":"member-discount","12":"discount-restricted","14":"first","15":"instock","16":"sale","17":"downloadable","18":"virtual","19":"sold-individually","20":"purchasable","21":"product-type-simple"},"_links":{"self":[{"href":"https:\/\/gpl-love.com\/es\/wp-json\/wp\/v2\/product\/121036","targetHints":{"allow":["GET"]}}],"collection":[{"href":"https:\/\/gpl-love.com\/es\/wp-json\/wp\/v2\/product"}],"about":[{"href":"https:\/\/gpl-love.com\/es\/wp-json\/wp\/v2\/types\/product"}],"replies":[{"embeddable":true,"href":"https:\/\/gpl-love.com\/es\/wp-json\/wp\/v2\/comments?post=121036"}],"wp:featuredmedia":[{"embeddable":true,"href":"https:\/\/gpl-love.com\/es\/wp-json\/wp\/v2\/media\/166504"}],"wp:attachment":[{"href":"https:\/\/gpl-love.com\/es\/wp-json\/wp\/v2\/media?parent=121036"}],"wp:term":[{"taxonomy":"product_brand","embeddable":true,"href":"https:\/\/gpl-love.com\/es\/wp-json\/wp\/v2\/product_brand?post=121036"},{"taxonomy":"product_cat","embeddable":true,"href":"https:\/\/gpl-love.com\/es\/wp-json\/wp\/v2\/product_cat?post=121036"},{"taxonomy":"product_tag","embeddable":true,"href":"https:\/\/gpl-love.com\/es\/wp-json\/wp\/v2\/product_tag?post=121036"}],"curies":[{"name":"wp","href":"https:\/\/api.w.org\/{rel}","templated":true}]}}