{"id":121034,"date":"2026-04-08T00:00:00","date_gmt":"2026-04-08T05:00:00","guid":{"rendered":"https:\/\/gpl-love.com\/es\/producto\/jet-engine-for-elementor\/"},"modified":"2026-04-08T17:15:42","modified_gmt":"2026-04-08T22:15:42","slug":"jet-engine-for-elementor","status":"publish","type":"product","link":"https:\/\/gpl-love.com\/es\/producto\/jet-engine-for-elementor\/","title":{"rendered":"Jet Engine For Elementor 3.8.8"},"content":{"rendered":"<h3>Jet Engine For Elementor Caracteristicas<\/h3>\n<p>Jet Engine for Elementor es un complemento incre\u00edblemente robusto que amplifica significativamente la funcionalidad del inmensamente popular Elementor Page Builder. Este complemento proporciona a los usuarios una extensa variedad de caracter\u00edsticas que abarcan datos din\u00e1micos, tipos de publicaciones personalizados y campos personalizados, todos los cuales pueden emplearse sin problemas para construir sitios web altamente personalizados con la mayor facilidad y eficiencia. Al aprovechar el inmenso poder del motor a reacci\u00f3n, las personas pueden fabricar formas de b\u00fasqueda avanzadas sin esfuerzo, integrar sin problemas los campos de productos de WooCommerce personalizados e incluso idear plantillas de publicaci\u00f3n a medida, imbuyendo as\u00ed su contenido digital con un AURA notablemente distintivo y cautivador. Adem\u00e1s, este complemento tambi\u00e9n cuenta con un constructor de formularios altamente intuitivo, otorgando a los usuarios la capacidad de elaborar formularios altamente personalizados meticulosamente, capaces de servir a fines m\u00faltiples, incluidos, entre otros, los registros del bolet\u00edn, formularios de contacto y mucho m\u00e1s. En esencia, Jet Engine for Elementor asume un papel indispensable como un instrumento invaluable para cualquiera que se esfuerce por elevar sinceramente su dise\u00f1o y funcionalidad de su sitio web a alturas de excelencia y sofisticaci\u00f3n sin precedentes.<\/p>\n<ul>\n<li>Permite a los usuarios de elementos dise\u00f1ar y personalizar las secciones y p\u00e1ginas relacionadas con el motor<\/li>\n<li>Viene con una biblioteca de plantillas y widgets predise\u00f1ados para la construcci\u00f3n de p\u00e1gina f\u00e1cil y r\u00e1pida<\/li>\n<li>Interfaz intuitiva de arrastrar y soltar para un dise\u00f1o sin problemas<\/li>\n<li>Totalmente receptivo y listo para la retina, asegurando que los dise\u00f1os se vean muy bien en cualquier dispositivo<\/li>\n<li>Compatible con la mayor\u00eda de los principales complementos y temas de WordPress<\/li>\n<li>Proporciona opciones de personalizaci\u00f3n avanzada, lo que permite a los usuarios ajustar varios elementos y configuraciones de dise\u00f1o<\/li>\n<li>Ahorra tiempo y esfuerzo, eliminando la necesidad de codificar el conocimiento o la experiencia t\u00e9cnica<\/li>\n<li>Proporciona un rendimiento confiable y seguro, asegurando que los dise\u00f1os se cargan de manera r\u00e1pida y sin problemas<\/li>\n<li>Actualizado regularmente con nuevas caracter\u00edsticas y mejoras basadas en comentarios y solicitudes de los usuarios<\/li>\n<li>Viene con soporte y recursos dedicados para que los usuarios aprovechen al m\u00e1ximo el complemento.<\/li>\n<\/ul>\n","protected":false},"excerpt":{"rendered":"<p>El dise\u00f1o de sitios web din\u00e1micos e interactivos se ha vuelto significativamente m\u00e1s conveniente con el advenimiento del complemento de motor de entrada para el elemento. Este complemento excepcionalmente robusto cuenta con una interfaz extremadamente f\u00e1cil de usar y una extensa colecci\u00f3n de widgets, lo que permite a los usuarios construir sin esfuerzo las p\u00e1ginas de aterrizaje, carteras y tiendas en l\u00ednea sin esfuerzo en unos minutos. Independientemente de si posee habilidades de desarrollo novato o avanzada, el motor de entrada de entrada sirve inequ\u00edvocamente como instrumento por excelencia para aumentar sus competencias de dise\u00f1o a alturas sin precedentes.<\/p>\n","protected":false},"featured_media":166503,"comment_status":"open","ping_status":"open","template":"","meta":[],"product_brand":[2480],"product_cat":[1214,1206,1211],"product_tag":[2276],"class_list":{"0":"post-121034","1":"product","2":"type-product","3":"status-publish","4":"has-post-thumbnail","6":"product_brand-crocoblock","7":"product_cat-personalizacion","8":"product_cat-plugins","9":"product_cat-wordpress-plugins","10":"product_tag-crocoblock","11":"member-discount","12":"discount-restricted","14":"first","15":"instock","16":"sale","17":"downloadable","18":"virtual","19":"sold-individually","20":"purchasable","21":"product-type-simple"},"_links":{"self":[{"href":"https:\/\/gpl-love.com\/es\/wp-json\/wp\/v2\/product\/121034","targetHints":{"allow":["GET"]}}],"collection":[{"href":"https:\/\/gpl-love.com\/es\/wp-json\/wp\/v2\/product"}],"about":[{"href":"https:\/\/gpl-love.com\/es\/wp-json\/wp\/v2\/types\/product"}],"replies":[{"embeddable":true,"href":"https:\/\/gpl-love.com\/es\/wp-json\/wp\/v2\/comments?post=121034"}],"wp:featuredmedia":[{"embeddable":true,"href":"https:\/\/gpl-love.com\/es\/wp-json\/wp\/v2\/media\/166503"}],"wp:attachment":[{"href":"https:\/\/gpl-love.com\/es\/wp-json\/wp\/v2\/media?parent=121034"}],"wp:term":[{"taxonomy":"product_brand","embeddable":true,"href":"https:\/\/gpl-love.com\/es\/wp-json\/wp\/v2\/product_brand?post=121034"},{"taxonomy":"product_cat","embeddable":true,"href":"https:\/\/gpl-love.com\/es\/wp-json\/wp\/v2\/product_cat?post=121034"},{"taxonomy":"product_tag","embeddable":true,"href":"https:\/\/gpl-love.com\/es\/wp-json\/wp\/v2\/product_tag?post=121034"}],"curies":[{"name":"wp","href":"https:\/\/api.w.org\/{rel}","templated":true}]}}