{"id":121032,"date":"2026-03-03T00:00:00","date_gmt":"2026-03-03T05:00:00","guid":{"rendered":"https:\/\/gpl-love.com\/es\/producto\/jet-elements-for-elementor\/"},"modified":"2026-03-09T07:44:20","modified_gmt":"2026-03-09T12:44:20","slug":"jet-elements-for-elementor","status":"publish","type":"product","link":"https:\/\/gpl-love.com\/es\/producto\/jet-elements-for-elementor\/","title":{"rendered":"Jet Elements For Elementor 2.8.1.1"},"content":{"rendered":"<h3>Jet Elements For Elementor Caracteristicas<\/h3>\n<p>Jet Elements para Elementor es un complemento excepcionalmente robusto que mejora significativamente las capacidades de Elementor, el constructor de sitios web inmensamente popular. Al incorporar elementos de chorro en su sitio web, obtiene la capacidad de integrar perfectamente una extensa gama de widgets y m\u00f3dulos personalizados, que abarcan gr\u00e1ficos avanzados, tablas de precios, temporizadores de cuenta regresiva y varios otros elementos din\u00e1micos. Adem\u00e1s, este notable complemento proporciona una mir\u00edada de plantillas y dise\u00f1os predise\u00f1ados que facilitan un inicio r\u00e1pido del proceso de creaci\u00f3n de su sitio web. Ya sea que est\u00e9 construyendo un sitio web para uso personal o atendiendo las necesidades de sus clientes, Jet Elements sirve como un recurso invaluable que acelera su flujo de trabajo y le permite elaborar un sitio web extraordinariamente pulido y refinado. Al encarnar una interfaz intuitiva y con una amplia gama de caracter\u00edsticas, los elementos de chorro indudablemente representan una herramienta indispensable para cualquier desarrollador o dise\u00f1ador web que se basa en Elementor para sus proyectos.<\/p>\n<ul>\n<li>Acceso a una biblioteca masiva de widgets, bloques y plantillas de elementos<\/li>\n<li>Extensas opciones de flexibilidad de dise\u00f1o y personalizaci\u00f3n para cada elemento<\/li>\n<li>F\u00e1cil integraci\u00f3n con Elementor y otros constructores de p\u00e1ginas populares<\/li>\n<li>Flujo de trabajo eficiente y simplificado para crear p\u00e1ginas web impresionantes<\/li>\n<li>Actualizaciones regulares y lanzamientos de nuevos elementos para mantener sus dise\u00f1os frescos y actualizados<\/li>\n<li>Dise\u00f1o receptivo y amigable para dispositivos m\u00f3viles, asegurando que su sitio web se vea muy bien en cualquier dispositivo<\/li>\n<li>Equipo de soporte dedicado disponible para ayudar con cualquier pregunta o problema<\/li>\n<li>Compatibilidad perfecta con WordPress, lo que facilita la incorporaci\u00f3n en su sitio web existente<\/li>\n<li>Interfaz f\u00e1cil de usar, adecuada para principiantes y usuarios avanzados<\/li>\n<li>Actualizaciones y licencia de por vida, proporcionando valor y confiabilidad a largo plazo.<\/li>\n<\/ul>\n","protected":false},"excerpt":{"rendered":"<p>Jet Elements para Elementor es un complemento muy vers\u00e1til e incre\u00edblemente robusto que integra perfectamente una extensa variedad de m\u00f3dulos en su creador de p\u00e1ginas Elementer. Ofreciendo un repertorio impresionante de m\u00e1s de 40 widgets y plantillas preconstruidos, Jet Elements le permite dise\u00f1ar dise\u00f1os a medida a medida sin esfuerzo que se alineen perfectamente con su visi\u00f3n creativa. Este complemento excepcional cuenta con una variedad de elementos que satisfacen sus diversas necesidades, lo que le permite incorporar a la perfecci\u00f3n, mapas, reproductores de audio, tablas de precios y una gran cantidad de otras funcionalidades en su sitio web. Con su marco meticulosamente dise\u00f1ado, Jet Elements sirve para amplificar y aumentar significativamente su experiencia de elemento, dot\u00e1ndole con un nivel de flexibilidad y opciones de personalizaci\u00f3n sin precedentes que aseguran que su sitio web se destaque entre la multitud. Ya sea que sea su interfaz de arrastrar y soltar de manera intuitivamente f\u00e1cil de usar o su amplio conjunto de funciones de vanguardia, los elementos de chorro innegablemente reinan supremo como el mejor complemento para los usuarios de elementos que aspiran a crear p\u00e1ginas web excepcionales con facilidad incomparable y de feedent\u00eda .<\/p>\n","protected":false},"featured_media":166502,"comment_status":"open","ping_status":"open","template":"","meta":[],"product_brand":[2480],"product_cat":[1214,1206,1211],"product_tag":[2276],"class_list":{"0":"post-121032","1":"product","2":"type-product","3":"status-publish","4":"has-post-thumbnail","6":"product_brand-crocoblock","7":"product_cat-personalizacion","8":"product_cat-plugins","9":"product_cat-wordpress-plugins","10":"product_tag-crocoblock","11":"member-discount","12":"discount-restricted","14":"first","15":"instock","16":"sale","17":"downloadable","18":"virtual","19":"sold-individually","20":"purchasable","21":"product-type-simple"},"_links":{"self":[{"href":"https:\/\/gpl-love.com\/es\/wp-json\/wp\/v2\/product\/121032","targetHints":{"allow":["GET"]}}],"collection":[{"href":"https:\/\/gpl-love.com\/es\/wp-json\/wp\/v2\/product"}],"about":[{"href":"https:\/\/gpl-love.com\/es\/wp-json\/wp\/v2\/types\/product"}],"replies":[{"embeddable":true,"href":"https:\/\/gpl-love.com\/es\/wp-json\/wp\/v2\/comments?post=121032"}],"wp:featuredmedia":[{"embeddable":true,"href":"https:\/\/gpl-love.com\/es\/wp-json\/wp\/v2\/media\/166502"}],"wp:attachment":[{"href":"https:\/\/gpl-love.com\/es\/wp-json\/wp\/v2\/media?parent=121032"}],"wp:term":[{"taxonomy":"product_brand","embeddable":true,"href":"https:\/\/gpl-love.com\/es\/wp-json\/wp\/v2\/product_brand?post=121032"},{"taxonomy":"product_cat","embeddable":true,"href":"https:\/\/gpl-love.com\/es\/wp-json\/wp\/v2\/product_cat?post=121032"},{"taxonomy":"product_tag","embeddable":true,"href":"https:\/\/gpl-love.com\/es\/wp-json\/wp\/v2\/product_tag?post=121032"}],"curies":[{"name":"wp","href":"https:\/\/api.w.org\/{rel}","templated":true}]}}