{"id":121030,"date":"2026-04-08T00:00:00","date_gmt":"2026-04-08T05:00:00","guid":{"rendered":"https:\/\/gpl-love.com\/es\/producto\/jet-compare-wishlist-for-elementor\/"},"modified":"2026-04-08T17:15:41","modified_gmt":"2026-04-08T22:15:41","slug":"jet-compare-wishlist-for-elementor","status":"publish","type":"product","link":"https:\/\/gpl-love.com\/es\/producto\/jet-compare-wishlist-for-elementor\/","title":{"rendered":"Jet Compare Wishlist For Elementor 1.5.12.3"},"content":{"rendered":"<h3>Jet Compare Wishlist For Elementor Caracteristicas<\/h3>\n<p>Jet Compare Wishlist para Elementor es una herramienta notablemente robusta que amplifica la funcionalidad de su sitio web, que se basa en Elementor, al otorgarle la capacidad de incorporar la lista de deseos y comparar opciones con sus p\u00e1ginas que muestran sus productos. Al implementar este complemento, su clientela puede crear sin esfuerzo y administrar efectivamente sus propias listas de deseos, as\u00ed como comparar diversos productos uno al lado del otro. Esta valiosa funcionalidad facilita profundamente su capacidad para lograr decisiones de compra bien informadas. El complemento en s\u00ed va acompa\u00f1ado de una interfaz que es f\u00e1cil de usar e intuitiva, lo que se integra armoniosamente con su sitio web. Adem\u00e1s, es altamente personalizable, lo que le brinda una amplia gama de opciones para adaptar la lista de deseos y comparar las caracter\u00edsticas para armonizar con la est\u00e9tica de su marca \u00fanica. Sin lugar a dudas, Jet Compare Wishlist para Elementor es una herramienta indispensable para cualquier sitio web de comercio electr\u00f3nico que aspira a aumentar la participaci\u00f3n del cliente y aumentar de manera concomitante las ventas.<\/p>\n<ul>\n<li>Simplifica el proceso de crear listas de deseos para su tienda en l\u00ednea con Elementor.<\/li>\n<li>Permite a sus clientes comparar productos y tomar decisiones informadas mientras compra.<\/li>\n<li>Se integra a la perfecci\u00f3n con su configuraci\u00f3n de Elementor existente, sin la necesidad de ninguna codificaci\u00f3n.<\/li>\n<li>Proporciona una gama de opciones de personalizaci\u00f3n, que incluyen dise\u00f1o, informaci\u00f3n del producto y estilo.<\/li>\n<li>Aelacas el viaje de compra, ayudando a aumentar las conversiones y reducir las tasas de abandono del carrito.<\/li>\n<li>Ofrece an\u00e1lisis e ideas integrales, lo que le permite rastrear la actividad del usuario y optimizar su tienda para obtener mejores resultados.<\/li>\n<li>Actualizado continuamente con nuevas caracter\u00edsticas y mejoras, garantizando el soporte continuo y las mejoras de rendimiento.<\/li>\n<li>Le permite proporcionar una experiencia de compra superior que distingue a su tienda de la competencia.<\/li>\n<li>Adecuado para cualquier tienda en l\u00ednea que use Elementor, independientemente de su tama\u00f1o, nicho o ubicaci\u00f3n.<\/li>\n<li>Viene con documentaci\u00f3n integral y atenci\u00f3n al cliente, asegurando una instalaci\u00f3n y configuraci\u00f3n sin problemas y sin problemas.<\/li>\n<\/ul>\n","protected":false},"excerpt":{"rendered":"<p>Jet Compare Wishlist para Elementor es una herramienta excepcional que est\u00e1 dise\u00f1ada espec\u00edficamente con el fin de crear listas de deseos altamente personalizadas en su sitio web. Esta notable herramienta ofrece a sus estimados clientes la comodidad y facilidad de poder comparar sin esfuerzo varios productos y agregarlos sin problemas a su propia lista de deseos individualizada con solo unos pocos clics. Gracias a su interfaz notablemente f\u00e1cil de usar e intuitiva, Jet Compare Wishlist puede proporcionar a sus valiosos clientes una experiencia incre\u00edblemente perfecta y agradable a medida que navegan a trav\u00e9s de su amplia gama de productos de alta calidad y guardan cuidadosamente sus art\u00edculos preferidos. Independientemente de si opera una tienda en l\u00ednea o una empresa basada en servicios, las incre\u00edbles caracter\u00edsticas y funcionalidades de Jet Compare Wishlist est\u00e1n garantizadas para mejorar significativamente la participaci\u00f3n del cliente y aumentar sustancialmente las ventas, lo que permite que su apreciada clientela disfrute de una compra incre\u00edblemente satisfactoria y satisfactoria experiencia. Por lo tanto, lo recomendamos encarecidamente que aproveche esta notable oportunidad y se embarque en el viaje de crear listas de deseos de comparaci\u00f3n impresionantes de comparaci\u00f3n hoy.<\/p>\n","protected":false},"featured_media":166501,"comment_status":"open","ping_status":"open","template":"","meta":[],"product_brand":[2480],"product_cat":[1207,1248,1206],"product_tag":[2276],"class_list":{"0":"post-121030","1":"product","2":"type-product","3":"status-publish","4":"has-post-thumbnail","6":"product_brand-crocoblock","7":"product_cat-comercio-electronico-plugins","8":"product_cat-personalizacion-comercio-electronico-plugins","9":"product_cat-plugins","10":"product_tag-crocoblock","11":"member-discount","12":"discount-restricted","14":"first","15":"instock","16":"sale","17":"downloadable","18":"virtual","19":"sold-individually","20":"purchasable","21":"product-type-simple"},"_links":{"self":[{"href":"https:\/\/gpl-love.com\/es\/wp-json\/wp\/v2\/product\/121030","targetHints":{"allow":["GET"]}}],"collection":[{"href":"https:\/\/gpl-love.com\/es\/wp-json\/wp\/v2\/product"}],"about":[{"href":"https:\/\/gpl-love.com\/es\/wp-json\/wp\/v2\/types\/product"}],"replies":[{"embeddable":true,"href":"https:\/\/gpl-love.com\/es\/wp-json\/wp\/v2\/comments?post=121030"}],"wp:featuredmedia":[{"embeddable":true,"href":"https:\/\/gpl-love.com\/es\/wp-json\/wp\/v2\/media\/166501"}],"wp:attachment":[{"href":"https:\/\/gpl-love.com\/es\/wp-json\/wp\/v2\/media?parent=121030"}],"wp:term":[{"taxonomy":"product_brand","embeddable":true,"href":"https:\/\/gpl-love.com\/es\/wp-json\/wp\/v2\/product_brand?post=121030"},{"taxonomy":"product_cat","embeddable":true,"href":"https:\/\/gpl-love.com\/es\/wp-json\/wp\/v2\/product_cat?post=121030"},{"taxonomy":"product_tag","embeddable":true,"href":"https:\/\/gpl-love.com\/es\/wp-json\/wp\/v2\/product_tag?post=121030"}],"curies":[{"name":"wp","href":"https:\/\/api.w.org\/{rel}","templated":true}]}}