{"id":121028,"date":"2026-04-08T00:00:00","date_gmt":"2026-04-08T05:00:00","guid":{"rendered":"https:\/\/gpl-love.com\/es\/producto\/jet-booking-for-elementor\/"},"modified":"2026-04-08T17:15:40","modified_gmt":"2026-04-08T22:15:40","slug":"jet-booking-for-elementor","status":"publish","type":"product","link":"https:\/\/gpl-love.com\/es\/producto\/jet-booking-for-elementor\/","title":{"rendered":"Jet Booking For Elementor 4.0.4.1"},"content":{"rendered":"<h3>Jet Booking For Elementor Caracteristicas<\/h3>\n<p>La reserva de jet para Elementor, un complemento robusto y f\u00e1cil de usar, permite a los propietarios de sitios web la capacidad de crear, administrar y exhibir los formularios y calendarios de reserva sin esfuerzo en sus sitios web. Adoptar una interfaz altamente intuitiva y una extensa gama de opciones de personalizaci\u00f3n, la reserva de jet para Elementor simplifica la configuraci\u00f3n de formularios de reserva para diversos servicios, desde alojamientos y eventos de hotel hasta citas y alquileres. Adem\u00e1s, este complemento se integra perfectamente con las pasarelas de pago populares y tiene la capacidad de enviar notificaciones por correo electr\u00f3nico tanto a los clientes como a los administradores. Adem\u00e1s, la reserva de jet para el dise\u00f1o receptivo de Elementor garantiza que sus formularios de reserva conserven su atractivo visual en todos los dispositivos. Independientemente de si usted es un propietario de una peque\u00f1a empresa o un profesional independiente, la reserva de jet para Elementor representa la mejor soluci\u00f3n para racionalizar su proceso de reserva y aumentar su presencia en l\u00ednea.<\/p>\n<ul>\n<li>Agregue sin esfuerzo un sistema de reserva de jet a su sitio web de elementor con nuestro complemento f\u00e1cil de usar<\/li>\n<li>Widgets y plantillas personalizables que se integran perfectamente con el dise\u00f1o de su sitio web<\/li>\n<li>Obtenga acceso a una variedad de opciones de reserva que incluyen aviones privados, helic\u00f3pteros y aviones con grandes capacidades de asientos<\/li>\n<li>Los par\u00e1metros de b\u00fasqueda configurables le permiten ajustar el proceso de reserva para satisfacer las necesidades de sus usuarios<\/li>\n<li>El sistema de gesti\u00f3n de reservas intuitivas le permite realizar un seguimiento de las reservas, aceptar pagos y garantizar experiencias sin problemas del cliente<\/li>\n<li>Proceso de instalaci\u00f3n r\u00e1pido y f\u00e1cil sin necesidad de conocimientos de codificaci\u00f3n<\/li>\n<li>No hay l\u00edmite para la cantidad de reservas o usuarios, lo que lo convierte en la soluci\u00f3n perfecta para empresas de todos los tama\u00f1os<\/li>\n<li>Disfrute de la tranquilidad con nuestro equipo de apoyo dedicado que siempre est\u00e1 disponible para responder cualquier pregunta o brindar asistencia.<\/li>\n<\/ul>\n","protected":false},"excerpt":{"rendered":"<p>La reserva de jet para Elementor es un complemento muy robusto y eficiente que le otorga la capacidad de generar y supervisar los formularios de reserva directamente en su sitio web. Por su propia naturaleza, este complemento est\u00e1 equipado con una interfaz intuitiva de arrastrar y soltar, lo que le permite a adaptar los formularios de reserva de acuerdo con las necesidades espec\u00edficas de su negocio. Adem\u00e1s, este complemento cuenta con una amplia gama de caracter\u00edsticas sofisticadas, que abarcan vistas al calendario, pasarelas de pago y notificaciones por correo electr\u00f3nico, todas las cuales sirven para acelerar y simplificar su proceso de reserva. No importa si est\u00e1 operando un hotel, un restaurante o cualquier empresa orientada a servicios, ya que la reserva de jet para Elementor se presenta como la soluci\u00f3n definitiva, garantizando la racionalizaci\u00f3n de sus procedimientos de reserva y la elevaci\u00f3n concurrente de los niveles de satisfacci\u00f3n del cliente.<\/p>\n","protected":false},"featured_media":166500,"comment_status":"open","ping_status":"open","template":"","meta":[],"product_brand":[2480],"product_cat":[1214,1206,1211],"product_tag":[2276],"class_list":{"0":"post-121028","1":"product","2":"type-product","3":"status-publish","4":"has-post-thumbnail","6":"product_brand-crocoblock","7":"product_cat-personalizacion","8":"product_cat-plugins","9":"product_cat-wordpress-plugins","10":"product_tag-crocoblock","11":"member-discount","12":"discount-restricted","14":"first","15":"instock","16":"sale","17":"downloadable","18":"virtual","19":"sold-individually","20":"purchasable","21":"product-type-simple"},"_links":{"self":[{"href":"https:\/\/gpl-love.com\/es\/wp-json\/wp\/v2\/product\/121028","targetHints":{"allow":["GET"]}}],"collection":[{"href":"https:\/\/gpl-love.com\/es\/wp-json\/wp\/v2\/product"}],"about":[{"href":"https:\/\/gpl-love.com\/es\/wp-json\/wp\/v2\/types\/product"}],"replies":[{"embeddable":true,"href":"https:\/\/gpl-love.com\/es\/wp-json\/wp\/v2\/comments?post=121028"}],"wp:featuredmedia":[{"embeddable":true,"href":"https:\/\/gpl-love.com\/es\/wp-json\/wp\/v2\/media\/166500"}],"wp:attachment":[{"href":"https:\/\/gpl-love.com\/es\/wp-json\/wp\/v2\/media?parent=121028"}],"wp:term":[{"taxonomy":"product_brand","embeddable":true,"href":"https:\/\/gpl-love.com\/es\/wp-json\/wp\/v2\/product_brand?post=121028"},{"taxonomy":"product_cat","embeddable":true,"href":"https:\/\/gpl-love.com\/es\/wp-json\/wp\/v2\/product_cat?post=121028"},{"taxonomy":"product_tag","embeddable":true,"href":"https:\/\/gpl-love.com\/es\/wp-json\/wp\/v2\/product_tag?post=121028"}],"curies":[{"name":"wp","href":"https:\/\/api.w.org\/{rel}","templated":true}]}}