{"id":121026,"date":"2026-01-10T00:00:00","date_gmt":"2026-01-10T05:00:00","guid":{"rendered":"https:\/\/gpl-love.com\/es\/producto\/jet-blog-best-blog-plugin-para-elementor\/"},"modified":"2026-03-09T07:44:15","modified_gmt":"2026-03-09T12:44:15","slug":"jet-blog-best-blog-plugin-para-elementor","status":"publish","type":"product","link":"https:\/\/gpl-love.com\/es\/producto\/jet-blog-best-blog-plugin-para-elementor\/","title":{"rendered":"Jet Blog Best Blog Plugin para Elementor 2.4.8"},"content":{"rendered":"<h3>Jet Blog Best Blog Plugin para Elementor Caracteristicas<\/h3>\n<p>Jet Blog es un complemento de blog muy recomendado que est\u00e1 espec\u00edficamente dise\u00f1ado para usuarios de Elementor que buscan una herramienta notable y efectiva para construir p\u00e1ginas de blogs visualmente cautivadoras y altamente funcionales. Este complemento incre\u00edblemente vers\u00e1til proporciona una amplia gama de opciones de widgets, otorgando as\u00ed a los bloggers la libertad de personalizar sus p\u00e1ginas de acuerdo con sus propias preferencias y especificaciones \u00fanicas. Adem\u00e1s, este complemento cuenta con un sistema de dise\u00f1o inteligente de vanguardia que garantiza la m\u00e1xima capacidad de respuesta de las p\u00e1ginas de blog, asegurando que parezcan perfectamente en cualquier tipo de dispositivo o tama\u00f1o de pantalla. Adem\u00e1s, los usuarios de Jet Blog tambi\u00e9n pueden cosechar los beneficios de sus opciones de estilo avanzado, que abarcan una variedad de tipograf\u00eda y configuraciones de color personalizables, lo que permite una integraci\u00f3n y armon\u00eda perfecta con cualquier est\u00e9tica deseada. Al utilizar el blog de chorro, los bloggers pueden crear sin esfuerzo p\u00e1ginas de blogs cautivadoras y atractivas que aprovechen efectivamente la atenci\u00f3n de su audiencia y mantengan su participaci\u00f3n activa a lo largo de su experiencia en l\u00ednea.<\/p>\n<ul>\n<li>Maximice el potencial de su blog con el complemento del blog de jet para Elementor<\/li>\n<li>Disfrute de caracter\u00edsticas ricas como m\u00faltiples dise\u00f1os postales, filtros inteligentes y poderosos widgets<\/li>\n<li>Cree blogs impresionantes y din\u00e1micos con facilidad utilizando una interfaz de arrastrar y soltar<\/li>\n<li>Obtenga acceso a una variedad de plantillas predise\u00f1adas para acelerar su flujo de trabajo<\/li>\n<li>Optimice su blog para SEO con marcado de esquema incorporado y metadatos personalizables<\/li>\n<li>Mantenga a los lectores comprometidos con publicaciones relacionadas y opciones de intercambio de redes sociales<\/li>\n<li>Personaliza todos los aspectos de tu blog, desde el tama\u00f1o de fuente hasta el esquema de color<\/li>\n<li>Obtenga soporte y actualizaciones r\u00e1pidas y confiables del equipo detr\u00e1s del complemento<\/li>\n<li>Aumente la credibilidad y el valor de su sitio web con un blog de aspecto profesional<\/li>\n<\/ul>\n","protected":false},"excerpt":{"rendered":"<p>Jet Blog, que se considera ampliamente como el complemento de blog de primer nivel para Elementor, se destaca debido a su gama integral de widgets robustos y herramientas f\u00e1ciles de usar que permiten a los usuarios crear publicaciones de blog din\u00e1micas y receptivas sin esfuerzo. Al emplear el blog de chorro, las personas est\u00e1n facultadas para generar sin esfuerzo tipos de publicaciones personalizadas, mostrar sin esfuerzo su contenido en formatos pulidos y est\u00e9ticamente agradables, as\u00ed como aprovechar funcionalidades avanzadas como el filtrado posterior, la paginaci\u00f3n y una variedad de otras caracter\u00edsticas de recorte. Independientemente de si uno es un blogger experimentado o un novato que se embarca en su viaje de blogs, el blog de jet emerge como la soluci\u00f3n ideal para curar una experiencia de blog profesional y cautivadora dentro del marco Elementor.<\/p>\n","protected":false},"featured_media":166499,"comment_status":"open","ping_status":"open","template":"","meta":[],"product_brand":[2480],"product_cat":[1214,1206,1211],"product_tag":[2276],"class_list":{"0":"post-121026","1":"product","2":"type-product","3":"status-publish","4":"has-post-thumbnail","6":"product_brand-crocoblock","7":"product_cat-personalizacion","8":"product_cat-plugins","9":"product_cat-wordpress-plugins","10":"product_tag-crocoblock","11":"member-discount","12":"discount-restricted","14":"first","15":"instock","16":"sale","17":"downloadable","18":"virtual","19":"sold-individually","20":"purchasable","21":"product-type-simple"},"_links":{"self":[{"href":"https:\/\/gpl-love.com\/es\/wp-json\/wp\/v2\/product\/121026","targetHints":{"allow":["GET"]}}],"collection":[{"href":"https:\/\/gpl-love.com\/es\/wp-json\/wp\/v2\/product"}],"about":[{"href":"https:\/\/gpl-love.com\/es\/wp-json\/wp\/v2\/types\/product"}],"replies":[{"embeddable":true,"href":"https:\/\/gpl-love.com\/es\/wp-json\/wp\/v2\/comments?post=121026"}],"wp:featuredmedia":[{"embeddable":true,"href":"https:\/\/gpl-love.com\/es\/wp-json\/wp\/v2\/media\/166499"}],"wp:attachment":[{"href":"https:\/\/gpl-love.com\/es\/wp-json\/wp\/v2\/media?parent=121026"}],"wp:term":[{"taxonomy":"product_brand","embeddable":true,"href":"https:\/\/gpl-love.com\/es\/wp-json\/wp\/v2\/product_brand?post=121026"},{"taxonomy":"product_cat","embeddable":true,"href":"https:\/\/gpl-love.com\/es\/wp-json\/wp\/v2\/product_cat?post=121026"},{"taxonomy":"product_tag","embeddable":true,"href":"https:\/\/gpl-love.com\/es\/wp-json\/wp\/v2\/product_tag?post=121026"}],"curies":[{"name":"wp","href":"https:\/\/api.w.org\/{rel}","templated":true}]}}