{"id":121024,"date":"2026-04-10T00:00:00","date_gmt":"2026-04-10T05:00:00","guid":{"rendered":"https:\/\/gpl-love.com\/es\/producto\/jet-blocks-for-elementor\/"},"modified":"2026-04-10T11:15:53","modified_gmt":"2026-04-10T16:15:53","slug":"jet-blocks-for-elementor","status":"publish","type":"product","link":"https:\/\/gpl-love.com\/es\/producto\/jet-blocks-for-elementor\/","title":{"rendered":"Jet Blocks For Elementor 1.4.0.1"},"content":{"rendered":"<h3>Jet Blocks For Elementor Caracteristicas<\/h3>\n<p>Jet Blocks para Elementor es un complemento inmensamente poderoso que proporciona una variedad extensa de bloques predise\u00f1ados para su creador de p\u00e1ginas de Elementer, que le otorga un nivel incomparable de libertad creativa. Al aprovechar las incre\u00edbles capacidades de los bloques de jet, puede dise\u00f1ar sin esfuerzo encabezados, pies y secciones inspiradoras para sus p\u00e1ginas web. Independientemente de si anhela incorporar elementos atractivos como una barra de b\u00fasqueda, \u00edconos de redes sociales o un formulario de contacto en su sitio web, Jet Blocks es sin duda la soluci\u00f3n definitiva. Este complemento excepcional atiende a las necesidades de los novatos y los expertos, ya que les otorga una amplia gama de opciones personalizables para garantizar que su sitio web exude la individualidad y el car\u00e1cter distintivo. Adem\u00e1s, navegar a trav\u00e9s de Jet Blocks es un esfuerzo sin esfuerzo, y su integraci\u00f3n perfecta con su constructor de p\u00e1ginas Elemoror facilita la creaci\u00f3n de sitios web de aspecto profesional en un abrir y cerrar de ojos.<\/p>\n<ul>\n<li>Crea sin esfuerzo p\u00e1ginas y dise\u00f1os din\u00e1micos con bloques de chorro para elementor<\/li>\n<li>Elija entre una variedad de bloques prefabricados, incluidos encabezados, pies de p\u00e1gina, testimonios y m\u00e1s, para agregar f\u00e1cilmente a su p\u00e1gina o publicar<\/li>\n<li>Personalice cada bloque con el potente editor visual de arrastre y drogado de elementos<\/li>\n<li>Gesti\u00f3n de contenido m\u00e1s f\u00e1cil con opciones de dise\u00f1o f\u00e1cil de usar para cada bloque<\/li>\n<li>Acceda a una vasta biblioteca de bloques y los personalice para satisfacer sus necesidades y est\u00e9tica de la marca<\/li>\n<li>Ahorre tiempo de dise\u00f1o valioso con plantillas y dise\u00f1os prefabricados que est\u00e1n optimizados para diferentes tipos de p\u00e1ginas y publicaciones<\/li>\n<li>Integrar perfectamente con los complementos de chorro existentes y los complementos de elementos para mejorar la funcionalidad y desbloquear nuevas posibilidades de dise\u00f1o<\/li>\n<li>Bloques receptivos que se adaptan y se ajustan a diferentes tama\u00f1os y dispositivos de pantalla<\/li>\n<li>Aproveche los tiempos de carga de rayo y el rendimiento mejorado del sitio web que vienen con dise\u00f1o de bloques de chorro optimizado<\/li>\n<li>Disfrute de actualizaciones y soporte regulares de los equipos de complementos de elementos y jet.<\/li>\n<\/ul>\n","protected":false},"excerpt":{"rendered":"<p>Jet Blocks es un complemento incre\u00edblemente potente para Elementor que mejora significativamente las capacidades de su kit de herramientas de su constructor de p\u00e1ginas al incorporar una amplia gama de bloques inmensamente valiosos y ajustables. Estos bloques abarcan una selecci\u00f3n de amplio alcance, que incluye encabezados, pies de p\u00e1gina, testimonios, mesas de precios y formularios de contacto, lo que lo equipa con una variedad integral a una moda sin esfuerzo visualmente llamativa y p\u00e1ginas web altamente profesionales. La interfaz de arrastrar y soltar excepcionalmente f\u00e1cil de usar y abundantes opciones para el dise\u00f1o y el estilo ofrecidos por los bloques de chorro hacen que la creaci\u00f3n de dise\u00f1os intrincados y cautivadores sea un proceso perfecto, sin necesidad de codificar la destreza. Ya sea que sea un dise\u00f1ador web experimentado, un vendedor astuto o un astuto propietario de un negocio, Jet Blocks asegura que se le otorgue la funcionalidad y adaptabilidad necesarias para impulsar sus proyectos web a alturas de \u00e9xito sin precedentes.<\/p>\n","protected":false},"featured_media":166498,"comment_status":"open","ping_status":"open","template":"","meta":[],"product_brand":[2480],"product_cat":[1214,1206,1211],"product_tag":[2276],"class_list":{"0":"post-121024","1":"product","2":"type-product","3":"status-publish","4":"has-post-thumbnail","6":"product_brand-crocoblock","7":"product_cat-personalizacion","8":"product_cat-plugins","9":"product_cat-wordpress-plugins","10":"product_tag-crocoblock","11":"member-discount","12":"discount-restricted","14":"first","15":"instock","16":"sale","17":"downloadable","18":"virtual","19":"sold-individually","20":"purchasable","21":"product-type-simple"},"_links":{"self":[{"href":"https:\/\/gpl-love.com\/es\/wp-json\/wp\/v2\/product\/121024","targetHints":{"allow":["GET"]}}],"collection":[{"href":"https:\/\/gpl-love.com\/es\/wp-json\/wp\/v2\/product"}],"about":[{"href":"https:\/\/gpl-love.com\/es\/wp-json\/wp\/v2\/types\/product"}],"replies":[{"embeddable":true,"href":"https:\/\/gpl-love.com\/es\/wp-json\/wp\/v2\/comments?post=121024"}],"wp:featuredmedia":[{"embeddable":true,"href":"https:\/\/gpl-love.com\/es\/wp-json\/wp\/v2\/media\/166498"}],"wp:attachment":[{"href":"https:\/\/gpl-love.com\/es\/wp-json\/wp\/v2\/media?parent=121024"}],"wp:term":[{"taxonomy":"product_brand","embeddable":true,"href":"https:\/\/gpl-love.com\/es\/wp-json\/wp\/v2\/product_brand?post=121024"},{"taxonomy":"product_cat","embeddable":true,"href":"https:\/\/gpl-love.com\/es\/wp-json\/wp\/v2\/product_cat?post=121024"},{"taxonomy":"product_tag","embeddable":true,"href":"https:\/\/gpl-love.com\/es\/wp-json\/wp\/v2\/product_tag?post=121024"}],"curies":[{"name":"wp","href":"https:\/\/api.w.org\/{rel}","templated":true}]}}