{"id":121022,"date":"2026-05-01T00:00:00","date_gmt":"2026-05-01T05:00:00","guid":{"rendered":"https:\/\/gpl-love.com\/es\/producto\/instagram-feed-pro\/"},"modified":"2026-05-01T11:15:52","modified_gmt":"2026-05-01T16:15:52","slug":"instagram-feed-pro","status":"publish","type":"product","link":"https:\/\/gpl-love.com\/es\/producto\/instagram-feed-pro\/","title":{"rendered":"Custom Instagram Feeds Pro 6.10.2"},"content":{"rendered":"<h3>Custom Instagram Feeds Pro Caracteristicas<\/h3>\n<p>Instagram Feeds Pro personalizado, una herramienta incre\u00edblemente robusta y formidable, otorga a los usuarios la extraordinaria capacidad de mostrar sin esfuerzo sus alimentos de Instagram en sus sitios web. Su amplia gama de opciones de personalizaci\u00f3n d\u00eda a los usuarios la capacidad de modelar los alimentos que son realmente \u00fanicos y visualmente cautivadores, se combinan armoniosamente con la est\u00e9tica general de dise\u00f1o de sus sitios web. Dentro del \u00e1mbito de Instagram Feeds Pro personalizados, los usuarios tienen el lujo de seleccionar de una multitud de opciones de dise\u00f1o, personalizando convenientemente el esquema de color y la tipograf\u00eda para adaptarse a sus preferencias, e incluso tener el poder de curar selectivamente postes o hashtags espec\u00edficos si se desea. Esta herramienta incomparable es un cambio de juego absoluto para las empresas, los bloggers y las personas que anhelan integrar sin problemas su contenido de Instagram en su presencia en l\u00ednea. La gran facilidad de uso, la notable flexibilidad y los resultados impresionantes entregados por Instagram Feeds Pro personalizados est\u00e1n destinados a elevar cualquier sitio web a niveles de excelencia y distinci\u00f3n sin precedentes.<\/p>\n<ul>\n<li>Cree feeds de Instagram hermosos y altamente personalizables para su sitio web o aplicaci\u00f3n.<\/li>\n<li>Integre f\u00e1cilmente su contenido de Instagram en cualquier plataforma con nuestras extensas API y herramientas de desarrollador.<\/li>\n<li>Opciones de dise\u00f1o personalizables le permiten hacer coincidir su feed con su marca y est\u00e9tica del sitio web<\/li>\n<li>Las opciones de filtrado avanzadas le permiten seleccionar el contenido que aparece en su feed en funci\u00f3n de hashtags, cuentas de usuario y m\u00e1s<\/li>\n<li>Mostrar publicaciones individuales o alimentos completos y personalizar el n\u00famero de publicaciones que se muestran<\/li>\n<li>El dise\u00f1o receptivo asegura que su feed de Instagram se vea muy bien en cualquier dispositivo o tama\u00f1o de pantalla<\/li>\n<li>Integraci\u00f3n perfecta con plataformas CMS populares como WordPress y Drupal, as\u00ed como plataformas de comercio electr\u00f3nico como Shopify<\/li>\n<li>Obtenga actualizaciones en tiempo real y apoyo en vivo de nuestro equipo de expertos para garantizar que su feed de Instagram est\u00e9 siempre actualizado y funcione sin problemas<\/li>\n<\/ul>\n","protected":false},"excerpt":{"rendered":"<p>Custom Instagram Feeds Pro es una herramienta incre\u00edblemente robusta y altamente efectiva que le capacita a crear feeds de Instagram a medida que se adapten perfectamente a su sitio web o aplicaci\u00f3n. Este complemento excepcional le otorga la oportunidad de exhibir contenido de Instagram desde cualquier cuenta o hashtag de una manera completamente personalizable y personalizada. Al aprovechar una mir\u00edada de opciones que abarcan el dise\u00f1o, el estilo y la exhibici\u00f3n, posee los medios para dise\u00f1ar expertos en una alimentaci\u00f3n de Instagram exquisitamente cautivadora y visual que armoniza sin problemas con la est\u00e9tica \u00fanica de su marca. Independientemente de si aspira a mostrar su propio contenido de Instagram o cura meticulosamente una alimentaci\u00f3n que repleta de contenido generado por el usuario, tenga la seguridad de que Instagram Feeds Pro personalizado contiene una amplia gama de caracter\u00edsticas y recursos indispensables, lo que le permite a una moda extraordinaria y extraordinaria y extraordinaria y extraordinaria y extraordinaria Pantalla de Instagram altamente impactante.<\/p>\n","protected":false},"featured_media":166471,"comment_status":"open","ping_status":"open","template":"","meta":[],"product_brand":[2404],"product_cat":[1232,1206,1211],"product_tag":[1374],"class_list":{"0":"post-121022","1":"product","2":"type-product","3":"status-publish","4":"has-post-thumbnail","6":"product_brand-smashballoon","7":"product_cat-marketing-wordpress-plugins","8":"product_cat-plugins","9":"product_cat-wordpress-plugins","10":"product_tag-smashballoon","11":"member-discount","12":"discount-restricted","14":"first","15":"instock","16":"sale","17":"downloadable","18":"virtual","19":"sold-individually","20":"purchasable","21":"product-type-simple"},"_links":{"self":[{"href":"https:\/\/gpl-love.com\/es\/wp-json\/wp\/v2\/product\/121022","targetHints":{"allow":["GET"]}}],"collection":[{"href":"https:\/\/gpl-love.com\/es\/wp-json\/wp\/v2\/product"}],"about":[{"href":"https:\/\/gpl-love.com\/es\/wp-json\/wp\/v2\/types\/product"}],"replies":[{"embeddable":true,"href":"https:\/\/gpl-love.com\/es\/wp-json\/wp\/v2\/comments?post=121022"}],"wp:featuredmedia":[{"embeddable":true,"href":"https:\/\/gpl-love.com\/es\/wp-json\/wp\/v2\/media\/166471"}],"wp:attachment":[{"href":"https:\/\/gpl-love.com\/es\/wp-json\/wp\/v2\/media?parent=121022"}],"wp:term":[{"taxonomy":"product_brand","embeddable":true,"href":"https:\/\/gpl-love.com\/es\/wp-json\/wp\/v2\/product_brand?post=121022"},{"taxonomy":"product_cat","embeddable":true,"href":"https:\/\/gpl-love.com\/es\/wp-json\/wp\/v2\/product_cat?post=121022"},{"taxonomy":"product_tag","embeddable":true,"href":"https:\/\/gpl-love.com\/es\/wp-json\/wp\/v2\/product_tag?post=121022"}],"curies":[{"name":"wp","href":"https:\/\/api.w.org\/{rel}","templated":true}]}}