{"id":121020,"date":"2025-11-02T00:00:00","date_gmt":"2025-11-02T05:00:00","guid":{"rendered":"https:\/\/gpl-love.com\/es\/producto\/impreza-multipurpose-wordpress-theme\/"},"modified":"2026-03-13T17:22:34","modified_gmt":"2026-03-13T22:22:34","slug":"impreza-multipurpose-wordpress-theme","status":"publish","type":"product","link":"https:\/\/gpl-love.com\/es\/producto\/impreza-multipurpose-wordpress-theme\/","title":{"rendered":"Impreza MultiPurpose WordPress Theme 8.40.1"},"content":{"rendered":"<h3>Impreza MultiPurpose WordPress Theme Caracteristicas<\/h3>\n<p>El tema Impreza MultipUrpose WordPress cuenta con versatilidad y flexibilidad, lo que lo convierte en una soluci\u00f3n ideal para una amplia gama de necesidades del sitio web. Su dise\u00f1o es limpio y moderno, lo que lo hace adecuado para empresas comerciales, agencias creativas y blogs personales por igual. Lo que distingue a este tema es su diversa variedad de demostraciones y plantillas prefabricadas, todas las cuales se pueden personalizar sin esfuerzo para alinearse con su marca o mensajes \u00fanicos. Adem\u00e1s, el tema est\u00e1 equipado con un potente constructor de arrastrar y soltar, que te permite crear sin esfuerzo, las p\u00e1ginas y los dise\u00f1os visualmente cautivadores visualmente. En particular, Impreza prioriza la velocidad y el rendimiento, asegurando un funcionamiento sin problemas y eficientes de su sitio web. Adem\u00e1s, es totalmente receptivo, lo que garantiza un atractivo visual impecable en cualquier dispositivo. A fin de cuentas, el tema de WordPress multiprop\u00f3sito de Impreza es una opci\u00f3n excepcional para aquellos en busca de una soluci\u00f3n de sitio web confiable, personalizable y con profesionales.<\/p>\n<ul>\n<li>Tema de WordPress multiprop\u00f3sito dise\u00f1ado para flexibilidad y versatilidad<\/li>\n<li>Construido utilizando las \u00faltimas tecnolog\u00edas de WordPress<\/li>\n<li>Cuenta con m\u00e1s de 20 variaciones de p\u00e1gina de inicio para elegir<\/li>\n<li>Compatible con complementos populares de WordPress como WooCommerce y el Formulario de contacto 7<\/li>\n<li>Dise\u00f1o totalmente receptivo y dise\u00f1o listo para retina<\/li>\n<li>Viene con m\u00e1s de 100 elementos personalizados de constructor de p\u00e1ginas para una f\u00e1cil personalizaci\u00f3n<\/li>\n<li>Panel de opciones de tema potentes para el control completo sobre su sitio<\/li>\n<li>1 clic en la importaci\u00f3n de demostraci\u00f3n para configurar su sitio r\u00e1pida y f\u00e1cilmente<\/li>\n<li>Traducci\u00f3n lista y admite idiomas RTL<\/li>\n<li>Actualizaciones regulares y atenci\u00f3n al cliente gratuita incluidas.<\/li>\n<\/ul>\n","protected":false},"excerpt":{"rendered":"<p>Transforme su sitio web en una plataforma en l\u00ednea altamente funcional y visualmente atractiva aprovechando el incre\u00edble tema de WordPress de Multipurpose Impreza. Este tema excepcional ha sido meticulosamente elaborado para ofrecer una flexibilidad incomparable, atendiendo a una amplia gama de necesidades y requisitos. Ya sea que sea un emprendedor, blogger o propietario de negocios, este tema es la mejor soluci\u00f3n personalizable para usted. Su extensa colecci\u00f3n de demostraciones predise\u00f1adas, combinadas con un constructor de p\u00e1ginas de arrastre intuitivo y una extensa variedad de opciones para ajustar el dise\u00f1o, la tipograf\u00eda y el esquema de color, le permite moldear sin esfuerzo su sitio web para incorporar su marca. personalidad \u00fanica. Adem\u00e1s, el tema de WordPress multiprop\u00f3sito de Impreza est\u00e1 equipado con un impresionante conjunto de caracter\u00edsticas, que incluye una integraci\u00f3n perfecta con WooCommerce, optimizaci\u00f3n de SEO impecable y capacidad de respuesta perfecta en todos los dispositivos. Al invertir en este notable tema hoy, puede elevar su sitio web a alturas sin precedentes y garantizar una experiencia de usuario impecable para su audiencia.<\/p>\n","protected":false},"featured_media":166461,"comment_status":"open","ping_status":"open","template":"","meta":[],"product_brand":[2337],"product_cat":[1239,1237,1238],"product_tag":[1391],"class_list":{"0":"post-121020","1":"product","2":"type-product","3":"status-publish","4":"has-post-thumbnail","6":"product_brand-themeforest","7":"product_cat-de-multiples-fines","8":"product_cat-temas","9":"product_cat-wordpress-temas","10":"product_tag-themeforest","11":"member-discount","12":"discount-restricted","14":"first","15":"instock","16":"sale","17":"downloadable","18":"virtual","19":"sold-individually","20":"purchasable","21":"product-type-simple"},"_links":{"self":[{"href":"https:\/\/gpl-love.com\/es\/wp-json\/wp\/v2\/product\/121020","targetHints":{"allow":["GET"]}}],"collection":[{"href":"https:\/\/gpl-love.com\/es\/wp-json\/wp\/v2\/product"}],"about":[{"href":"https:\/\/gpl-love.com\/es\/wp-json\/wp\/v2\/types\/product"}],"replies":[{"embeddable":true,"href":"https:\/\/gpl-love.com\/es\/wp-json\/wp\/v2\/comments?post=121020"}],"wp:featuredmedia":[{"embeddable":true,"href":"https:\/\/gpl-love.com\/es\/wp-json\/wp\/v2\/media\/166461"}],"wp:attachment":[{"href":"https:\/\/gpl-love.com\/es\/wp-json\/wp\/v2\/media?parent=121020"}],"wp:term":[{"taxonomy":"product_brand","embeddable":true,"href":"https:\/\/gpl-love.com\/es\/wp-json\/wp\/v2\/product_brand?post=121020"},{"taxonomy":"product_cat","embeddable":true,"href":"https:\/\/gpl-love.com\/es\/wp-json\/wp\/v2\/product_cat?post=121020"},{"taxonomy":"product_tag","embeddable":true,"href":"https:\/\/gpl-love.com\/es\/wp-json\/wp\/v2\/product_tag?post=121020"}],"curies":[{"name":"wp","href":"https:\/\/api.w.org\/{rel}","templated":true}]}}